{"id":178,"date":"2025-12-02T15:04:25","date_gmt":"2025-12-02T14:04:25","guid":{"rendered":"https:\/\/advogada-portuguesa.de\/?page_id=178"},"modified":"2025-12-02T16:14:06","modified_gmt":"2025-12-02T15:14:06","slug":"labor-law","status":"publish","type":"page","link":"https:\/\/www.kanzlei-ferreira.de\/en\/arbeitsrecht\/","title":{"rendered":"Labor law"},"content":{"rendered":"<div data-elementor-type=\"wp-page\" data-elementor-id=\"178\" class=\"elementor elementor-178\" data-elementor-post-type=\"page\">\n\t\t\t\t<div class=\"elementor-element elementor-element-4c51de2e e-flex e-con-boxed e-con e-parent\" data-id=\"4c51de2e\" data-element_type=\"container\">\n\t\t\t\t\t<div class=\"e-con-inner\">\n\t\t\t\t<div class=\"elementor-element elementor-element-f67babb elementor-widget elementor-widget-text-editor\" data-id=\"f67babb\" data-element_type=\"widget\" data-widget_type=\"text-editor.default\">\n\t\t\t\t\t\t\t\t\t<h2 data-start=\"152\" data-end=\"168\"><img decoding=\"async\" class=\"alignnone size-full wp-image-163\" src=\"https:\/\/www.kanzlei-ferreira.de\/wp-content\/uploads\/2025\/12\/arbeitsrecht-icon.png\" alt=\"\" width=\"101\" height=\"93\" \/><\/h2><p data-start=\"169\" data-end=\"478\">Employment law is a dynamic and complex area that regulates the rights and obligations of employees and employers. We offer comprehensive legal advice and representation for both employees and companies - always with the aim of finding fair and legally secure solutions.<\/p><h3 data-start=\"480\" data-end=\"518\">Our services in labor law:<\/h3><ul data-start=\"519\" data-end=\"868\"><li data-start=\"519\" data-end=\"564\"><p data-start=\"521\" data-end=\"564\">Review and drafting of employment contracts<\/p><\/li><li data-start=\"565\" data-end=\"603\"><p data-start=\"567\" data-end=\"603\">Advice on dismissal and severance pay<\/p><\/li><li data-start=\"604\" data-end=\"642\"><p data-start=\"606\" data-end=\"642\">Representation in actions for unfair dismissal<\/p><\/li><li data-start=\"643\" data-end=\"709\"><p data-start=\"645\" data-end=\"709\">Support with bullying, discrimination and labor disputes<\/p><\/li><li data-start=\"710\" data-end=\"756\"><p data-start=\"712\" data-end=\"756\">Enforcement of wage and salary claims<\/p><\/li><li data-start=\"757\" data-end=\"823\"><p data-start=\"759\" data-end=\"823\">Advice on working hours, vacation, parental leave and sick leave<\/p><\/li><li data-start=\"824\" data-end=\"868\"><p data-start=\"826\" data-end=\"868\">Works constitution law and co-determination<\/p><\/li><\/ul><p data-start=\"870\" data-end=\"1108\">We represent your interests with determination - out of court or before the labor courts. Whether conflict resolution, contract drafting or prevention: our law firm is at your side with professional competence, discretion and commitment.<\/p>\t\t\t\t\t\t\t\t<\/div>\n\t\t\t\t\t<\/div>\n\t\t\t\t<\/div>\n\t\t\t\t<\/div>","protected":false},"excerpt":{"rendered":"<p>Das Arbeitsrecht ist ein dynamischer und vielschichtiger Bereich, der die Rechte und Pflichten von Arbeitnehmern und Arbeitgebern regelt. Wir bieten umfassende rechtliche Beratung und Vertretung sowohl f\u00fcr Besch\u00e4ftigte als auch f\u00fcr Unternehmen \u2013 stets mit dem Ziel, faire und rechtssichere L\u00f6sungen zu finden. Unsere Leistungen im Arbeitsrecht: Pr\u00fcfung und Erstellung von Arbeitsvertr\u00e4gen Beratung bei K\u00fcndigung [&hellip;]<\/p>\n","protected":false},"author":1,"featured_media":0,"parent":0,"menu_order":0,"comment_status":"closed","ping_status":"open","template":"","meta":{"footnotes":""},"class_list":["post-178","page","type-page","status-publish","hentry"],"_links":{"self":[{"href":"https:\/\/www.kanzlei-ferreira.de\/en\/wp-json\/wp\/v2\/pages\/178","targetHints":{"allow":["GET"]}}],"collection":[{"href":"https:\/\/www.kanzlei-ferreira.de\/en\/wp-json\/wp\/v2\/pages"}],"about":[{"href":"https:\/\/www.kanzlei-ferreira.de\/en\/wp-json\/wp\/v2\/types\/page"}],"author":[{"embeddable":true,"href":"https:\/\/www.kanzlei-ferreira.de\/en\/wp-json\/wp\/v2\/users\/1"}],"replies":[{"embeddable":true,"href":"https:\/\/www.kanzlei-ferreira.de\/en\/wp-json\/wp\/v2\/comments?post=178"}],"version-history":[{"count":4,"href":"https:\/\/www.kanzlei-ferreira.de\/en\/wp-json\/wp\/v2\/pages\/178\/revisions"}],"predecessor-version":[{"id":208,"href":"https:\/\/www.kanzlei-ferreira.de\/en\/wp-json\/wp\/v2\/pages\/178\/revisions\/208"}],"wp:attachment":[{"href":"https:\/\/www.kanzlei-ferreira.de\/en\/wp-json\/wp\/v2\/media?parent=178"}],"curies":[{"name":"wp","href":"https:\/\/api.w.org\/{rel}","templated":true}]}}