{"id":182,"date":"2025-12-02T15:07:48","date_gmt":"2025-12-02T14:07:48","guid":{"rendered":"https:\/\/advogada-portuguesa.de\/?page_id=182"},"modified":"2025-12-02T16:17:39","modified_gmt":"2025-12-02T15:17:39","slug":"insurance-law","status":"publish","type":"page","link":"https:\/\/www.kanzlei-ferreira.de\/en\/versicherungsrecht\/","title":{"rendered":"Insurance law"},"content":{"rendered":"<div data-elementor-type=\"wp-page\" data-elementor-id=\"182\" class=\"elementor elementor-182\" data-elementor-post-type=\"page\">\n\t\t\t\t<div class=\"elementor-element elementor-element-4c51de2e e-flex e-con-boxed e-con e-parent\" data-id=\"4c51de2e\" data-element_type=\"container\">\n\t\t\t\t\t<div class=\"e-con-inner\">\n\t\t\t\t<div class=\"elementor-element elementor-element-f67babb elementor-widget elementor-widget-text-editor\" data-id=\"f67babb\" data-element_type=\"widget\" data-widget_type=\"text-editor.default\">\n\t\t\t\t\t\t\t\t\t<h2 data-start=\"152\" data-end=\"168\"><img decoding=\"async\" class=\"alignnone size-full wp-image-171\" src=\"https:\/\/www.kanzlei-ferreira.de\/wp-content\/uploads\/2025\/12\/Versicherungsrecht-icon.png\" alt=\"\" width=\"124\" height=\"118\" \/>\u00a0<\/h2><p data-start=\"186\" data-end=\"515\">Insurance law covers the legal relationships between policyholders and insurance companies - from the conclusion of the contract to claims settlement and disputes over benefits. Our law firm offers sound legal support in all areas of private and commercial insurance law.<\/p><h3 data-start=\"517\" data-end=\"561\">Our services in insurance law:<\/h3><ul data-start=\"562\" data-end=\"977\"><li data-start=\"562\" data-end=\"613\"><p data-start=\"564\" data-end=\"613\">Review and drafting of insurance contracts<\/p><\/li><li data-start=\"614\" data-end=\"672\"><p data-start=\"616\" data-end=\"672\">Advice in the event of rejection of benefits by the insurance company<\/p><\/li><li data-start=\"673\" data-end=\"736\"><p data-start=\"675\" data-end=\"736\">Representation in disputes about the amount or cause of damage<\/p><\/li><li data-start=\"737\" data-end=\"809\"><p data-start=\"739\" data-end=\"809\">Support with occupational disability, life or accident insurance<\/p><\/li><li data-start=\"810\" data-end=\"892\"><p data-start=\"812\" data-end=\"892\">Legal support with motor vehicle, household contents, building and liability insurance<\/p><\/li><li data-start=\"893\" data-end=\"942\"><p data-start=\"895\" data-end=\"942\">Assertion of and defense against recourse claims<\/p><\/li><li data-start=\"943\" data-end=\"977\"><p data-start=\"945\" data-end=\"977\">Litigation against insurers<\/p><\/li><\/ul><p data-start=\"979\" data-end=\"1207\">We are determined to defend your claims - with legal expertise, strategic negotiation skills and clear communication. Our aim is always to find a quick, fair and sustainable solution in the interests of our clients.<\/p>\t\t\t\t\t\t\t\t<\/div>\n\t\t\t\t\t<\/div>\n\t\t\t\t<\/div>\n\t\t\t\t<\/div>","protected":false},"excerpt":{"rendered":"<p>\u00a0 Das Versicherungsrecht umfasst die rechtlichen Beziehungen zwischen Versicherungsnehmern und Versicherungsunternehmen \u2013 von Vertragsabschluss \u00fcber Schadensregulierung bis hin zu Leistungsstreitigkeiten. Unsere Kanzlei bietet fundierte rechtliche Unterst\u00fctzung in allen Bereichen des privaten und gewerblichen Versicherungsrechts. Unsere Leistungen im Versicherungsrecht: Pr\u00fcfung und Gestaltung von Versicherungsvertr\u00e4gen Beratung bei Leistungsablehnungen durch die Versicherung Vertretung bei Streitigkeiten \u00fcber Schadensh\u00f6he oder [&hellip;]<\/p>\n","protected":false},"author":1,"featured_media":0,"parent":0,"menu_order":0,"comment_status":"closed","ping_status":"open","template":"","meta":{"footnotes":""},"class_list":["post-182","page","type-page","status-publish","hentry"],"_links":{"self":[{"href":"https:\/\/www.kanzlei-ferreira.de\/en\/wp-json\/wp\/v2\/pages\/182","targetHints":{"allow":["GET"]}}],"collection":[{"href":"https:\/\/www.kanzlei-ferreira.de\/en\/wp-json\/wp\/v2\/pages"}],"about":[{"href":"https:\/\/www.kanzlei-ferreira.de\/en\/wp-json\/wp\/v2\/types\/page"}],"author":[{"embeddable":true,"href":"https:\/\/www.kanzlei-ferreira.de\/en\/wp-json\/wp\/v2\/users\/1"}],"replies":[{"embeddable":true,"href":"https:\/\/www.kanzlei-ferreira.de\/en\/wp-json\/wp\/v2\/comments?post=182"}],"version-history":[{"count":4,"href":"https:\/\/www.kanzlei-ferreira.de\/en\/wp-json\/wp\/v2\/pages\/182\/revisions"}],"predecessor-version":[{"id":211,"href":"https:\/\/www.kanzlei-ferreira.de\/en\/wp-json\/wp\/v2\/pages\/182\/revisions\/211"}],"wp:attachment":[{"href":"https:\/\/www.kanzlei-ferreira.de\/en\/wp-json\/wp\/v2\/media?parent=182"}],"curies":[{"name":"wp","href":"https:\/\/api.w.org\/{rel}","templated":true}]}}