{"id":184,"date":"2025-12-02T15:08:27","date_gmt":"2025-12-02T14:08:27","guid":{"rendered":"https:\/\/advogada-portuguesa.de\/?page_id=184"},"modified":"2025-12-02T16:21:59","modified_gmt":"2025-12-02T15:21:59","slug":"contract-law","status":"publish","type":"page","link":"https:\/\/www.kanzlei-ferreira.de\/en\/vertragsrecht\/","title":{"rendered":"Contract law"},"content":{"rendered":"<div data-elementor-type=\"wp-page\" data-elementor-id=\"184\" class=\"elementor elementor-184\" data-elementor-post-type=\"page\">\n\t\t\t\t<div class=\"elementor-element elementor-element-4c51de2e e-flex e-con-boxed e-con e-parent\" data-id=\"4c51de2e\" data-element_type=\"container\">\n\t\t\t\t\t<div class=\"e-con-inner\">\n\t\t\t\t<div class=\"elementor-element elementor-element-f67babb elementor-widget elementor-widget-text-editor\" data-id=\"f67babb\" data-element_type=\"widget\" data-widget_type=\"text-editor.default\">\n\t\t\t\t\t\t\t\t\t<h2 data-start=\"152\" data-end=\"168\"><img decoding=\"async\" class=\"alignnone size-full wp-image-164\" src=\"https:\/\/www.kanzlei-ferreira.de\/wp-content\/uploads\/2025\/12\/Vertragsrecht-icon.png\" alt=\"\" width=\"96\" height=\"92\" \/>\u00a0<\/h2><p data-start=\"193\" data-end=\"537\">Contract law forms the basis of almost all business and private legal relationships. Whether a purchase, rental, service or work contract - a clearly formulated and legally secure contract protects against conflicts and creates trust. Our law firm supports you in drafting, reviewing and enforcing contractual claims.<\/p><h3 data-start=\"539\" data-end=\"578\">Our services in contract law:<\/h3><ul data-start=\"579\" data-end=\"976\"><li data-start=\"579\" data-end=\"638\"><p data-start=\"581\" data-end=\"638\">Drafting and legal review of contracts of all kinds<\/p><\/li><li data-start=\"639\" data-end=\"688\"><p data-start=\"641\" data-end=\"688\">Contract negotiations and legal support<\/p><\/li><li data-start=\"689\" data-end=\"769\"><p data-start=\"691\" data-end=\"769\">Enforcement of contractual claims (e.g. payment, delivery, performance)<\/p><\/li><li data-start=\"770\" data-end=\"805\"><p data-start=\"772\" data-end=\"805\">Defense against unjustified claims<\/p><\/li><li data-start=\"806\" data-end=\"863\"><p data-start=\"808\" data-end=\"863\">Advice on breaches of contract and rights of withdrawal<\/p><\/li><li data-start=\"864\" data-end=\"918\"><p data-start=\"866\" data-end=\"918\">Design of general terms and conditions (GTC)<\/p><\/li><li data-start=\"919\" data-end=\"976\"><p data-start=\"921\" data-end=\"976\">Support with international contractual relationships<\/p><\/li><\/ul><p data-start=\"978\" data-end=\"1122\">We pay attention to legal clarity, economic sense and individual customization - so that your contracts deliver what they promise.<\/p>\t\t\t\t\t\t\t\t<\/div>\n\t\t\t\t\t<\/div>\n\t\t\t\t<\/div>\n\t\t\t\t<\/div>","protected":false},"excerpt":{"rendered":"<p>\u00a0 Das Vertragsrecht bildet die Grundlage nahezu aller gesch\u00e4ftlichen und privaten Rechtsbeziehungen. Ob Kauf, Miete, Dienstleistung oder Werkvertrag \u2013 ein klar formulierter und rechtssicherer Vertrag sch\u00fctzt vor Konflikten und schafft Vertrauen. Unsere Kanzlei unterst\u00fctzt Sie bei der Gestaltung, Pr\u00fcfung und Durchsetzung vertraglicher Anspr\u00fcche. Unsere Leistungen im Vertragsrecht: Erstellung und rechtliche Pr\u00fcfung von Vertr\u00e4gen aller Art [&hellip;]<\/p>\n","protected":false},"author":1,"featured_media":0,"parent":0,"menu_order":0,"comment_status":"closed","ping_status":"open","template":"","meta":{"footnotes":""},"class_list":["post-184","page","type-page","status-publish","hentry"],"_links":{"self":[{"href":"https:\/\/www.kanzlei-ferreira.de\/en\/wp-json\/wp\/v2\/pages\/184","targetHints":{"allow":["GET"]}}],"collection":[{"href":"https:\/\/www.kanzlei-ferreira.de\/en\/wp-json\/wp\/v2\/pages"}],"about":[{"href":"https:\/\/www.kanzlei-ferreira.de\/en\/wp-json\/wp\/v2\/types\/page"}],"author":[{"embeddable":true,"href":"https:\/\/www.kanzlei-ferreira.de\/en\/wp-json\/wp\/v2\/users\/1"}],"replies":[{"embeddable":true,"href":"https:\/\/www.kanzlei-ferreira.de\/en\/wp-json\/wp\/v2\/comments?post=184"}],"version-history":[{"count":4,"href":"https:\/\/www.kanzlei-ferreira.de\/en\/wp-json\/wp\/v2\/pages\/184\/revisions"}],"predecessor-version":[{"id":214,"href":"https:\/\/www.kanzlei-ferreira.de\/en\/wp-json\/wp\/v2\/pages\/184\/revisions\/214"}],"wp:attachment":[{"href":"https:\/\/www.kanzlei-ferreira.de\/en\/wp-json\/wp\/v2\/media?parent=184"}],"curies":[{"name":"wp","href":"https:\/\/api.w.org\/{rel}","templated":true}]}}