{"id":186,"date":"2025-12-02T15:08:54","date_gmt":"2025-12-02T14:08:54","guid":{"rendered":"https:\/\/advogada-portuguesa.de\/?page_id=186"},"modified":"2025-12-02T16:24:01","modified_gmt":"2025-12-02T15:24:01","slug":"tenancy-law","status":"publish","type":"page","link":"https:\/\/www.kanzlei-ferreira.de\/en\/mietrecht\/","title":{"rendered":"Tenancy law"},"content":{"rendered":"<div data-elementor-type=\"wp-page\" data-elementor-id=\"186\" class=\"elementor elementor-186\" data-elementor-post-type=\"page\">\n\t\t\t\t<div class=\"elementor-element elementor-element-4c51de2e e-flex e-con-boxed e-con e-parent\" data-id=\"4c51de2e\" data-element_type=\"container\">\n\t\t\t\t\t<div class=\"e-con-inner\">\n\t\t\t\t<div class=\"elementor-element elementor-element-f67babb elementor-widget elementor-widget-text-editor\" data-id=\"f67babb\" data-element_type=\"widget\" data-widget_type=\"text-editor.default\">\n\t\t\t\t\t\t\t\t\t<h2 data-start=\"152\" data-end=\"168\"><img decoding=\"async\" class=\"alignnone size-full wp-image-168\" src=\"https:\/\/www.kanzlei-ferreira.de\/wp-content\/uploads\/2025\/12\/Mietrecht-icon.png\" alt=\"\" width=\"99\" height=\"94\" \/><\/h2><p data-start=\"167\" data-end=\"452\">Tenancy law affects almost everyone - whether as a tenant or landlord. It regulates the rights and obligations of both parties and is often the subject of legal disputes. Our law firm advises and represents you competently in all matters relating to residential and commercial tenancies.<\/p><h3 data-start=\"454\" data-end=\"489\">Our services in tenancy law:<\/h3><ul data-start=\"490\" data-end=\"874\"><li data-start=\"490\" data-end=\"532\"><p data-start=\"492\" data-end=\"532\">Examination and drafting of rental agreements<\/p><\/li><li data-start=\"533\" data-end=\"587\"><p data-start=\"535\" data-end=\"587\">Advice on rent increases, service charges and deposits<\/p><\/li><li data-start=\"588\" data-end=\"629\"><p data-start=\"590\" data-end=\"629\">Enforcement of and defense against dismissals<\/p><\/li><li data-start=\"630\" data-end=\"684\"><p data-start=\"632\" data-end=\"684\">Support with eviction proceedings and rent arrears<\/p><\/li><li data-start=\"685\" data-end=\"740\"><p data-start=\"687\" data-end=\"740\">Representation in the event of defects and disputes over maintenance<\/p><\/li><li data-start=\"741\" data-end=\"801\"><p data-start=\"743\" data-end=\"801\">Assistance with handover protocols and contract terminations<\/p><\/li><li data-start=\"802\" data-end=\"874\"><p data-start=\"804\" data-end=\"874\">Legal advice on tenancy law in Portugal for expats and investors<\/p><\/li><\/ul><p data-start=\"876\" data-end=\"1104\">With in-depth knowledge of the current legal situation, we represent your interests in a targeted manner - both out of court and in court. Whether conflict resolution or contractual advice: we are at your side with experience and commitment.<\/p>\t\t\t\t\t\t\t\t<\/div>\n\t\t\t\t\t<\/div>\n\t\t\t\t<\/div>\n\t\t\t\t<\/div>","protected":false},"excerpt":{"rendered":"<p>Das Mietrecht betrifft nahezu jeden \u2013 ob als Mieter oder Vermieter. Es regelt die Rechte und Pflichten beider Parteien und ist h\u00e4ufig Gegenstand rechtlicher Auseinandersetzungen. Unsere Kanzlei ber\u00e4t und vertritt Sie kompetent in allen Fragen rund um Wohn- und Gewerbemietverh\u00e4ltnisse. Unsere Leistungen im Mietrecht: Pr\u00fcfung und Gestaltung von Mietvertr\u00e4gen Beratung bei Mieterh\u00f6hungen, Nebenkosten und Kaution [&hellip;]<\/p>\n","protected":false},"author":1,"featured_media":0,"parent":0,"menu_order":0,"comment_status":"closed","ping_status":"open","template":"","meta":{"footnotes":""},"class_list":["post-186","page","type-page","status-publish","hentry"],"_links":{"self":[{"href":"https:\/\/www.kanzlei-ferreira.de\/en\/wp-json\/wp\/v2\/pages\/186","targetHints":{"allow":["GET"]}}],"collection":[{"href":"https:\/\/www.kanzlei-ferreira.de\/en\/wp-json\/wp\/v2\/pages"}],"about":[{"href":"https:\/\/www.kanzlei-ferreira.de\/en\/wp-json\/wp\/v2\/types\/page"}],"author":[{"embeddable":true,"href":"https:\/\/www.kanzlei-ferreira.de\/en\/wp-json\/wp\/v2\/users\/1"}],"replies":[{"embeddable":true,"href":"https:\/\/www.kanzlei-ferreira.de\/en\/wp-json\/wp\/v2\/comments?post=186"}],"version-history":[{"count":4,"href":"https:\/\/www.kanzlei-ferreira.de\/en\/wp-json\/wp\/v2\/pages\/186\/revisions"}],"predecessor-version":[{"id":217,"href":"https:\/\/www.kanzlei-ferreira.de\/en\/wp-json\/wp\/v2\/pages\/186\/revisions\/217"}],"wp:attachment":[{"href":"https:\/\/www.kanzlei-ferreira.de\/en\/wp-json\/wp\/v2\/media?parent=186"}],"curies":[{"name":"wp","href":"https:\/\/api.w.org\/{rel}","templated":true}]}}