{"id":190,"date":"2025-12-02T15:10:10","date_gmt":"2025-12-02T14:10:10","guid":{"rendered":"https:\/\/advogada-portuguesa.de\/?page_id=190"},"modified":"2025-12-02T16:27:45","modified_gmt":"2025-12-02T15:27:45","slug":"debt-collection","status":"publish","type":"page","link":"https:\/\/www.kanzlei-ferreira.de\/en\/inkasso\/","title":{"rendered":"Debt collection - national &amp; international"},"content":{"rendered":"<div data-elementor-type=\"wp-page\" data-elementor-id=\"190\" class=\"elementor elementor-190\" data-elementor-post-type=\"page\">\n\t\t\t\t<div class=\"elementor-element elementor-element-4c51de2e e-flex e-con-boxed e-con e-parent\" data-id=\"4c51de2e\" data-element_type=\"container\">\n\t\t\t\t\t<div class=\"e-con-inner\">\n\t\t\t\t<div class=\"elementor-element elementor-element-f67babb elementor-widget elementor-widget-text-editor\" data-id=\"f67babb\" data-element_type=\"widget\" data-widget_type=\"text-editor.default\">\n\t\t\t\t\t\t\t\t\t<h2 data-start=\"152\" data-end=\"168\"><img decoding=\"async\" class=\"alignnone size-full wp-image-167\" src=\"https:\/\/www.kanzlei-ferreira.de\/wp-content\/uploads\/2025\/12\/Inkasso-icon.png\" alt=\"\" width=\"137\" height=\"127\" \/><\/h2><p data-start=\"223\" data-end=\"525\">Late payment is a widespread problem - both in national and cross-border business transactions. Our law firm supports you efficiently and with legal certainty in the enforcement of outstanding claims - in and out of court, in Portugal, Germany and internationally.<\/p><h3 data-start=\"527\" data-end=\"557\">Our debt collection services:<\/h3><ul data-start=\"558\" data-end=\"975\"><li data-start=\"558\" data-end=\"639\"><p data-start=\"560\" data-end=\"639\">Out-of-court receivables management (dunning letters, payment agreements)<\/p><\/li><li data-start=\"640\" data-end=\"687\"><p data-start=\"642\" data-end=\"687\">Judicial assertion and enforcement<\/p><\/li><li data-start=\"688\" data-end=\"774\"><p data-start=\"690\" data-end=\"774\">Recognition and enforcement of titles in EU states (European Enforcement Order)<\/p><\/li><li data-start=\"775\" data-end=\"856\"><p data-start=\"777\" data-end=\"856\">Enforcement of claims arising from deliveries, services or tenancies<\/p><\/li><li data-start=\"857\" data-end=\"890\"><p data-start=\"859\" data-end=\"890\">Debt collection in the B2B and B2C sectors<\/p><\/li><li data-start=\"891\" data-end=\"932\"><p data-start=\"893\" data-end=\"932\">Credit check and debtor investigation<\/p><\/li><li data-start=\"933\" data-end=\"975\"><p data-start=\"935\" data-end=\"975\">Long-term monitoring of receivables<\/p><\/li><\/ul><p data-start=\"977\" data-end=\"1266\">Thanks to our experience in international law and our network of partner law firms, we offer cross-border solutions - with a particular focus on German-Portuguese business relationships. We act quickly, transparently and in a solution-oriented manner to secure your liquidity.<\/p>\t\t\t\t\t\t\t\t<\/div>\n\t\t\t\t\t<\/div>\n\t\t\t\t<\/div>\n\t\t\t\t<\/div>","protected":false},"excerpt":{"rendered":"<p>Zahlungsverzug ist ein weit verbreitetes Problem \u2013 sowohl im nationalen als auch im grenz\u00fcberschreitenden Gesch\u00e4ftsverkehr. Unsere Kanzlei unterst\u00fctzt Sie effizient und rechtssicher bei der Durchsetzung offener Forderungen \u2013 au\u00dfergerichtlich und gerichtlich, in Portugal, Deutschland und international. Unsere Inkasso-Leistungen: Au\u00dfergerichtliches Forderungsmanagement (Mahnschreiben, Zahlungsvereinbarungen) Gerichtliche Geltendmachung und Vollstreckung Titelanerkennung und -vollstreckung in EU-Staaten (Europ\u00e4ischer Vollstreckungstitel) Durchsetzung von [&hellip;]<\/p>\n","protected":false},"author":1,"featured_media":0,"parent":0,"menu_order":0,"comment_status":"closed","ping_status":"open","template":"","meta":{"footnotes":""},"class_list":["post-190","page","type-page","status-publish","hentry"],"_links":{"self":[{"href":"https:\/\/www.kanzlei-ferreira.de\/en\/wp-json\/wp\/v2\/pages\/190","targetHints":{"allow":["GET"]}}],"collection":[{"href":"https:\/\/www.kanzlei-ferreira.de\/en\/wp-json\/wp\/v2\/pages"}],"about":[{"href":"https:\/\/www.kanzlei-ferreira.de\/en\/wp-json\/wp\/v2\/types\/page"}],"author":[{"embeddable":true,"href":"https:\/\/www.kanzlei-ferreira.de\/en\/wp-json\/wp\/v2\/users\/1"}],"replies":[{"embeddable":true,"href":"https:\/\/www.kanzlei-ferreira.de\/en\/wp-json\/wp\/v2\/comments?post=190"}],"version-history":[{"count":6,"href":"https:\/\/www.kanzlei-ferreira.de\/en\/wp-json\/wp\/v2\/pages\/190\/revisions"}],"predecessor-version":[{"id":460,"href":"https:\/\/www.kanzlei-ferreira.de\/en\/wp-json\/wp\/v2\/pages\/190\/revisions\/460"}],"wp:attachment":[{"href":"https:\/\/www.kanzlei-ferreira.de\/en\/wp-json\/wp\/v2\/media?parent=190"}],"curies":[{"name":"wp","href":"https:\/\/api.w.org\/{rel}","templated":true}]}}