{"id":2,"date":"2025-12-02T10:52:38","date_gmt":"2025-12-02T10:52:38","guid":{"rendered":"http:\/\/advogada-portuguesa.de\/?page_id=2"},"modified":"2025-12-02T14:58:48","modified_gmt":"2025-12-02T13:58:48","slug":"sample-page","status":"publish","type":"page","link":"https:\/\/www.kanzlei-ferreira.de\/en\/sample-page\/","title":{"rendered":"Traffic law"},"content":{"rendered":"<div data-elementor-type=\"wp-page\" data-elementor-id=\"2\" class=\"elementor elementor-2\" data-elementor-post-type=\"page\">\n\t\t\t\t<div class=\"elementor-element elementor-element-4c51de2e e-flex e-con-boxed e-con e-parent\" data-id=\"4c51de2e\" data-element_type=\"container\">\n\t\t\t\t\t<div class=\"e-con-inner\">\n\t\t\t\t<div class=\"elementor-element elementor-element-f67babb elementor-widget elementor-widget-text-editor\" data-id=\"f67babb\" data-element_type=\"widget\" data-widget_type=\"text-editor.default\">\n\t\t\t\t\t\t\t\t\t<h2 data-start=\"152\" data-end=\"168\"><img decoding=\"async\" class=\"alignnone size-full wp-image-170\" src=\"https:\/\/www.kanzlei-ferreira.de\/wp-content\/uploads\/2025\/12\/verkehrsrecht-icon.png\" alt=\"\" width=\"134\" height=\"123\" \/>\u00a0<\/h2><p data-start=\"170\" data-end=\"498\">Traffic law is a central area of law that regulates road traffic, the rights and obligations of drivers and all violations of road traffic regulations. Our law firm offers legal advice and representation for private individuals, professional drivers, transport companies and insurance companies.<\/p><h3 data-start=\"500\" data-end=\"535\">Our services at a glance:<\/h3><ul data-start=\"536\" data-end=\"925\"><li data-start=\"536\" data-end=\"635\"><p data-start=\"538\" data-end=\"635\">Defense in fine proceedings (e.g. speeding, alcohol, cell phone driving)<\/p><\/li><li data-start=\"636\" data-end=\"680\"><p data-start=\"638\" data-end=\"680\">Contesting fines and loss of points<\/p><\/li><li data-start=\"681\" data-end=\"753\"><p data-start=\"683\" data-end=\"753\">Objection to measures taken by the National Road Traffic Authority (ANSR)<\/p><\/li><li data-start=\"754\" data-end=\"806\"><p data-start=\"756\" data-end=\"806\">Representation for driving bans and driving license revocation<\/p><\/li><li data-start=\"807\" data-end=\"882\"><p data-start=\"809\" data-end=\"882\">Legal support in traffic accidents (civil and criminal law)<\/p><\/li><li data-start=\"883\" data-end=\"925\"><p data-start=\"885\" data-end=\"925\">Mediation in dealing with insurance companies<\/p><\/li><\/ul><p data-start=\"927\" data-end=\"1130\">Our experienced team is always up to date with the latest legislation and is committed to defending your rights discreetly. We support you with competence, confidentiality and consistency.<\/p>\t\t\t\t\t\t\t\t<\/div>\n\t\t\t\t\t<\/div>\n\t\t\t\t<\/div>\n\t\t\t\t<\/div>","protected":false},"excerpt":{"rendered":"<p>\u00a0 Das Verkehrsrecht ist ein zentraler Bereich des Rechts, der den Stra\u00dfenverkehr, die Rechte und Pflichten von Fahrzeugf\u00fchrern sowie s\u00e4mtliche Verst\u00f6\u00dfe gegen die Stra\u00dfenverkehrsordnung regelt. Unsere Kanzlei bietet juristische Beratung und Vertretung f\u00fcr Privatpersonen, Berufskraftfahrer, Transportunternehmen und Versicherungen. Unsere Leistungen im \u00dcberblick: Verteidigung in Bu\u00dfgeldverfahren (z.\u202fB. Geschwindigkeits\u00fcberschreitung, Alkohol, Handy am Steuer) Anfechtung von Geldbu\u00dfen und [&hellip;]<\/p>\n","protected":false},"author":1,"featured_media":0,"parent":0,"menu_order":0,"comment_status":"closed","ping_status":"open","template":"","meta":{"footnotes":""},"class_list":["post-2","page","type-page","status-publish","hentry"],"_links":{"self":[{"href":"https:\/\/www.kanzlei-ferreira.de\/en\/wp-json\/wp\/v2\/pages\/2","targetHints":{"allow":["GET"]}}],"collection":[{"href":"https:\/\/www.kanzlei-ferreira.de\/en\/wp-json\/wp\/v2\/pages"}],"about":[{"href":"https:\/\/www.kanzlei-ferreira.de\/en\/wp-json\/wp\/v2\/types\/page"}],"author":[{"embeddable":true,"href":"https:\/\/www.kanzlei-ferreira.de\/en\/wp-json\/wp\/v2\/users\/1"}],"replies":[{"embeddable":true,"href":"https:\/\/www.kanzlei-ferreira.de\/en\/wp-json\/wp\/v2\/comments?post=2"}],"version-history":[{"count":10,"href":"https:\/\/www.kanzlei-ferreira.de\/en\/wp-json\/wp\/v2\/pages\/2\/revisions"}],"predecessor-version":[{"id":174,"href":"https:\/\/www.kanzlei-ferreira.de\/en\/wp-json\/wp\/v2\/pages\/2\/revisions\/174"}],"wp:attachment":[{"href":"https:\/\/www.kanzlei-ferreira.de\/en\/wp-json\/wp\/v2\/media?parent=2"}],"curies":[{"name":"wp","href":"https:\/\/api.w.org\/{rel}","templated":true}]}}