{"id":408,"date":"2025-12-04T20:50:19","date_gmt":"2025-12-04T19:50:19","guid":{"rendered":"https:\/\/advogada-portuguesa.de\/?page_id=408"},"modified":"2025-12-24T08:06:29","modified_gmt":"2025-12-24T07:06:29","slug":"data-protection-declaration","status":"publish","type":"page","link":"https:\/\/www.kanzlei-ferreira.de\/en\/datenschutzerklaerung\/","title":{"rendered":"Privacy policy"},"content":{"rendered":"\t\t<div data-elementor-type=\"wp-page\" data-elementor-id=\"408\" class=\"elementor elementor-408\" data-elementor-post-type=\"page\">\n\t\t\t\t<div class=\"elementor-element elementor-element-c38d61f e-flex e-con-boxed e-con e-parent\" data-id=\"c38d61f\" data-element_type=\"container\">\n\t\t\t\t\t<div class=\"e-con-inner\">\n\t\t\t\t<div class=\"elementor-element elementor-element-05a41a7 elementor-widget elementor-widget-heading\" data-id=\"05a41a7\" data-element_type=\"widget\" data-widget_type=\"heading.default\">\n\t\t\t\t\t<h1 class=\"elementor-heading-title elementor-size-default\">Datenschutzerkl\u00e4rung<\/h1>\t\t\t\t<\/div>\n\t\t\t\t<div class=\"elementor-element elementor-element-4cedbcd1 elementor-widget elementor-widget-text-editor\" data-id=\"4cedbcd1\" data-element_type=\"widget\" data-widget_type=\"text-editor.default\">\n\t\t\t\t\t\t\t\t\t<h2 data-start=\"280\" data-end=\"308\"><strong data-start=\"283\" data-end=\"308\">Angaben gem\u00e4\u00df \u00a7 5 TMG<\/strong><\/h2>\n<p data-start=\"310\" data-end=\"611\"><strong data-start=\"310\" data-end=\"332\">RA Kanzlei Ferreira<\/strong><br data-start=\"332\" data-end=\"335\" \/>Einzelkanzlei<br \/><br \/>Wilhelmstr. 22 | 53111 Bonn<br \/>Telefon:\u00a0+49 (0) 228 &#8211; 94 747 180<br data-start=\"528\" data-end=\"531\" \/>Fax:\u00a0+49 (0) 228 \u2013 94 744 684<br data-start=\"564\" data-end=\"567\" \/>E-Mail: post@kanzlei-ferreira.de<br data-start=\"591\" data-end=\"594\" \/>Website: www.kanzlei-ferreira.de<\/p>\n<hr data-start=\"613\" data-end=\"616\" \/>\n<h2 data-start=\"618\" data-end=\"664\"><strong data-start=\"621\" data-end=\"664\">Berufsbezeichnung und zust\u00e4ndige Kammer<\/strong><\/h2>\n<p data-start=\"666\" data-end=\"776\">Die Berufsbezeichnung <strong data-start=\"688\" data-end=\"725\">\u201eRechtsanwalt\u201c \/ \u201eRechtsanw\u00e4ltin\u201c<\/strong> wurde in der Bundesrepublik Deutschland verliehen.<\/p>\n<p data-start=\"778\" data-end=\"879\">Zust\u00e4ndige Rechtsanwaltskammer:<br data-start=\"809\" data-end=\"812\" \/><strong data-start=\"812\" data-end=\"833\">[Name der Kammer]<\/strong><br data-start=\"833\" data-end=\"836\" \/>[Adresse der Kammer]<br data-start=\"856\" data-end=\"859\" \/>[Website der Kammer]<\/p>\n<hr data-start=\"881\" data-end=\"884\" \/>\n<h2 data-start=\"886\" data-end=\"920\"><strong data-start=\"889\" data-end=\"920\">Berufsrechtliche Regelungen<\/strong><\/h2>\n<p data-start=\"922\" data-end=\"969\">Es gelten folgende berufsrechtliche Regelungen:<\/p>\n<ul data-start=\"971\" data-end=\"1183\">\n<li data-start=\"971\" data-end=\"1008\">\n<p data-start=\"973\" data-end=\"1008\">Bundesrechtsanwaltsordnung (BRAO)<\/p>\n<\/li>\n<li data-start=\"1009\" data-end=\"1051\">\n<p data-start=\"1011\" data-end=\"1051\">Berufsordnung f\u00fcr Rechtsanw\u00e4lte (BORA)<\/p>\n<\/li>\n<li data-start=\"1052\" data-end=\"1091\">\n<p data-start=\"1054\" data-end=\"1091\">Rechtsanwaltsverg\u00fctungsgesetz (RVG)<\/p>\n<\/li>\n<li data-start=\"1092\" data-end=\"1120\">\n<p data-start=\"1094\" data-end=\"1120\">Fachanwaltsordnung (FAO)<\/p>\n<\/li>\n<li data-start=\"1121\" data-end=\"1183\">\n<p data-start=\"1123\" data-end=\"1183\">Gesetz \u00fcber die T\u00e4tigkeit europ\u00e4ischer Rechtsanw\u00e4lte (EuRAG)<\/p>\n<\/li>\n<\/ul>\n<p data-start=\"1185\" data-end=\"1298\">Die berufsrechtlichen Regelungen k\u00f6nnen eingesehen werden unter:<br data-start=\"1249\" data-end=\"1252\" \/><a href=\"https:\/\/www.brak.de\/fuer-anwaelte\/berufsrecht\/\" target=\"_new\" rel=\"noopener\" data-start=\"1252\" data-end=\"1298\">https:\/\/www.brak.de\/fuer-anwaelte\/berufsrecht\/<\/a><\/p>\t\t\t\t\t\t\t\t<\/div>\n\t\t\t\t\t<\/div>\n\t\t\t\t<\/div>\n\t\t\t\t<\/div>\n\t\t","protected":false},"excerpt":{"rendered":"<p>Datenschutzerkl\u00e4rung Angaben gem\u00e4\u00df \u00a7 5 TMG RA Kanzlei FerreiraEinzelkanzlei Wilhelmstr. 22 | 53111 BonnTelefon:\u00a0+49 (0) 228 &#8211; 94 747 180Fax:\u00a0+49 (0) 228 \u2013 94 744 684E-Mail: post@kanzlei-ferreira.deWebsite: www.kanzlei-ferreira.de Berufsbezeichnung und zust\u00e4ndige Kammer Die Berufsbezeichnung \u201eRechtsanwalt\u201c \/ \u201eRechtsanw\u00e4ltin\u201c wurde in der Bundesrepublik Deutschland verliehen. Zust\u00e4ndige Rechtsanwaltskammer:[Name der Kammer][Adresse der Kammer][Website der Kammer] Berufsrechtliche Regelungen Es gelten [&hellip;]<\/p>\n","protected":false},"author":1,"featured_media":0,"parent":0,"menu_order":0,"comment_status":"closed","ping_status":"closed","template":"elementor_header_footer","meta":{"footnotes":""},"class_list":["post-408","page","type-page","status-publish","hentry"],"_links":{"self":[{"href":"https:\/\/www.kanzlei-ferreira.de\/en\/wp-json\/wp\/v2\/pages\/408","targetHints":{"allow":["GET"]}}],"collection":[{"href":"https:\/\/www.kanzlei-ferreira.de\/en\/wp-json\/wp\/v2\/pages"}],"about":[{"href":"https:\/\/www.kanzlei-ferreira.de\/en\/wp-json\/wp\/v2\/types\/page"}],"author":[{"embeddable":true,"href":"https:\/\/www.kanzlei-ferreira.de\/en\/wp-json\/wp\/v2\/users\/1"}],"replies":[{"embeddable":true,"href":"https:\/\/www.kanzlei-ferreira.de\/en\/wp-json\/wp\/v2\/comments?post=408"}],"version-history":[{"count":9,"href":"https:\/\/www.kanzlei-ferreira.de\/en\/wp-json\/wp\/v2\/pages\/408\/revisions"}],"predecessor-version":[{"id":624,"href":"https:\/\/www.kanzlei-ferreira.de\/en\/wp-json\/wp\/v2\/pages\/408\/revisions\/624"}],"wp:attachment":[{"href":"https:\/\/www.kanzlei-ferreira.de\/en\/wp-json\/wp\/v2\/media?parent=408"}],"curies":[{"name":"wp","href":"https:\/\/api.w.org\/{rel}","templated":true}]}}