{"id":498,"date":"2025-12-09T22:47:41","date_gmt":"2025-12-09T21:47:41","guid":{"rendered":"https:\/\/advogada-portuguesa.de\/?page_id=498"},"modified":"2025-12-11T08:55:41","modified_gmt":"2025-12-11T07:55:41","slug":"legalnetlinkalliance","status":"publish","type":"page","link":"https:\/\/www.kanzlei-ferreira.de\/en\/legalnetlinkalliance\/","title":{"rendered":""},"content":{"rendered":"<div data-elementor-type=\"wp-page\" data-elementor-id=\"498\" class=\"elementor elementor-498\" data-elementor-post-type=\"page\">\n\t\t\t\t<div class=\"elementor-element elementor-element-12ecec7f e-flex e-con-boxed e-con e-parent\" data-id=\"12ecec7f\" data-element_type=\"container\">\n\t\t\t\t\t<div class=\"e-con-inner\">\n\t\t<div class=\"elementor-element elementor-element-2b6c4ade e-con-full e-flex e-con e-child\" data-id=\"2b6c4ade\" data-element_type=\"container\">\n\t\t\t\t<div class=\"elementor-element elementor-element-422dd1ba elementor-widget__width-initial elementor-absolute elementor-widget elementor-widget-spacer\" data-id=\"422dd1ba\" data-element_type=\"widget\" data-settings=\"{&quot;_position&quot;:&quot;absolute&quot;}\" data-widget_type=\"spacer.default\">\n\t\t\t\t\t\t\t<div class=\"elementor-spacer\">\n\t\t\t<div class=\"elementor-spacer-inner\"><\/div>\n\t\t<\/div>\n\t\t\t\t\t\t<\/div>\n\t\t\t\t<div class=\"elementor-element elementor-element-322184e5 elementor-invisible elementor-widget elementor-widget-heading\" data-id=\"322184e5\" data-element_type=\"widget\" data-settings=\"{&quot;_animation&quot;:&quot;fadeInUp&quot;}\" data-widget_type=\"heading.default\">\n\t\t\t\t\t<h3 class=\"elementor-heading-title elementor-size-default\">Trust across borders<\/h3>\t\t\t\t<\/div>\n\t\t\t\t<div class=\"elementor-element elementor-element-6fcec10 elementor-widget elementor-widget-heading\" data-id=\"6fcec10\" data-element_type=\"widget\" data-widget_type=\"heading.default\">\n\t\t\t\t\t<h3 class=\"elementor-heading-title elementor-size-default\">Legal Netlink Alliance<\/h3>\t\t\t\t<\/div>\n\t\t\t\t<div class=\"elementor-element elementor-element-50d15f58 elementor-widget elementor-widget-text-editor\" data-id=\"50d15f58\" data-element_type=\"widget\" data-widget_type=\"text-editor.default\">\n\t\t\t\t\t\t\t\t\t<p>\u201eGlobally connected \u2013 locally anchored. Your law firm for strong partnerships in Portugal and worldwide.\u201c<\/p>\t\t\t\t\t\t\t\t<\/div>\n\t\t\t\t<\/div>\n\t\t<div class=\"elementor-element elementor-element-7a97840a e-con-full e-flex e-con e-child\" data-id=\"7a97840a\" data-element_type=\"container\" data-settings=\"{&quot;background_background&quot;:&quot;classic&quot;}\">\n\t\t\t\t<\/div>\n\t\t\t\t\t<\/div>\n\t\t\t\t<\/div>\n\t\t<div class=\"elementor-element elementor-element-3a09d88 e-flex e-con-boxed e-con e-parent\" data-id=\"3a09d88\" data-element_type=\"container\">\n\t\t\t\t\t<div class=\"e-con-inner\">\n\t\t<div class=\"elementor-element elementor-element-370c896d e-con-full e-flex e-con e-child\" data-id=\"370c896d\" data-element_type=\"container\">\n\t\t\t\t<div class=\"elementor-element elementor-element-90c7cce elementor-widget elementor-widget-text-editor\" data-id=\"90c7cce\" data-element_type=\"widget\" data-widget_type=\"text-editor.default\">\n\t\t\t\t\t\t\t\t\t<p data-start=\"124\" data-end=\"356\">\u00a0<\/p><p data-start=\"124\" data-end=\"356\"><strong data-start=\"124\" data-end=\"155\">About Legal Netlink Alliance<\/strong><br data-start=\"155\" data-end=\"158\" \/>For over thirty years, the Legal Netlink Alliance has enabled its members to expand the reach of their services to meet the needs of their clients worldwide.<\/p><p data-start=\"358\" data-end=\"938\"><strong data-start=\"358\" data-end=\"382\">Values that connect<\/strong><br data-start=\"382\" data-end=\"385\" \/>Legal Netlink Alliance (LNA) is a global network of independent, small and medium-sized law firms. It offers members and their clients access to high-quality legal advice on an international level. What makes LNA special are the trusting, professional relationships and close cooperation that develop between members. Many of these long-standing partnerships began at the quarterly LNA meetings, where lawyers from all over the world exchange ideas and learn from each other.<\/p><p data-start=\"940\" data-end=\"1056\"><strong data-start=\"940\" data-end=\"967\">Benefits for members<\/strong><br data-start=\"967\" data-end=\"970\" \/>Members of the LNA benefit in many ways from their participation in the network:<\/p><ul data-start=\"1058\" data-end=\"1422\"><li data-start=\"1058\" data-end=\"1179\"><p data-start=\"1060\" data-end=\"1179\">Access to an international network of law firms that share high quality standards and client focus.<\/p><\/li><li data-start=\"1180\" data-end=\"1319\"><p data-start=\"1182\" data-end=\"1319\">Quarterly meetings that enable participants to get to know each other personally and offer current training and law firm management programs.<\/p><\/li><li data-start=\"1320\" data-end=\"1422\"><p data-start=\"1322\" data-end=\"1422\">Long-term personal relationships that promote new client contacts and business opportunities.<\/p><\/li><\/ul><p data-start=\"1424\" data-end=\"1703\">Membership in LNA can serve as both a business development tool and a valuable resource for professional development for your law firm. Here you will find a comprehensive guide on how to get the most out of your membership.<\/p><p data-start=\"1705\" data-end=\"1790\"><strong data-start=\"1705\" data-end=\"1731\">Benefits for clients<\/strong><br data-start=\"1731\" data-end=\"1734\" \/>Clients who use the LNA network benefit from:<\/p><ul data-start=\"1792\" data-end=\"2275\"><li data-start=\"1792\" data-end=\"2024\"><p data-start=\"1794\" data-end=\"2024\">Easy access to qualified legal advisors in almost every country in the world. All member law firms are carefully vetted and stand for excellent professional competence, high ethical standards, and client focus.<\/p><\/li><li data-start=\"2025\" data-end=\"2161\"><p data-start=\"2027\" data-end=\"2161\">Flexible fee arrangements and the avoidance of inefficiencies, as often occur in large, international law firms.<\/p><\/li><li data-start=\"2162\" data-end=\"2275\"><p data-start=\"2164\" data-end=\"2275\">In-depth knowledge of the respective national legal system \u2013 provided by lawyers who work locally on a daily basis.<\/p><\/li><\/ul><p data-start=\"2277\" data-end=\"2647\"><strong data-start=\"2277\" data-end=\"2308\">Complete independence<\/strong><br data-start=\"2308\" data-end=\"2311\" \/>Although most mandates are arranged within the network, LNA members are not obliged to work exclusively within the association\u2014they can also engage other law firms at any time.<br data-start=\"2529\" data-end=\"2532\" \/><br \/><\/p>\t\t\t\t\t\t\t\t<\/div>\n\t\t\t\t<\/div>\n\t\t\t\t\t<\/div>\n\t\t\t\t<\/div>\n\t\t\t\t<\/div>","protected":false},"excerpt":{"rendered":"<p>Vertrauen \u00fcber Grenzen hinweg Legal Netlink Alliance \u201eGlobal verbunden \u2013 lokal verankert. Ihre Kanzlei f\u00fcr starke Partnerschaften in Portugal und weltweit.\u201c \u00a0 \u00dcber Legal Netlink AllianceSeit \u00fcber drei\u00dfig Jahren erm\u00f6glicht die Legal Netlink Alliance ihren Mitgliedern, die Reichweite ihrer Dienstleistungen zu erweitern, um den Anforderungen ihrer Mandanten weltweit gerecht zu werden. Werte, die verbindenLegal Netlink [&hellip;]<\/p>\n","protected":false},"author":1,"featured_media":44,"parent":0,"menu_order":0,"comment_status":"closed","ping_status":"closed","template":"","meta":{"footnotes":""},"class_list":["post-498","page","type-page","status-publish","has-post-thumbnail","hentry"],"_links":{"self":[{"href":"https:\/\/www.kanzlei-ferreira.de\/en\/wp-json\/wp\/v2\/pages\/498","targetHints":{"allow":["GET"]}}],"collection":[{"href":"https:\/\/www.kanzlei-ferreira.de\/en\/wp-json\/wp\/v2\/pages"}],"about":[{"href":"https:\/\/www.kanzlei-ferreira.de\/en\/wp-json\/wp\/v2\/types\/page"}],"author":[{"embeddable":true,"href":"https:\/\/www.kanzlei-ferreira.de\/en\/wp-json\/wp\/v2\/users\/1"}],"replies":[{"embeddable":true,"href":"https:\/\/www.kanzlei-ferreira.de\/en\/wp-json\/wp\/v2\/comments?post=498"}],"version-history":[{"count":10,"href":"https:\/\/www.kanzlei-ferreira.de\/en\/wp-json\/wp\/v2\/pages\/498\/revisions"}],"predecessor-version":[{"id":584,"href":"https:\/\/www.kanzlei-ferreira.de\/en\/wp-json\/wp\/v2\/pages\/498\/revisions\/584"}],"wp:featuredmedia":[{"embeddable":true,"href":"https:\/\/www.kanzlei-ferreira.de\/en\/wp-json\/wp\/v2\/media\/44"}],"wp:attachment":[{"href":"https:\/\/www.kanzlei-ferreira.de\/en\/wp-json\/wp\/v2\/media?parent=498"}],"curies":[{"name":"wp","href":"https:\/\/api.w.org\/{rel}","templated":true}]}}