{"id":176,"date":"2025-12-02T15:03:09","date_gmt":"2025-12-02T14:03:09","guid":{"rendered":"https:\/\/advogada-portuguesa.de\/?page_id=176"},"modified":"2025-12-02T16:12:41","modified_gmt":"2025-12-02T15:12:41","slug":"derecho-de-familia","status":"publish","type":"page","link":"https:\/\/www.kanzlei-ferreira.de\/es\/familienrecht\/","title":{"rendered":"derecho de familia"},"content":{"rendered":"<div data-elementor-type=\"wp-page\" data-elementor-id=\"176\" class=\"elementor elementor-176\" data-elementor-post-type=\"page\">\n\t\t\t\t<div class=\"elementor-element elementor-element-4c51de2e e-flex e-con-boxed e-con e-parent\" data-id=\"4c51de2e\" data-element_type=\"container\">\n\t\t\t\t\t<div class=\"e-con-inner\">\n\t\t\t\t<div class=\"elementor-element elementor-element-f67babb elementor-widget elementor-widget-text-editor\" data-id=\"f67babb\" data-element_type=\"widget\" data-widget_type=\"text-editor.default\">\n\t\t\t\t\t\t\t\t\t<p data-start=\"176\" data-end=\"463\"><img decoding=\"async\" class=\"alignnone size-full wp-image-166\" src=\"https:\/\/www.kanzlei-ferreira.de\/wp-content\/uploads\/2025\/12\/familienrecht-icon.png\" alt=\"\" width=\"131\" height=\"131\" \/><\/p><p data-start=\"176\" data-end=\"463\">El derecho de familia regula todas las relaciones jur\u00eddicas dentro de la familia, desde el matrimonio y el divorcio hasta la patria potestad, las cuestiones de manutenci\u00f3n y la protecci\u00f3n de los menores. Nuestro bufete le acompa\u00f1a con empat\u00eda y competencia en situaciones que a menudo son emotivas y complejas.<\/p><h3 data-start=\"465\" data-end=\"504\">Nuestros servicios en derecho de familia:<\/h3><ul data-start=\"505\" data-end=\"894\"><li data-start=\"505\" data-end=\"557\"><p data-start=\"507\" data-end=\"557\">Asesoramiento y representaci\u00f3n en casos de separaci\u00f3n y divorcio<\/p><\/li><li data-start=\"558\" data-end=\"597\"><p data-start=\"560\" data-end=\"597\">Regulaci\u00f3n del derecho de custodia y de visita<\/p><\/li><li data-start=\"598\" data-end=\"662\"><p data-start=\"600\" data-end=\"662\">Derechos de manutenci\u00f3n (manutenci\u00f3n de hijos, c\u00f3nyuge o padres)<\/p><\/li><li data-start=\"663\" data-end=\"725\"><p data-start=\"665\" data-end=\"725\">Disputas sobre el r\u00e9gimen matrimonial y reparto de bienes<\/p><\/li><li data-start=\"726\" data-end=\"766\"><p data-start=\"728\" data-end=\"766\">Contratos matrimoniales y contratos de pareja<\/p><\/li><li data-start=\"767\" data-end=\"834\"><p data-start=\"769\" data-end=\"834\">Asistencia jur\u00eddica en materia de adopci\u00f3n y reconocimiento de paternidad<\/p><\/li><li data-start=\"835\" data-end=\"894\"><p data-start=\"837\" data-end=\"894\">Protecci\u00f3n contra la violencia dom\u00e9stica y \u00f3rdenes de alejamiento<\/p><\/li><\/ul><p data-start=\"896\" data-end=\"1149\">Sabemos que las cuestiones relacionadas con el derecho de familia suelen estar asociadas a situaciones personales dif\u00edciles. Por eso apostamos por un asesoramiento individualizado, prestando especial atenci\u00f3n a la confidencialidad, la empat\u00eda y la b\u00fasqueda de soluciones eficaces, tambi\u00e9n en beneficio de los ni\u00f1os afectados.<\/p>\t\t\t\t\t\t\t\t<\/div>\n\t\t\t\t\t<\/div>\n\t\t\t\t<\/div>\n\t\t\t\t<\/div>","protected":false},"excerpt":{"rendered":"<p>Das Familienrecht regelt alle rechtlichen Beziehungen innerhalb der Familie \u2013 von der Ehe und Scheidung bis zur elterlichen Sorge, Unterhaltsfragen und dem Schutz von Minderj\u00e4hrigen. Unsere Kanzlei begleitet Sie einf\u00fchlsam und kompetent durch oftmals emotionale und komplexe Situationen. Unsere Leistungen im Familienrecht: Beratung und Vertretung bei Trennung und Scheidung Regelung des Sorge- und Umgangsrechts Unterhaltsanspr\u00fcche [&hellip;]<\/p>\n","protected":false},"author":1,"featured_media":0,"parent":0,"menu_order":0,"comment_status":"closed","ping_status":"open","template":"","meta":{"footnotes":""},"class_list":["post-176","page","type-page","status-publish","hentry"],"_links":{"self":[{"href":"https:\/\/www.kanzlei-ferreira.de\/es\/wp-json\/wp\/v2\/pages\/176","targetHints":{"allow":["GET"]}}],"collection":[{"href":"https:\/\/www.kanzlei-ferreira.de\/es\/wp-json\/wp\/v2\/pages"}],"about":[{"href":"https:\/\/www.kanzlei-ferreira.de\/es\/wp-json\/wp\/v2\/types\/page"}],"author":[{"embeddable":true,"href":"https:\/\/www.kanzlei-ferreira.de\/es\/wp-json\/wp\/v2\/users\/1"}],"replies":[{"embeddable":true,"href":"https:\/\/www.kanzlei-ferreira.de\/es\/wp-json\/wp\/v2\/comments?post=176"}],"version-history":[{"count":7,"href":"https:\/\/www.kanzlei-ferreira.de\/es\/wp-json\/wp\/v2\/pages\/176\/revisions"}],"predecessor-version":[{"id":205,"href":"https:\/\/www.kanzlei-ferreira.de\/es\/wp-json\/wp\/v2\/pages\/176\/revisions\/205"}],"wp:attachment":[{"href":"https:\/\/www.kanzlei-ferreira.de\/es\/wp-json\/wp\/v2\/media?parent=176"}],"curies":[{"name":"wp","href":"https:\/\/api.w.org\/{rel}","templated":true}]}}