{"id":178,"date":"2025-12-02T15:04:25","date_gmt":"2025-12-02T14:04:25","guid":{"rendered":"https:\/\/advogada-portuguesa.de\/?page_id=178"},"modified":"2025-12-02T16:14:06","modified_gmt":"2025-12-02T15:14:06","slug":"derecho-laboral","status":"publish","type":"page","link":"https:\/\/www.kanzlei-ferreira.de\/es\/arbeitsrecht\/","title":{"rendered":"derecho laboral"},"content":{"rendered":"<div data-elementor-type=\"wp-page\" data-elementor-id=\"178\" class=\"elementor elementor-178\" data-elementor-post-type=\"page\">\n\t\t\t\t<div class=\"elementor-element elementor-element-4c51de2e e-flex e-con-boxed e-con e-parent\" data-id=\"4c51de2e\" data-element_type=\"container\">\n\t\t\t\t\t<div class=\"e-con-inner\">\n\t\t\t\t<div class=\"elementor-element elementor-element-f67babb elementor-widget elementor-widget-text-editor\" data-id=\"f67babb\" data-element_type=\"widget\" data-widget_type=\"text-editor.default\">\n\t\t\t\t\t\t\t\t\t<h2 data-start=\"152\" data-end=\"168\"><img decoding=\"async\" class=\"alignnone size-full wp-image-163\" src=\"https:\/\/www.kanzlei-ferreira.de\/wp-content\/uploads\/2025\/12\/arbeitsrecht-icon.png\" alt=\"\" width=\"101\" height=\"93\" \/><\/h2><p data-start=\"169\" data-end=\"478\">El derecho laboral es un \u00e1mbito din\u00e1mico y complejo que regula los derechos y obligaciones de los trabajadores y los empresarios. Ofrecemos asesoramiento jur\u00eddico integral y representaci\u00f3n tanto a empleados como a empresas, siempre con el objetivo de encontrar soluciones justas y seguras desde el punto de vista jur\u00eddico.<\/p><h3 data-start=\"480\" data-end=\"518\">Nuestros servicios en materia de derecho laboral:<\/h3><ul data-start=\"519\" data-end=\"868\"><li data-start=\"519\" data-end=\"564\"><p data-start=\"521\" data-end=\"564\">Revisi\u00f3n y redacci\u00f3n de contratos laborales<\/p><\/li><li data-start=\"565\" data-end=\"603\"><p data-start=\"567\" data-end=\"603\">Asesoramiento en caso de despido y indemnizaci\u00f3n<\/p><\/li><li data-start=\"604\" data-end=\"642\"><p data-start=\"606\" data-end=\"642\">Representaci\u00f3n en demandas por despido improcedente<\/p><\/li><li data-start=\"643\" data-end=\"709\"><p data-start=\"645\" data-end=\"709\">Apoyo en casos de acoso, discriminaci\u00f3n y conflictos laborales<\/p><\/li><li data-start=\"710\" data-end=\"756\"><p data-start=\"712\" data-end=\"756\">Ejecuci\u00f3n de derechos salariales y salariales<\/p><\/li><li data-start=\"757\" data-end=\"823\"><p data-start=\"759\" data-end=\"823\">Asesoramiento sobre horarios laborales, vacaciones, permisos parentales y bajas por enfermedad.<\/p><\/li><li data-start=\"824\" data-end=\"868\"><p data-start=\"826\" data-end=\"868\">Derecho de r\u00e9gimen interno de las empresas y cogesti\u00f3n<\/p><\/li><\/ul><p data-start=\"870\" data-end=\"1108\">Defendemos sus intereses con determinaci\u00f3n, tanto fuera de los tribunales como ante los tribunales laborales. Ya se trate de resoluci\u00f3n de conflictos, redacci\u00f3n de contratos o prevenci\u00f3n, nuestro bufete le ofrece su competencia profesional, discreci\u00f3n y compromiso.<\/p>\t\t\t\t\t\t\t\t<\/div>\n\t\t\t\t\t<\/div>\n\t\t\t\t<\/div>\n\t\t\t\t<\/div>","protected":false},"excerpt":{"rendered":"<p>Das Arbeitsrecht ist ein dynamischer und vielschichtiger Bereich, der die Rechte und Pflichten von Arbeitnehmern und Arbeitgebern regelt. Wir bieten umfassende rechtliche Beratung und Vertretung sowohl f\u00fcr Besch\u00e4ftigte als auch f\u00fcr Unternehmen \u2013 stets mit dem Ziel, faire und rechtssichere L\u00f6sungen zu finden. Unsere Leistungen im Arbeitsrecht: Pr\u00fcfung und Erstellung von Arbeitsvertr\u00e4gen Beratung bei K\u00fcndigung [&hellip;]<\/p>\n","protected":false},"author":1,"featured_media":0,"parent":0,"menu_order":0,"comment_status":"closed","ping_status":"open","template":"","meta":{"footnotes":""},"class_list":["post-178","page","type-page","status-publish","hentry"],"_links":{"self":[{"href":"https:\/\/www.kanzlei-ferreira.de\/es\/wp-json\/wp\/v2\/pages\/178","targetHints":{"allow":["GET"]}}],"collection":[{"href":"https:\/\/www.kanzlei-ferreira.de\/es\/wp-json\/wp\/v2\/pages"}],"about":[{"href":"https:\/\/www.kanzlei-ferreira.de\/es\/wp-json\/wp\/v2\/types\/page"}],"author":[{"embeddable":true,"href":"https:\/\/www.kanzlei-ferreira.de\/es\/wp-json\/wp\/v2\/users\/1"}],"replies":[{"embeddable":true,"href":"https:\/\/www.kanzlei-ferreira.de\/es\/wp-json\/wp\/v2\/comments?post=178"}],"version-history":[{"count":4,"href":"https:\/\/www.kanzlei-ferreira.de\/es\/wp-json\/wp\/v2\/pages\/178\/revisions"}],"predecessor-version":[{"id":208,"href":"https:\/\/www.kanzlei-ferreira.de\/es\/wp-json\/wp\/v2\/pages\/178\/revisions\/208"}],"wp:attachment":[{"href":"https:\/\/www.kanzlei-ferreira.de\/es\/wp-json\/wp\/v2\/media?parent=178"}],"curies":[{"name":"wp","href":"https:\/\/api.w.org\/{rel}","templated":true}]}}