{"id":186,"date":"2025-12-02T15:08:54","date_gmt":"2025-12-02T14:08:54","guid":{"rendered":"https:\/\/advogada-portuguesa.de\/?page_id=186"},"modified":"2025-12-02T16:24:01","modified_gmt":"2025-12-02T15:24:01","slug":"derecho-de-arrendamiento","status":"publish","type":"page","link":"https:\/\/www.kanzlei-ferreira.de\/es\/mietrecht\/","title":{"rendered":"derecho de arrendamiento"},"content":{"rendered":"<div data-elementor-type=\"wp-page\" data-elementor-id=\"186\" class=\"elementor elementor-186\" data-elementor-post-type=\"page\">\n\t\t\t\t<div class=\"elementor-element elementor-element-4c51de2e e-flex e-con-boxed e-con e-parent\" data-id=\"4c51de2e\" data-element_type=\"container\">\n\t\t\t\t\t<div class=\"e-con-inner\">\n\t\t\t\t<div class=\"elementor-element elementor-element-f67babb elementor-widget elementor-widget-text-editor\" data-id=\"f67babb\" data-element_type=\"widget\" data-widget_type=\"text-editor.default\">\n\t\t\t\t\t\t\t\t\t<h2 data-start=\"152\" data-end=\"168\"><img decoding=\"async\" class=\"alignnone size-full wp-image-168\" src=\"https:\/\/www.kanzlei-ferreira.de\/wp-content\/uploads\/2025\/12\/Mietrecht-icon.png\" alt=\"\" width=\"99\" height=\"94\" \/><\/h2><p data-start=\"167\" data-end=\"452\">El derecho de arrendamiento afecta a casi todo el mundo, ya sea como inquilino o como arrendador. Regula los derechos y obligaciones de ambas partes y, a menudo, es objeto de disputas legales. Nuestro bufete le asesora y representa de forma competente en todas las cuestiones relacionadas con los contratos de alquiler de viviendas y locales comerciales.<\/p><h3 data-start=\"454\" data-end=\"489\">Nuestros servicios en materia de derecho de arrendamiento:<\/h3><ul data-start=\"490\" data-end=\"874\"><li data-start=\"490\" data-end=\"532\"><p data-start=\"492\" data-end=\"532\">Revisi\u00f3n y redacci\u00f3n de contratos de alquiler<\/p><\/li><li data-start=\"533\" data-end=\"587\"><p data-start=\"535\" data-end=\"587\">Asesoramiento sobre aumentos de alquiler, gastos adicionales y fianzas<\/p><\/li><li data-start=\"588\" data-end=\"629\"><p data-start=\"590\" data-end=\"629\">Ejecuci\u00f3n y defensa contra despidos<\/p><\/li><li data-start=\"630\" data-end=\"684\"><p data-start=\"632\" data-end=\"684\">Asistencia en demandas de desahucio y atrasos en el pago del alquiler<\/p><\/li><li data-start=\"685\" data-end=\"740\"><p data-start=\"687\" data-end=\"740\">Representaci\u00f3n en caso de defectos y disputas sobre el mantenimiento<\/p><\/li><li data-start=\"741\" data-end=\"801\"><p data-start=\"743\" data-end=\"801\">Asistencia en protocolos de entrega y rescisiones de contratos<\/p><\/li><li data-start=\"802\" data-end=\"874\"><p data-start=\"804\" data-end=\"874\">Asesoramiento jur\u00eddico sobre derecho de arrendamiento en Portugal para expatriados e inversores<\/p><\/li><\/ul><p data-start=\"876\" data-end=\"1104\">Con un profundo conocimiento de la legislaci\u00f3n vigente, defendemos sus intereses de forma espec\u00edfica, tanto extrajudicialmente como ante los tribunales. Ya se trate de la resoluci\u00f3n de conflictos o del asesoramiento contractual, ponemos a su disposici\u00f3n nuestra experiencia y nuestro compromiso.<\/p>\t\t\t\t\t\t\t\t<\/div>\n\t\t\t\t\t<\/div>\n\t\t\t\t<\/div>\n\t\t\t\t<\/div>","protected":false},"excerpt":{"rendered":"<p>Das Mietrecht betrifft nahezu jeden \u2013 ob als Mieter oder Vermieter. Es regelt die Rechte und Pflichten beider Parteien und ist h\u00e4ufig Gegenstand rechtlicher Auseinandersetzungen. Unsere Kanzlei ber\u00e4t und vertritt Sie kompetent in allen Fragen rund um Wohn- und Gewerbemietverh\u00e4ltnisse. Unsere Leistungen im Mietrecht: Pr\u00fcfung und Gestaltung von Mietvertr\u00e4gen Beratung bei Mieterh\u00f6hungen, Nebenkosten und Kaution [&hellip;]<\/p>\n","protected":false},"author":1,"featured_media":0,"parent":0,"menu_order":0,"comment_status":"closed","ping_status":"open","template":"","meta":{"footnotes":""},"class_list":["post-186","page","type-page","status-publish","hentry"],"_links":{"self":[{"href":"https:\/\/www.kanzlei-ferreira.de\/es\/wp-json\/wp\/v2\/pages\/186","targetHints":{"allow":["GET"]}}],"collection":[{"href":"https:\/\/www.kanzlei-ferreira.de\/es\/wp-json\/wp\/v2\/pages"}],"about":[{"href":"https:\/\/www.kanzlei-ferreira.de\/es\/wp-json\/wp\/v2\/types\/page"}],"author":[{"embeddable":true,"href":"https:\/\/www.kanzlei-ferreira.de\/es\/wp-json\/wp\/v2\/users\/1"}],"replies":[{"embeddable":true,"href":"https:\/\/www.kanzlei-ferreira.de\/es\/wp-json\/wp\/v2\/comments?post=186"}],"version-history":[{"count":4,"href":"https:\/\/www.kanzlei-ferreira.de\/es\/wp-json\/wp\/v2\/pages\/186\/revisions"}],"predecessor-version":[{"id":217,"href":"https:\/\/www.kanzlei-ferreira.de\/es\/wp-json\/wp\/v2\/pages\/186\/revisions\/217"}],"wp:attachment":[{"href":"https:\/\/www.kanzlei-ferreira.de\/es\/wp-json\/wp\/v2\/media?parent=186"}],"curies":[{"name":"wp","href":"https:\/\/api.w.org\/{rel}","templated":true}]}}