{"id":188,"date":"2025-12-02T15:09:36","date_gmt":"2025-12-02T14:09:36","guid":{"rendered":"https:\/\/advogada-portuguesa.de\/?page_id=188"},"modified":"2025-12-02T16:25:33","modified_gmt":"2025-12-02T15:25:33","slug":"derecho-sucesorio","status":"publish","type":"page","link":"https:\/\/www.kanzlei-ferreira.de\/es\/erbrecht\/","title":{"rendered":"derecho sucesorio"},"content":{"rendered":"<div data-elementor-type=\"wp-page\" data-elementor-id=\"188\" class=\"elementor elementor-188\" data-elementor-post-type=\"page\">\n\t\t\t\t<div class=\"elementor-element elementor-element-4c51de2e e-flex e-con-boxed e-con e-parent\" data-id=\"4c51de2e\" data-element_type=\"container\">\n\t\t\t\t\t<div class=\"e-con-inner\">\n\t\t\t\t<div class=\"elementor-element elementor-element-f67babb elementor-widget elementor-widget-text-editor\" data-id=\"f67babb\" data-element_type=\"widget\" data-widget_type=\"text-editor.default\">\n\t\t\t\t\t\t\t\t\t<h2 data-start=\"152\" data-end=\"168\"><img decoding=\"async\" class=\"alignnone size-full wp-image-165\" src=\"https:\/\/www.kanzlei-ferreira.de\/wp-content\/uploads\/2025\/12\/erbrecht-icon.png\" alt=\"\" width=\"128\" height=\"119\" \/><\/h2><p data-start=\"164\" data-end=\"475\">El derecho sucesorio regula la sucesi\u00f3n patrimonial tras el fallecimiento de una persona, un tema delicado y a menudo complejo que afecta tanto a aspectos jur\u00eddicos como emocionales. Nuestro bufete le ofrece un asesoramiento competente y de confianza en todas las cuestiones relacionadas con el derecho sucesorio, tanto a nivel nacional como internacional.<\/p><h3 data-start=\"477\" data-end=\"511\">Nuestros servicios en materia de derecho sucesorio:<\/h3><ul data-start=\"512\" data-end=\"932\"><li data-start=\"512\" data-end=\"570\"><p data-start=\"514\" data-end=\"570\">Asesoramiento sobre sucesi\u00f3n legal y testamentaria<\/p><\/li><li data-start=\"571\" data-end=\"628\"><p data-start=\"573\" data-end=\"628\">Redacci\u00f3n y revisi\u00f3n de testamentos y contratos sucesorios.<\/p><\/li><li data-start=\"629\" data-end=\"681\"><p data-start=\"631\" data-end=\"681\">Ejecuci\u00f3n y defensa de derechos a la leg\u00edtima<\/p><\/li><li data-start=\"682\" data-end=\"737\"><p data-start=\"684\" data-end=\"737\">Planificaci\u00f3n sucesoria y transmisi\u00f3n patrimonial en vida<\/p><\/li><li data-start=\"738\" data-end=\"800\"><p data-start=\"740\" data-end=\"800\">Asistencia en procedimientos de certificaci\u00f3n sucesoria y liquidaci\u00f3n de herencias<\/p><\/li><li data-start=\"801\" data-end=\"848\"><p data-start=\"803\" data-end=\"848\">Representaci\u00f3n en disputas sucesorias y mediaci\u00f3n<\/p><\/li><li data-start=\"849\" data-end=\"932\"><p data-start=\"851\" data-end=\"932\">Asesoramiento especializado en casos de sucesiones relacionadas con Portugal y el derecho sucesorio alem\u00e1n.<\/p><\/li><\/ul><p data-start=\"934\" data-end=\"1165\">Le acompa\u00f1amos de forma discreta y fiable, ya sea en la regulaci\u00f3n de la sucesi\u00f3n, la redacci\u00f3n de un testamento o en disputas sucesorias. El objetivo es siempre encontrar una soluci\u00f3n justa, jur\u00eddicamente segura y adaptada a cada caso particular.<\/p>\t\t\t\t\t\t\t\t<\/div>\n\t\t\t\t\t<\/div>\n\t\t\t\t<\/div>\n\t\t\t\t<\/div>","protected":false},"excerpt":{"rendered":"<p>Das Erbrecht regelt die Verm\u00f6gensnachfolge nach dem Tod einer Person \u2013 ein sensibles und oft komplexes Thema, das sowohl rechtliche als auch emotionale Aspekte ber\u00fchrt. Unsere Kanzlei bietet Ihnen eine vertrauensvolle und kompetente Beratung in allen erbrechtlichen Angelegenheiten \u2013 national und international. Unsere Leistungen im Erbrecht: Beratung zur gesetzlichen und testamentarischen Erbfolge Erstellung und Pr\u00fcfung [&hellip;]<\/p>\n","protected":false},"author":1,"featured_media":0,"parent":0,"menu_order":0,"comment_status":"closed","ping_status":"open","template":"","meta":{"footnotes":""},"class_list":["post-188","page","type-page","status-publish","hentry"],"_links":{"self":[{"href":"https:\/\/www.kanzlei-ferreira.de\/es\/wp-json\/wp\/v2\/pages\/188","targetHints":{"allow":["GET"]}}],"collection":[{"href":"https:\/\/www.kanzlei-ferreira.de\/es\/wp-json\/wp\/v2\/pages"}],"about":[{"href":"https:\/\/www.kanzlei-ferreira.de\/es\/wp-json\/wp\/v2\/types\/page"}],"author":[{"embeddable":true,"href":"https:\/\/www.kanzlei-ferreira.de\/es\/wp-json\/wp\/v2\/users\/1"}],"replies":[{"embeddable":true,"href":"https:\/\/www.kanzlei-ferreira.de\/es\/wp-json\/wp\/v2\/comments?post=188"}],"version-history":[{"count":4,"href":"https:\/\/www.kanzlei-ferreira.de\/es\/wp-json\/wp\/v2\/pages\/188\/revisions"}],"predecessor-version":[{"id":220,"href":"https:\/\/www.kanzlei-ferreira.de\/es\/wp-json\/wp\/v2\/pages\/188\/revisions\/220"}],"wp:attachment":[{"href":"https:\/\/www.kanzlei-ferreira.de\/es\/wp-json\/wp\/v2\/media?parent=188"}],"curies":[{"name":"wp","href":"https:\/\/api.w.org\/{rel}","templated":true}]}}