{"id":190,"date":"2025-12-02T15:10:10","date_gmt":"2025-12-02T14:10:10","guid":{"rendered":"https:\/\/advogada-portuguesa.de\/?page_id=190"},"modified":"2025-12-02T16:27:45","modified_gmt":"2025-12-02T15:27:45","slug":"cobro","status":"publish","type":"page","link":"https:\/\/www.kanzlei-ferreira.de\/es\/inkasso\/","title":{"rendered":"Cobro de deudas: nacional e internacional"},"content":{"rendered":"<div data-elementor-type=\"wp-page\" data-elementor-id=\"190\" class=\"elementor elementor-190\" data-elementor-post-type=\"page\">\n\t\t\t\t<div class=\"elementor-element elementor-element-4c51de2e e-flex e-con-boxed e-con e-parent\" data-id=\"4c51de2e\" data-element_type=\"container\">\n\t\t\t\t\t<div class=\"e-con-inner\">\n\t\t\t\t<div class=\"elementor-element elementor-element-f67babb elementor-widget elementor-widget-text-editor\" data-id=\"f67babb\" data-element_type=\"widget\" data-widget_type=\"text-editor.default\">\n\t\t\t\t\t\t\t\t\t<h2 data-start=\"152\" data-end=\"168\"><img decoding=\"async\" class=\"alignnone size-full wp-image-167\" src=\"https:\/\/www.kanzlei-ferreira.de\/wp-content\/uploads\/2025\/12\/Inkasso-icon.png\" alt=\"\" width=\"137\" height=\"127\" \/><\/h2><p data-start=\"223\" data-end=\"525\">El retraso en los pagos es un problema muy extendido, tanto en las transacciones comerciales nacionales como transfronterizas. Nuestro bufete le ofrece un apoyo eficaz y con garant\u00eda jur\u00eddica para el cobro de deudas pendientes, tanto extrajudicial como judicialmente, en Portugal, Alemania y a nivel internacional.<\/p><h3 data-start=\"527\" data-end=\"557\">Nuestros servicios de cobro:<\/h3><ul data-start=\"558\" data-end=\"975\"><li data-start=\"558\" data-end=\"639\"><p data-start=\"560\" data-end=\"639\">Gesti\u00f3n extrajudicial de cobros (cartas de reclamaci\u00f3n, acuerdos de pago)<\/p><\/li><li data-start=\"640\" data-end=\"687\"><p data-start=\"642\" data-end=\"687\">Reclamaci\u00f3n judicial y ejecuci\u00f3n<\/p><\/li><li data-start=\"688\" data-end=\"774\"><p data-start=\"690\" data-end=\"774\">Reconocimiento y ejecuci\u00f3n de t\u00edtulos en los Estados miembros de la UE (t\u00edtulo ejecutivo europeo)<\/p><\/li><li data-start=\"775\" data-end=\"856\"><p data-start=\"777\" data-end=\"856\">Cobro de cr\u00e9ditos por entregas, prestaciones o contratos de alquiler<\/p><\/li><li data-start=\"857\" data-end=\"890\"><p data-start=\"859\" data-end=\"890\">Cobro de deudas en el \u00e1mbito B2B y B2C<\/p><\/li><li data-start=\"891\" data-end=\"932\"><p data-start=\"893\" data-end=\"932\">Verificaci\u00f3n de solvencia y localizaci\u00f3n de deudores<\/p><\/li><li data-start=\"933\" data-end=\"975\"><p data-start=\"935\" data-end=\"975\">Seguimiento a largo plazo de las cuentas por cobrar<\/p><\/li><\/ul><p data-start=\"977\" data-end=\"1266\">Gracias a nuestra experiencia en derecho internacional y a nuestra red de bufetes asociados, ofrecemos soluciones transfronterizas, con especial atenci\u00f3n a las relaciones comerciales entre Alemania y Portugal. Actuamos con rapidez, transparencia y orientaci\u00f3n a las soluciones para garantizar su liquidez.<\/p>\t\t\t\t\t\t\t\t<\/div>\n\t\t\t\t\t<\/div>\n\t\t\t\t<\/div>\n\t\t\t\t<\/div>","protected":false},"excerpt":{"rendered":"<p>Zahlungsverzug ist ein weit verbreitetes Problem \u2013 sowohl im nationalen als auch im grenz\u00fcberschreitenden Gesch\u00e4ftsverkehr. Unsere Kanzlei unterst\u00fctzt Sie effizient und rechtssicher bei der Durchsetzung offener Forderungen \u2013 au\u00dfergerichtlich und gerichtlich, in Portugal, Deutschland und international. Unsere Inkasso-Leistungen: Au\u00dfergerichtliches Forderungsmanagement (Mahnschreiben, Zahlungsvereinbarungen) Gerichtliche Geltendmachung und Vollstreckung Titelanerkennung und -vollstreckung in EU-Staaten (Europ\u00e4ischer Vollstreckungstitel) Durchsetzung von [&hellip;]<\/p>\n","protected":false},"author":1,"featured_media":0,"parent":0,"menu_order":0,"comment_status":"closed","ping_status":"open","template":"","meta":{"footnotes":""},"class_list":["post-190","page","type-page","status-publish","hentry"],"_links":{"self":[{"href":"https:\/\/www.kanzlei-ferreira.de\/es\/wp-json\/wp\/v2\/pages\/190","targetHints":{"allow":["GET"]}}],"collection":[{"href":"https:\/\/www.kanzlei-ferreira.de\/es\/wp-json\/wp\/v2\/pages"}],"about":[{"href":"https:\/\/www.kanzlei-ferreira.de\/es\/wp-json\/wp\/v2\/types\/page"}],"author":[{"embeddable":true,"href":"https:\/\/www.kanzlei-ferreira.de\/es\/wp-json\/wp\/v2\/users\/1"}],"replies":[{"embeddable":true,"href":"https:\/\/www.kanzlei-ferreira.de\/es\/wp-json\/wp\/v2\/comments?post=190"}],"version-history":[{"count":6,"href":"https:\/\/www.kanzlei-ferreira.de\/es\/wp-json\/wp\/v2\/pages\/190\/revisions"}],"predecessor-version":[{"id":460,"href":"https:\/\/www.kanzlei-ferreira.de\/es\/wp-json\/wp\/v2\/pages\/190\/revisions\/460"}],"wp:attachment":[{"href":"https:\/\/www.kanzlei-ferreira.de\/es\/wp-json\/wp\/v2\/media?parent=190"}],"curies":[{"name":"wp","href":"https:\/\/api.w.org\/{rel}","templated":true}]}}