{"id":192,"date":"2025-12-02T15:10:47","date_gmt":"2025-12-02T14:10:47","guid":{"rendered":"https:\/\/advogada-portuguesa.de\/?page_id=192"},"modified":"2025-12-02T16:29:16","modified_gmt":"2025-12-02T15:29:16","slug":"derecho-social","status":"publish","type":"page","link":"https:\/\/www.kanzlei-ferreira.de\/es\/sozialrecht\/","title":{"rendered":"derecho social"},"content":{"rendered":"<div data-elementor-type=\"wp-page\" data-elementor-id=\"192\" class=\"elementor elementor-192\" data-elementor-post-type=\"page\">\n\t\t\t\t<div class=\"elementor-element elementor-element-4c51de2e e-flex e-con-boxed e-con e-parent\" data-id=\"4c51de2e\" data-element_type=\"container\">\n\t\t\t\t\t<div class=\"e-con-inner\">\n\t\t\t\t<div class=\"elementor-element elementor-element-f67babb elementor-widget elementor-widget-text-editor\" data-id=\"f67babb\" data-element_type=\"widget\" data-widget_type=\"text-editor.default\">\n\t\t\t\t\t\t\t\t\t<h2 data-start=\"152\" data-end=\"168\"><img decoding=\"async\" class=\"alignnone size-full wp-image-169\" src=\"https:\/\/www.kanzlei-ferreira.de\/wp-content\/uploads\/2025\/12\/Sozialrecht-icon.png\" alt=\"\" width=\"133\" height=\"113\" \/><\/h2><p data-start=\"193\" data-end=\"539\">El derecho social afecta a \u00e1mbitos fundamentales de la vida, como la salud, las pensiones, la asistencia, el desempleo y la seguridad social. Protege los derechos de los ciudadanos en situaciones de emergencia social, pero los procedimientos suelen ser complejos y burocr\u00e1ticos. Nuestro bufete le asesora y representa de forma competente ante las autoridades y las entidades de la seguridad social.<\/p><h3 data-start=\"541\" data-end=\"578\">Nuestros servicios en materia de derecho social:<\/h3><ul data-start=\"579\" data-end=\"1025\"><li data-start=\"579\" data-end=\"662\"><p data-start=\"581\" data-end=\"662\">Asesoramiento y representaci\u00f3n en asuntos relacionados con pensiones (pensi\u00f3n de jubilaci\u00f3n, incapacidad laboral)<\/p><\/li><li data-start=\"663\" data-end=\"720\"><p data-start=\"665\" data-end=\"720\">Asistencia en solicitudes y recursos relacionados con el grado de dependencia<\/p><\/li><li data-start=\"721\" data-end=\"793\"><p data-start=\"723\" data-end=\"793\">Subsidio de desempleo I y II (ALG I y II), ayuda social y prestaci\u00f3n b\u00e1sica<\/p><\/li><li data-start=\"794\" data-end=\"847\"><p data-start=\"796\" data-end=\"847\">Derechos de las personas con discapacidad grave y procedimientos de igualdad<\/p><\/li><li data-start=\"848\" data-end=\"894\"><p data-start=\"850\" data-end=\"894\">Seguro m\u00e9dico y de accidentes, subsidio por enfermedad<\/p><\/li><li data-start=\"895\" data-end=\"963\"><p data-start=\"897\" data-end=\"963\">Asistencia jur\u00eddica en caso de denegaci\u00f3n de prestaciones o reclamaciones de devoluci\u00f3n<\/p><\/li><li data-start=\"964\" data-end=\"1025\"><p data-start=\"966\" data-end=\"1025\">Representaci\u00f3n en procedimientos de recurso y ante los tribunales sociales<\/p><\/li><\/ul><p data-start=\"1027\" data-end=\"1303\">Defendemos con compromiso sus derechos sociales, de forma humana, orientada a las soluciones y con conocimientos jur\u00eddicos especializados. Especialmente para los extranjeros en Portugal, ofrecemos asesoramiento individualizado en el \u00e1mbito del derecho social alem\u00e1n y portugu\u00e9s.<\/p>\t\t\t\t\t\t\t\t<\/div>\n\t\t\t\t\t<\/div>\n\t\t\t\t<\/div>\n\t\t\t\t<\/div>","protected":false},"excerpt":{"rendered":"<p>Das Sozialrecht betrifft zentrale Lebensbereiche wie Gesundheit, Rente, Pflege, Arbeitslosigkeit und soziale Absicherung. Es sch\u00fctzt die Rechte der B\u00fcrgerinnen und B\u00fcrger in sozialen Notlagen \u2013 doch die Verfahren sind oft komplex und b\u00fcrokratisch. Unsere Kanzlei ber\u00e4t und vertritt Sie kompetent gegen\u00fcber Beh\u00f6rden und Sozialversicherungstr\u00e4gern. Unsere Leistungen im Sozialrecht: Beratung und Vertretung bei Rentenangelegenheiten (Altersrente, Erwerbsminderung) [&hellip;]<\/p>\n","protected":false},"author":1,"featured_media":0,"parent":0,"menu_order":0,"comment_status":"closed","ping_status":"open","template":"","meta":{"footnotes":""},"class_list":["post-192","page","type-page","status-publish","hentry"],"_links":{"self":[{"href":"https:\/\/www.kanzlei-ferreira.de\/es\/wp-json\/wp\/v2\/pages\/192","targetHints":{"allow":["GET"]}}],"collection":[{"href":"https:\/\/www.kanzlei-ferreira.de\/es\/wp-json\/wp\/v2\/pages"}],"about":[{"href":"https:\/\/www.kanzlei-ferreira.de\/es\/wp-json\/wp\/v2\/types\/page"}],"author":[{"embeddable":true,"href":"https:\/\/www.kanzlei-ferreira.de\/es\/wp-json\/wp\/v2\/users\/1"}],"replies":[{"embeddable":true,"href":"https:\/\/www.kanzlei-ferreira.de\/es\/wp-json\/wp\/v2\/comments?post=192"}],"version-history":[{"count":4,"href":"https:\/\/www.kanzlei-ferreira.de\/es\/wp-json\/wp\/v2\/pages\/192\/revisions"}],"predecessor-version":[{"id":227,"href":"https:\/\/www.kanzlei-ferreira.de\/es\/wp-json\/wp\/v2\/pages\/192\/revisions\/227"}],"wp:attachment":[{"href":"https:\/\/www.kanzlei-ferreira.de\/es\/wp-json\/wp\/v2\/media?parent=192"}],"curies":[{"name":"wp","href":"https:\/\/api.w.org\/{rel}","templated":true}]}}