{"id":2,"date":"2025-12-02T10:52:38","date_gmt":"2025-12-02T10:52:38","guid":{"rendered":"http:\/\/advogada-portuguesa.de\/?page_id=2"},"modified":"2025-12-02T14:58:48","modified_gmt":"2025-12-02T13:58:48","slug":"pagina-de-muestra","status":"publish","type":"page","link":"https:\/\/www.kanzlei-ferreira.de\/es\/sample-page\/","title":{"rendered":"derecho del tr\u00e1fico"},"content":{"rendered":"<div data-elementor-type=\"wp-page\" data-elementor-id=\"2\" class=\"elementor elementor-2\" data-elementor-post-type=\"page\">\n\t\t\t\t<div class=\"elementor-element elementor-element-4c51de2e e-flex e-con-boxed e-con e-parent\" data-id=\"4c51de2e\" data-element_type=\"container\">\n\t\t\t\t\t<div class=\"e-con-inner\">\n\t\t\t\t<div class=\"elementor-element elementor-element-f67babb elementor-widget elementor-widget-text-editor\" data-id=\"f67babb\" data-element_type=\"widget\" data-widget_type=\"text-editor.default\">\n\t\t\t\t\t\t\t\t\t<h2 data-start=\"152\" data-end=\"168\"><img decoding=\"async\" class=\"alignnone size-full wp-image-170\" src=\"https:\/\/www.kanzlei-ferreira.de\/wp-content\/uploads\/2025\/12\/verkehrsrecht-icon.png\" alt=\"\" width=\"134\" height=\"123\" \/>\u00a0<\/h2><p data-start=\"170\" data-end=\"498\">El derecho de la circulaci\u00f3n es un \u00e1rea central del derecho que regula el tr\u00e1fico rodado, los derechos y obligaciones de los conductores y todas las infracciones contra el c\u00f3digo de circulaci\u00f3n. Nuestro bufete ofrece asesoramiento y representaci\u00f3n jur\u00eddica a particulares, conductores profesionales, empresas de transporte y compa\u00f1\u00edas de seguros.<\/p><h3 data-start=\"500\" data-end=\"535\">Nuestros servicios de un vistazo:<\/h3><ul data-start=\"536\" data-end=\"925\"><li data-start=\"536\" data-end=\"635\"><p data-start=\"538\" data-end=\"635\">Defensa en procedimientos sancionadores (por ejemplo, exceso de velocidad, alcoholemia, conducci\u00f3n con tel\u00e9fono m\u00f3vil)<\/p><\/li><li data-start=\"636\" data-end=\"680\"><p data-start=\"638\" data-end=\"680\">Impugnaci\u00f3n de multas y p\u00e9rdida de puntos<\/p><\/li><li data-start=\"681\" data-end=\"753\"><p data-start=\"683\" data-end=\"753\">Objeci\u00f3n a las medidas adoptadas por la Autoridad Nacional de Tr\u00e1fico por Carretera (ANSR)<\/p><\/li><li data-start=\"754\" data-end=\"806\"><p data-start=\"756\" data-end=\"806\">Representaci\u00f3n en caso de prohibici\u00f3n de conducir y retirada del permiso de conducci\u00f3n<\/p><\/li><li data-start=\"807\" data-end=\"882\"><p data-start=\"809\" data-end=\"882\">Apoyo jur\u00eddico en accidentes de tr\u00e1fico (derecho civil y penal)<\/p><\/li><li data-start=\"883\" data-end=\"925\"><p data-start=\"885\" data-end=\"925\">Mediaci\u00f3n ante las compa\u00f1\u00edas de seguros<\/p><\/li><\/ul><p data-start=\"927\" data-end=\"1130\">Nuestro experimentado equipo est\u00e1 siempre al d\u00eda de la legislaci\u00f3n m\u00e1s reciente y se compromete a defender sus derechos con discreci\u00f3n. Le apoyamos con experiencia, confidencialidad y coherencia.<\/p>\t\t\t\t\t\t\t\t<\/div>\n\t\t\t\t\t<\/div>\n\t\t\t\t<\/div>\n\t\t\t\t<\/div>","protected":false},"excerpt":{"rendered":"<p>\u00a0 Das Verkehrsrecht ist ein zentraler Bereich des Rechts, der den Stra\u00dfenverkehr, die Rechte und Pflichten von Fahrzeugf\u00fchrern sowie s\u00e4mtliche Verst\u00f6\u00dfe gegen die Stra\u00dfenverkehrsordnung regelt. Unsere Kanzlei bietet juristische Beratung und Vertretung f\u00fcr Privatpersonen, Berufskraftfahrer, Transportunternehmen und Versicherungen. Unsere Leistungen im \u00dcberblick: Verteidigung in Bu\u00dfgeldverfahren (z.\u202fB. Geschwindigkeits\u00fcberschreitung, Alkohol, Handy am Steuer) Anfechtung von Geldbu\u00dfen und [&hellip;]<\/p>\n","protected":false},"author":1,"featured_media":0,"parent":0,"menu_order":0,"comment_status":"closed","ping_status":"open","template":"","meta":{"footnotes":""},"class_list":["post-2","page","type-page","status-publish","hentry"],"_links":{"self":[{"href":"https:\/\/www.kanzlei-ferreira.de\/es\/wp-json\/wp\/v2\/pages\/2","targetHints":{"allow":["GET"]}}],"collection":[{"href":"https:\/\/www.kanzlei-ferreira.de\/es\/wp-json\/wp\/v2\/pages"}],"about":[{"href":"https:\/\/www.kanzlei-ferreira.de\/es\/wp-json\/wp\/v2\/types\/page"}],"author":[{"embeddable":true,"href":"https:\/\/www.kanzlei-ferreira.de\/es\/wp-json\/wp\/v2\/users\/1"}],"replies":[{"embeddable":true,"href":"https:\/\/www.kanzlei-ferreira.de\/es\/wp-json\/wp\/v2\/comments?post=2"}],"version-history":[{"count":10,"href":"https:\/\/www.kanzlei-ferreira.de\/es\/wp-json\/wp\/v2\/pages\/2\/revisions"}],"predecessor-version":[{"id":174,"href":"https:\/\/www.kanzlei-ferreira.de\/es\/wp-json\/wp\/v2\/pages\/2\/revisions\/174"}],"wp:attachment":[{"href":"https:\/\/www.kanzlei-ferreira.de\/es\/wp-json\/wp\/v2\/media?parent=2"}],"curies":[{"name":"wp","href":"https:\/\/api.w.org\/{rel}","templated":true}]}}