{"id":470,"date":"2025-12-09T22:02:23","date_gmt":"2025-12-09T21:02:23","guid":{"rendered":"https:\/\/advogada-portuguesa.de\/?page_id=470"},"modified":"2025-12-09T22:41:48","modified_gmt":"2025-12-09T21:41:48","slug":"internacional","status":"publish","type":"page","link":"https:\/\/www.kanzlei-ferreira.de\/es\/international\/","title":{"rendered":"Internacional"},"content":{"rendered":"<div data-elementor-type=\"wp-page\" data-elementor-id=\"470\" class=\"elementor elementor-470\" data-elementor-post-type=\"page\">\n\t\t\t\t<div class=\"elementor-element elementor-element-12ecec7f e-flex e-con-boxed e-con e-parent\" data-id=\"12ecec7f\" data-element_type=\"container\">\n\t\t\t\t\t<div class=\"e-con-inner\">\n\t\t<div class=\"elementor-element elementor-element-2b6c4ade e-con-full e-flex e-con e-child\" data-id=\"2b6c4ade\" data-element_type=\"container\">\n\t\t\t\t<div class=\"elementor-element elementor-element-422dd1ba elementor-widget__width-initial elementor-absolute elementor-widget elementor-widget-spacer\" data-id=\"422dd1ba\" data-element_type=\"widget\" data-settings=\"{&quot;_position&quot;:&quot;absolute&quot;}\" data-widget_type=\"spacer.default\">\n\t\t\t\t\t\t\t<div class=\"elementor-spacer\">\n\t\t\t<div class=\"elementor-spacer-inner\"><\/div>\n\t\t<\/div>\n\t\t\t\t\t\t<\/div>\n\t\t\t\t<div class=\"elementor-element elementor-element-322184e5 elementor-invisible elementor-widget elementor-widget-heading\" data-id=\"322184e5\" data-element_type=\"widget\" data-settings=\"{&quot;_animation&quot;:&quot;fadeInUp&quot;}\" data-widget_type=\"heading.default\">\n\t\t\t\t\t<h3 class=\"elementor-heading-title elementor-size-default\">Confianza m\u00e1s all\u00e1 de las fronteras<\/h3>\t\t\t\t<\/div>\n\t\t\t\t<div class=\"elementor-element elementor-element-6fcec10 elementor-widget elementor-widget-heading\" data-id=\"6fcec10\" data-element_type=\"widget\" data-widget_type=\"heading.default\">\n\t\t\t\t\t<h3 class=\"elementor-heading-title elementor-size-default\">Cooperaciones<\/h3>\t\t\t\t<\/div>\n\t\t\t\t<div class=\"elementor-element elementor-element-50d15f58 elementor-widget elementor-widget-text-editor\" data-id=\"50d15f58\" data-element_type=\"widget\" data-widget_type=\"text-editor.default\">\n\t\t\t\t\t\t\t\t\t<p>\u201eConectados globalmente, arraigados localmente. Su bufete de abogados para asociaciones s\u00f3lidas en Portugal y en todo el mundo\u201c.\u201c<\/p>\t\t\t\t\t\t\t\t<\/div>\n\t\t\t\t<\/div>\n\t\t<div class=\"elementor-element elementor-element-7a97840a e-con-full e-flex e-con e-child\" data-id=\"7a97840a\" data-element_type=\"container\" data-settings=\"{&quot;background_background&quot;:&quot;classic&quot;}\">\n\t\t\t\t<\/div>\n\t\t\t\t\t<\/div>\n\t\t\t\t<\/div>\n\t\t<div class=\"elementor-element elementor-element-3a09d88 e-flex e-con-boxed e-con e-parent\" data-id=\"3a09d88\" data-element_type=\"container\">\n\t\t\t\t\t<div class=\"e-con-inner\">\n\t\t<div class=\"elementor-element elementor-element-79a1c613 e-con-full e-flex e-con e-child\" data-id=\"79a1c613\" data-element_type=\"container\">\n\t\t\t\t<div class=\"elementor-element elementor-element-e145a72 elementor-widget elementor-widget-image\" data-id=\"e145a72\" data-element_type=\"widget\" data-widget_type=\"image.default\">\n\t\t\t\t\t\t\t\t\t\t\t\t\t\t\t<img fetchpriority=\"high\" decoding=\"async\" width=\"415\" height=\"473\" src=\"https:\/\/www.kanzlei-ferreira.de\/wp-content\/uploads\/2025\/12\/AboutPage-Img_2.jpg\" class=\"attachment-full size-full wp-image-36\" alt=\"\" srcset=\"https:\/\/www.kanzlei-ferreira.de\/wp-content\/uploads\/2025\/12\/AboutPage-Img_2.jpg 415w, https:\/\/www.kanzlei-ferreira.de\/wp-content\/uploads\/2025\/12\/AboutPage-Img_2-263x300.jpg 263w\" sizes=\"(max-width: 415px) 100vw, 415px\" \/>\t\t\t\t\t\t\t\t\t\t\t\t\t\t\t<\/div>\n\t\t\t\t<\/div>\n\t\t<div class=\"elementor-element elementor-element-370c896d e-con-full e-flex e-con e-child\" data-id=\"370c896d\" data-element_type=\"container\">\n\t\t\t\t<div class=\"elementor-element elementor-element-90c7cce elementor-widget elementor-widget-text-editor\" data-id=\"90c7cce\" data-element_type=\"widget\" data-widget_type=\"text-editor.default\">\n\t\t\t\t\t\t\t\t\t<p data-start=\"245\" data-end=\"293\"><strong><br \/>Internacional: conectados para su \u00e9xito<\/strong><\/p><p data-start=\"295\" data-end=\"682\">Nuestro bufete piensa m\u00e1s all\u00e1 de las fronteras: gracias a una estrecha colaboraci\u00f3n con bufetes de abogados con amplia experiencia en <strong data-start=\"397\" data-end=\"427\">Oporto, Lisboa y Leiria<\/strong> Ofrecemos a nuestros clientes acceso directo a asesoramiento jur\u00eddico cualificado en todo Portugal. Ya sea para empresas con intereses internacionales, inversores o particulares con intereses en el extranjero, le acompa\u00f1amos de forma fiable y competente.<\/p><p data-start=\"684\" data-end=\"1054\">Estamos especialmente orgullosos de ser miembros de la <strong>Alianza LegalNetlink<\/strong>, una red exclusiva de solo unos 1550 abogados seleccionados de todo el mundo. Esta alianza conecta a bufetes independientes de tama\u00f1o medio de todos los continentes con un objetivo com\u00fan: la m\u00e1xima calidad, un servicio personalizado y una visi\u00f3n internacional.<\/p><p data-start=\"1056\" data-end=\"1224\">Gracias a estas s\u00f3lidas alianzas, podemos ofrecer a nuestros clientes soluciones personalizadas a nivel internacional, de forma r\u00e1pida, eficiente y personalizada.<\/p><p data-start=\"1226\" data-end=\"1343\"><strong data-start=\"1226\" data-end=\"1343\">Conf\u00ede en una red que piensa m\u00e1s all\u00e1 de las fronteras, pero que siempre se mantiene cerca de sus necesidades.<\/strong><\/p>\t\t\t\t\t\t\t\t<\/div>\n\t\t\t\t<\/div>\n\t\t\t\t\t<\/div>\n\t\t\t\t<\/div>\n\t\t\t\t<\/div>","protected":false},"excerpt":{"rendered":"<p>Vertrauen \u00fcber Grenzen hinweg Kooperationen \u201eGlobal verbunden \u2013 lokal verankert. Ihre Kanzlei f\u00fcr starke Partnerschaften in Portugal und weltweit.\u201c International \u2013 vernetzt f\u00fcr Ihren Erfolg Unsere Kanzlei denkt grenz\u00fcberschreitend: Durch enge Kooperationen mit erfahrenen Anwaltskanzleien in Porto, Lissabon und Leiria bieten wir unseren Mandanten direkten Zugang zu qualifizierter Rechtsberatung in ganz Portugal. Ob f\u00fcr Unternehmen [&hellip;]<\/p>\n","protected":false},"author":1,"featured_media":44,"parent":0,"menu_order":0,"comment_status":"closed","ping_status":"closed","template":"elementor_header_footer","meta":{"footnotes":""},"class_list":["post-470","page","type-page","status-publish","has-post-thumbnail","hentry"],"_links":{"self":[{"href":"https:\/\/www.kanzlei-ferreira.de\/es\/wp-json\/wp\/v2\/pages\/470","targetHints":{"allow":["GET"]}}],"collection":[{"href":"https:\/\/www.kanzlei-ferreira.de\/es\/wp-json\/wp\/v2\/pages"}],"about":[{"href":"https:\/\/www.kanzlei-ferreira.de\/es\/wp-json\/wp\/v2\/types\/page"}],"author":[{"embeddable":true,"href":"https:\/\/www.kanzlei-ferreira.de\/es\/wp-json\/wp\/v2\/users\/1"}],"replies":[{"embeddable":true,"href":"https:\/\/www.kanzlei-ferreira.de\/es\/wp-json\/wp\/v2\/comments?post=470"}],"version-history":[{"count":10,"href":"https:\/\/www.kanzlei-ferreira.de\/es\/wp-json\/wp\/v2\/pages\/470\/revisions"}],"predecessor-version":[{"id":495,"href":"https:\/\/www.kanzlei-ferreira.de\/es\/wp-json\/wp\/v2\/pages\/470\/revisions\/495"}],"wp:featuredmedia":[{"embeddable":true,"href":"https:\/\/www.kanzlei-ferreira.de\/es\/wp-json\/wp\/v2\/media\/44"}],"wp:attachment":[{"href":"https:\/\/www.kanzlei-ferreira.de\/es\/wp-json\/wp\/v2\/media?parent=470"}],"curies":[{"name":"wp","href":"https:\/\/api.w.org\/{rel}","templated":true}]}}