{"id":496,"date":"2025-12-09T22:46:48","date_gmt":"2025-12-09T21:46:48","guid":{"rendered":"https:\/\/advogada-portuguesa.de\/?page_id=496"},"modified":"2025-12-10T22:02:10","modified_gmt":"2025-12-10T21:02:10","slug":"portugal","status":"publish","type":"page","link":"https:\/\/www.kanzlei-ferreira.de\/es\/portugal\/","title":{"rendered":"Portugal"},"content":{"rendered":"<div data-elementor-type=\"wp-page\" data-elementor-id=\"496\" class=\"elementor elementor-496\" data-elementor-post-type=\"page\">\n\t\t\t\t<div class=\"elementor-element elementor-element-12ecec7f e-flex e-con-boxed e-con e-parent\" data-id=\"12ecec7f\" data-element_type=\"container\">\n\t\t\t\t\t<div class=\"e-con-inner\">\n\t\t<div class=\"elementor-element elementor-element-2b6c4ade e-con-full e-flex e-con e-child\" data-id=\"2b6c4ade\" data-element_type=\"container\">\n\t\t\t\t<div class=\"elementor-element elementor-element-422dd1ba elementor-widget__width-initial elementor-absolute elementor-widget elementor-widget-spacer\" data-id=\"422dd1ba\" data-element_type=\"widget\" data-settings=\"{&quot;_position&quot;:&quot;absolute&quot;}\" data-widget_type=\"spacer.default\">\n\t\t\t\t\t\t\t<div class=\"elementor-spacer\">\n\t\t\t<div class=\"elementor-spacer-inner\"><\/div>\n\t\t<\/div>\n\t\t\t\t\t\t<\/div>\n\t\t\t\t<div class=\"elementor-element elementor-element-322184e5 elementor-invisible elementor-widget elementor-widget-heading\" data-id=\"322184e5\" data-element_type=\"widget\" data-settings=\"{&quot;_animation&quot;:&quot;fadeInUp&quot;}\" data-widget_type=\"heading.default\">\n\t\t\t\t\t<h3 class=\"elementor-heading-title elementor-size-default\">Seguridad jur\u00eddica transfronteriza.<\/h3>\t\t\t\t<\/div>\n\t\t\t\t<div class=\"elementor-element elementor-element-6fcec10 elementor-widget elementor-widget-heading\" data-id=\"6fcec10\" data-element_type=\"widget\" data-widget_type=\"heading.default\">\n\t\t\t\t\t<h3 class=\"elementor-heading-title elementor-size-default\">Portugal<\/h3>\t\t\t\t<\/div>\n\t\t\t\t<div class=\"elementor-element elementor-element-50d15f58 elementor-widget elementor-widget-text-editor\" data-id=\"50d15f58\" data-element_type=\"widget\" data-widget_type=\"text-editor.default\">\n\t\t\t\t\t\t\t\t\t<p>\u201eConectados globalmente - anclados localmente. Su bufete de abogados para asociaciones s\u00f3lidas en Portugal\u201c.\u201c<\/p>\t\t\t\t\t\t\t\t<\/div>\n\t\t\t\t<\/div>\n\t\t<div class=\"elementor-element elementor-element-7a97840a e-con-full e-flex e-con e-child\" data-id=\"7a97840a\" data-element_type=\"container\" data-settings=\"{&quot;background_background&quot;:&quot;classic&quot;}\">\n\t\t\t\t<\/div>\n\t\t\t\t\t<\/div>\n\t\t\t\t<\/div>\n\t\t<div class=\"elementor-element elementor-element-3a09d88 e-flex e-con-boxed e-con e-parent\" data-id=\"3a09d88\" data-element_type=\"container\">\n\t\t\t\t\t<div class=\"e-con-inner\">\n\t\t<div class=\"elementor-element elementor-element-79a1c613 e-con-full e-flex e-con e-child\" data-id=\"79a1c613\" data-element_type=\"container\">\n\t\t\t\t<div class=\"elementor-element elementor-element-e145a72 elementor-widget elementor-widget-image\" data-id=\"e145a72\" data-element_type=\"widget\" data-widget_type=\"image.default\">\n\t\t\t\t\t\t\t\t\t\t\t\t\t\t\t<img fetchpriority=\"high\" decoding=\"async\" width=\"646\" height=\"801\" src=\"https:\/\/www.kanzlei-ferreira.de\/wp-content\/uploads\/2025\/12\/Ordem_dos_Advogados.png\" class=\"attachment-full size-full wp-image-546\" alt=\"\" srcset=\"https:\/\/www.kanzlei-ferreira.de\/wp-content\/uploads\/2025\/12\/Ordem_dos_Advogados.png 646w, https:\/\/www.kanzlei-ferreira.de\/wp-content\/uploads\/2025\/12\/Ordem_dos_Advogados-242x300.png 242w, https:\/\/www.kanzlei-ferreira.de\/wp-content\/uploads\/2025\/12\/Ordem_dos_Advogados-10x12.png 10w, https:\/\/www.kanzlei-ferreira.de\/wp-content\/uploads\/2025\/12\/elementor\/thumbs\/Ordem_dos_Advogados-rfydeifn6bs08g2bsgenp1zonk6hfkrpe308jdkd4g.png 484w\" sizes=\"(max-width: 646px) 100vw, 646px\" \/>\t\t\t\t\t\t\t\t\t\t\t\t\t\t\t<\/div>\n\t\t\t\t<\/div>\n\t\t<div class=\"elementor-element elementor-element-370c896d e-con-full e-flex e-con e-child\" data-id=\"370c896d\" data-element_type=\"container\">\n\t\t\t\t<div class=\"elementor-element elementor-element-90c7cce elementor-widget elementor-widget-text-editor\" data-id=\"90c7cce\" data-element_type=\"widget\" data-widget_type=\"text-editor.default\">\n\t\t\t\t\t\t\t\t\t<p data-start=\"245\" data-end=\"293\"><strong>\u00a0<\/strong><\/p><p data-start=\"307\" data-end=\"349\"><strong>Nuestra especial conexi\u00f3n con Portugal<\/strong><\/p><p data-start=\"351\" data-end=\"649\">Nuestro bufete de abogados tiene un enfoque internacional y mantiene estrechos v\u00ednculos con Portugal desde hace muchos a\u00f1os. Estos estrechos lazos se basan en una larga cooperaci\u00f3n con bufetes de renombre en Oporto, Lisboa y Leiria, que complementan nuestra cartera de servicios m\u00e1s all\u00e1 de las fronteras nacionales.<\/p><p data-start=\"651\" data-end=\"1192\">Para los clientes, esto significa experiencia jur\u00eddica de una sola fuente, tanto en Alemania como directamente in situ en Portugal. Ofrecemos a empresas con actividades internacionales, inversores y particulares un acceso fiable a un asesoramiento jur\u00eddico portugu\u00e9s de primera clase. Ya se trate de cuestiones de derecho mercantil, proyectos inmobiliarios, creaci\u00f3n de empresas, sucesiones y asuntos familiares o complejos mandatos transfronterizos, nuestra experiencia y nuestra red garantizan soluciones claras y eficaces.<\/p><p data-start=\"1194\" data-end=\"1484\">Nuestra estrecha asociaci\u00f3n con Portugal es algo m\u00e1s que un modelo de cooperaci\u00f3n formal. Es una expresi\u00f3n de nuestra comprensi\u00f3n de la cooperaci\u00f3n intercultural, nuestros muchos a\u00f1os de experiencia y nuestra aspiraci\u00f3n de proporcionar a los clientes un apoyo fiable y competente en un entorno internacional.<\/p><p data-start=\"245\" data-end=\"293\"><strong>\u00a0<\/strong><\/p>\t\t\t\t\t\t\t\t<\/div>\n\t\t\t\t<\/div>\n\t\t\t\t\t<\/div>\n\t\t\t\t<\/div>\n\t\t\t\t<\/div>","protected":false},"excerpt":{"rendered":"<p>Rechtssicherheit \u00fcber Grenzen hinweg. Portugal \u201eGlobal verbunden \u2013 lokal verankert. Ihre Kanzlei f\u00fcr starke Partnerschaften in Portugal.\u201c \u00a0 Unsere besondere Verbindung zu Portugal Unsere Kanzlei ist international ausgerichtet und seit vielen Jahren eng mit Portugal verbunden. Diese enge Verflechtung beruht auf gewachsenen Kooperationen mit renommierten Anwaltskanzleien in Porto, Lissabon und Leiria, die unser Leistungsportfolio \u00fcber [&hellip;]<\/p>\n","protected":false},"author":1,"featured_media":44,"parent":0,"menu_order":0,"comment_status":"closed","ping_status":"closed","template":"elementor_header_footer","meta":{"footnotes":""},"class_list":["post-496","page","type-page","status-publish","has-post-thumbnail","hentry"],"_links":{"self":[{"href":"https:\/\/www.kanzlei-ferreira.de\/es\/wp-json\/wp\/v2\/pages\/496","targetHints":{"allow":["GET"]}}],"collection":[{"href":"https:\/\/www.kanzlei-ferreira.de\/es\/wp-json\/wp\/v2\/pages"}],"about":[{"href":"https:\/\/www.kanzlei-ferreira.de\/es\/wp-json\/wp\/v2\/types\/page"}],"author":[{"embeddable":true,"href":"https:\/\/www.kanzlei-ferreira.de\/es\/wp-json\/wp\/v2\/users\/1"}],"replies":[{"embeddable":true,"href":"https:\/\/www.kanzlei-ferreira.de\/es\/wp-json\/wp\/v2\/comments?post=496"}],"version-history":[{"count":10,"href":"https:\/\/www.kanzlei-ferreira.de\/es\/wp-json\/wp\/v2\/pages\/496\/revisions"}],"predecessor-version":[{"id":581,"href":"https:\/\/www.kanzlei-ferreira.de\/es\/wp-json\/wp\/v2\/pages\/496\/revisions\/581"}],"wp:featuredmedia":[{"embeddable":true,"href":"https:\/\/www.kanzlei-ferreira.de\/es\/wp-json\/wp\/v2\/media\/44"}],"wp:attachment":[{"href":"https:\/\/www.kanzlei-ferreira.de\/es\/wp-json\/wp\/v2\/media?parent=496"}],"curies":[{"name":"wp","href":"https:\/\/api.w.org\/{rel}","templated":true}]}}