{"id":498,"date":"2025-12-09T22:47:41","date_gmt":"2025-12-09T21:47:41","guid":{"rendered":"https:\/\/advogada-portuguesa.de\/?page_id=498"},"modified":"2025-12-11T08:55:41","modified_gmt":"2025-12-11T07:55:41","slug":"legalnetlinkalliance","status":"publish","type":"page","link":"https:\/\/www.kanzlei-ferreira.de\/es\/legalnetlinkalliance\/","title":{"rendered":""},"content":{"rendered":"<div data-elementor-type=\"wp-page\" data-elementor-id=\"498\" class=\"elementor elementor-498\" data-elementor-post-type=\"page\">\n\t\t\t\t<div class=\"elementor-element elementor-element-12ecec7f e-flex e-con-boxed e-con e-parent\" data-id=\"12ecec7f\" data-element_type=\"container\">\n\t\t\t\t\t<div class=\"e-con-inner\">\n\t\t<div class=\"elementor-element elementor-element-2b6c4ade e-con-full e-flex e-con e-child\" data-id=\"2b6c4ade\" data-element_type=\"container\">\n\t\t\t\t<div class=\"elementor-element elementor-element-422dd1ba elementor-widget__width-initial elementor-absolute elementor-widget elementor-widget-spacer\" data-id=\"422dd1ba\" data-element_type=\"widget\" data-settings=\"{&quot;_position&quot;:&quot;absolute&quot;}\" data-widget_type=\"spacer.default\">\n\t\t\t\t\t\t\t<div class=\"elementor-spacer\">\n\t\t\t<div class=\"elementor-spacer-inner\"><\/div>\n\t\t<\/div>\n\t\t\t\t\t\t<\/div>\n\t\t\t\t<div class=\"elementor-element elementor-element-322184e5 elementor-invisible elementor-widget elementor-widget-heading\" data-id=\"322184e5\" data-element_type=\"widget\" data-settings=\"{&quot;_animation&quot;:&quot;fadeInUp&quot;}\" data-widget_type=\"heading.default\">\n\t\t\t\t\t<h3 class=\"elementor-heading-title elementor-size-default\">Confianza m\u00e1s all\u00e1 de las fronteras<\/h3>\t\t\t\t<\/div>\n\t\t\t\t<div class=\"elementor-element elementor-element-6fcec10 elementor-widget elementor-widget-heading\" data-id=\"6fcec10\" data-element_type=\"widget\" data-widget_type=\"heading.default\">\n\t\t\t\t\t<h3 class=\"elementor-heading-title elementor-size-default\">Alianza Legal Netlink<\/h3>\t\t\t\t<\/div>\n\t\t\t\t<div class=\"elementor-element elementor-element-50d15f58 elementor-widget elementor-widget-text-editor\" data-id=\"50d15f58\" data-element_type=\"widget\" data-widget_type=\"text-editor.default\">\n\t\t\t\t\t\t\t\t\t<p>\u201eConectados globalmente, arraigados localmente. Su bufete de abogados para asociaciones s\u00f3lidas en Portugal y en todo el mundo\u201c.\u201c<\/p>\t\t\t\t\t\t\t\t<\/div>\n\t\t\t\t<\/div>\n\t\t<div class=\"elementor-element elementor-element-7a97840a e-con-full e-flex e-con e-child\" data-id=\"7a97840a\" data-element_type=\"container\" data-settings=\"{&quot;background_background&quot;:&quot;classic&quot;}\">\n\t\t\t\t<\/div>\n\t\t\t\t\t<\/div>\n\t\t\t\t<\/div>\n\t\t<div class=\"elementor-element elementor-element-3a09d88 e-flex e-con-boxed e-con e-parent\" data-id=\"3a09d88\" data-element_type=\"container\">\n\t\t\t\t\t<div class=\"e-con-inner\">\n\t\t<div class=\"elementor-element elementor-element-370c896d e-con-full e-flex e-con e-child\" data-id=\"370c896d\" data-element_type=\"container\">\n\t\t\t\t<div class=\"elementor-element elementor-element-90c7cce elementor-widget elementor-widget-text-editor\" data-id=\"90c7cce\" data-element_type=\"widget\" data-widget_type=\"text-editor.default\">\n\t\t\t\t\t\t\t\t\t<p data-start=\"124\" data-end=\"356\">\u00a0<\/p><p data-start=\"124\" data-end=\"356\"><strong data-start=\"124\" data-end=\"155\">Acerca de Legal Netlink Alliance<\/strong><br data-start=\"155\" data-end=\"158\" \/>Durante m\u00e1s de treinta a\u00f1os, la Alianza Legal Netlink ha permitido a sus miembros ampliar el alcance de sus servicios para satisfacer las necesidades de sus clientes en todo el mundo.<\/p><p data-start=\"358\" data-end=\"938\"><strong data-start=\"358\" data-end=\"382\">Valores que conectan<\/strong><br data-start=\"382\" data-end=\"385\" \/>Legal Netlink Alliance (LNA) es una red mundial de peque\u00f1os y medianos bufetes de abogados independientes. Ofrece a sus miembros y a sus clientes acceso a un asesoramiento jur\u00eddico de alta calidad a escala internacional. Lo que hace especial a LNA son las relaciones profesionales de confianza y la estrecha cooperaci\u00f3n que se desarrollan entre sus miembros. Muchas de estas colaboraciones duraderas comenzaron en las reuniones trimestrales de LNA, en las que abogados de todo el mundo intercambian ideas y aprenden unos de otros.<\/p><p data-start=\"940\" data-end=\"1056\"><strong data-start=\"940\" data-end=\"967\">Ventajas para los afiliados<\/strong><br data-start=\"967\" data-end=\"970\" \/>Los miembros de la LNA se benefician de muchas maneras de su participaci\u00f3n en la red:<\/p><ul data-start=\"1058\" data-end=\"1422\"><li data-start=\"1058\" data-end=\"1179\"><p data-start=\"1060\" data-end=\"1179\">Acceso a una red internacional de bufetes de abogados que comparten altos niveles de calidad y orientaci\u00f3n al cliente.<\/p><\/li><li data-start=\"1180\" data-end=\"1319\"><p data-start=\"1182\" data-end=\"1319\">Reuniones trimestrales que permiten conocerse personalmente y ofrecen programas actualizados de formaci\u00f3n y gesti\u00f3n de despachos de abogados.<\/p><\/li><li data-start=\"1320\" data-end=\"1422\"><p data-start=\"1322\" data-end=\"1422\">Relaciones personales a largo plazo que fomentan nuevos contactos con clientes y oportunidades de negocio.<\/p><\/li><\/ul><p data-start=\"1424\" data-end=\"1703\">La afiliaci\u00f3n a LNA puede ser tanto una herramienta de desarrollo empresarial como un valioso recurso de desarrollo profesional para su bufete de abogados. A continuaci\u00f3n encontrar\u00e1 una gu\u00eda completa sobre c\u00f3mo sacar el m\u00e1ximo partido a su afiliaci\u00f3n.<\/p><p data-start=\"1705\" data-end=\"1790\"><strong data-start=\"1705\" data-end=\"1731\">Ventajas para los clientes<\/strong><br data-start=\"1731\" data-end=\"1734\" \/>Los clientes que utilizan la red LNA se benefician de:<\/p><ul data-start=\"1792\" data-end=\"2275\"><li data-start=\"1792\" data-end=\"2024\"><p data-start=\"1794\" data-end=\"2024\">F\u00e1cil acceso a asesores jur\u00eddicos cualificados en casi todos los pa\u00edses del mundo. Todos los bufetes miembros han sido cuidadosamente seleccionados y son sin\u00f3nimo de excelente competencia profesional, elevadas normas \u00e9ticas y orientaci\u00f3n al cliente.<\/p><\/li><li data-start=\"2025\" data-end=\"2161\"><p data-start=\"2027\" data-end=\"2161\">Acuerdos de honorarios flexibles y evitar las ineficiencias que suelen producirse en los grandes bufetes internacionales.<\/p><\/li><li data-start=\"2162\" data-end=\"2275\"><p data-start=\"2164\" data-end=\"2275\">Conocimiento profundo del sistema jur\u00eddico nacional respectivo, por abogados que trabajan in situ todos los d\u00edas.<\/p><\/li><\/ul><p data-start=\"2277\" data-end=\"2647\"><strong data-start=\"2277\" data-end=\"2308\">Independencia total<\/strong><br data-start=\"2308\" data-end=\"2311\" \/>Aunque la mayor\u00eda de los mandatos se negocian dentro de la red, los miembros de LNA no est\u00e1n obligados a trabajar exclusivamente dentro de la red, sino que tambi\u00e9n pueden dar instrucciones a otros bufetes de abogados en cualquier momento.<br data-start=\"2529\" data-end=\"2532\" \/><br \/><\/p>\t\t\t\t\t\t\t\t<\/div>\n\t\t\t\t<\/div>\n\t\t\t\t\t<\/div>\n\t\t\t\t<\/div>\n\t\t\t\t<\/div>","protected":false},"excerpt":{"rendered":"<p>Vertrauen \u00fcber Grenzen hinweg Legal Netlink Alliance \u201eGlobal verbunden \u2013 lokal verankert. Ihre Kanzlei f\u00fcr starke Partnerschaften in Portugal und weltweit.\u201c \u00a0 \u00dcber Legal Netlink AllianceSeit \u00fcber drei\u00dfig Jahren erm\u00f6glicht die Legal Netlink Alliance ihren Mitgliedern, die Reichweite ihrer Dienstleistungen zu erweitern, um den Anforderungen ihrer Mandanten weltweit gerecht zu werden. Werte, die verbindenLegal Netlink [&hellip;]<\/p>\n","protected":false},"author":1,"featured_media":44,"parent":0,"menu_order":0,"comment_status":"closed","ping_status":"closed","template":"","meta":{"footnotes":""},"class_list":["post-498","page","type-page","status-publish","has-post-thumbnail","hentry"],"_links":{"self":[{"href":"https:\/\/www.kanzlei-ferreira.de\/es\/wp-json\/wp\/v2\/pages\/498","targetHints":{"allow":["GET"]}}],"collection":[{"href":"https:\/\/www.kanzlei-ferreira.de\/es\/wp-json\/wp\/v2\/pages"}],"about":[{"href":"https:\/\/www.kanzlei-ferreira.de\/es\/wp-json\/wp\/v2\/types\/page"}],"author":[{"embeddable":true,"href":"https:\/\/www.kanzlei-ferreira.de\/es\/wp-json\/wp\/v2\/users\/1"}],"replies":[{"embeddable":true,"href":"https:\/\/www.kanzlei-ferreira.de\/es\/wp-json\/wp\/v2\/comments?post=498"}],"version-history":[{"count":10,"href":"https:\/\/www.kanzlei-ferreira.de\/es\/wp-json\/wp\/v2\/pages\/498\/revisions"}],"predecessor-version":[{"id":584,"href":"https:\/\/www.kanzlei-ferreira.de\/es\/wp-json\/wp\/v2\/pages\/498\/revisions\/584"}],"wp:featuredmedia":[{"embeddable":true,"href":"https:\/\/www.kanzlei-ferreira.de\/es\/wp-json\/wp\/v2\/media\/44"}],"wp:attachment":[{"href":"https:\/\/www.kanzlei-ferreira.de\/es\/wp-json\/wp\/v2\/media?parent=498"}],"curies":[{"name":"wp","href":"https:\/\/api.w.org\/{rel}","templated":true}]}}