{"id":69,"date":"2025-12-02T12:18:56","date_gmt":"2025-12-02T11:18:56","guid":{"rendered":"https:\/\/advogada-portuguesa.de\/home\/"},"modified":"2025-12-25T12:47:56","modified_gmt":"2025-12-25T11:47:56","slug":"home","status":"publish","type":"page","link":"https:\/\/www.kanzlei-ferreira.de\/es\/","title":{"rendered":"Inicio"},"content":{"rendered":"\t\t<div data-elementor-type=\"wp-page\" data-elementor-id=\"69\" class=\"elementor elementor-69\" data-elementor-post-type=\"page\">\n\t\t\t\t<div class=\"elementor-element elementor-element-6b68ac1a e-flex e-con-boxed e-con e-parent\" data-id=\"6b68ac1a\" data-element_type=\"container\">\n\t\t\t\t\t<div class=\"e-con-inner\">\n\t\t\t\t<div class=\"elementor-element elementor-element-63b1ac62 elementor-invisible elementor-widget elementor-widget-heading\" data-id=\"63b1ac62\" data-element_type=\"widget\" data-settings=\"{&quot;_animation&quot;:&quot;fadeInUp&quot;}\" data-widget_type=\"heading.default\">\n\t\t\t\t\t<h1 class=\"elementor-heading-title elementor-size-default\">Entdecken Sie unsere Kernkompetenzen<\/h1>\t\t\t\t<\/div>\n\t\t\t\t<div class=\"elementor-element elementor-element-7c3c2db elementor-widget elementor-widget-heading\" data-id=\"7c3c2db\" data-element_type=\"widget\" data-widget_type=\"heading.default\">\n\t\t\t\t\t<h4 class=\"elementor-heading-title elementor-size-default\">Bei welchem Thema ben\u00f6tigen Sie unsere Hilfe?<\/h4>\t\t\t\t<\/div>\n\t\t\t\t<div class=\"elementor-element elementor-element-1a50ee50 elementor-align-center elementor-invisible elementor-widget elementor-widget-button\" data-id=\"1a50ee50\" data-element_type=\"widget\" data-settings=\"{&quot;_animation&quot;:&quot;fadeInDown&quot;}\" data-widget_type=\"button.default\">\n\t\t\t\t\t\t\t\t\t\t<a class=\"elementor-button elementor-button-link elementor-size-md\" href=\"https:\/\/www.kanzlei-ferreira.de\/es\/kompetenzen\/\">\n\t\t\t\t\t\t<span class=\"elementor-button-content-wrapper\">\n\t\t\t\t\t\t\t\t\t<span class=\"elementor-button-text\">Weitere Infos \u27f6<\/span>\n\t\t\t\t\t<\/span>\n\t\t\t\t\t<\/a>\n\t\t\t\t\t\t\t\t<\/div>\n\t\t\t\t\t<\/div>\n\t\t\t\t<\/div>\n\t\t<div class=\"elementor-element elementor-element-49d02a24 e-con-full e-flex e-con e-parent\" data-id=\"49d02a24\" data-element_type=\"container\" data-settings=\"{&quot;background_background&quot;:&quot;classic&quot;}\">\n\t\t\t\t<\/div>\n\t\t<div class=\"elementor-element elementor-element-55353a29 e-flex e-con-boxed e-con e-parent\" data-id=\"55353a29\" data-element_type=\"container\">\n\t\t\t\t\t<div class=\"e-con-inner\">\n\t\t<div class=\"elementor-element elementor-element-71736b28 e-con-full e-flex e-con e-child\" data-id=\"71736b28\" data-element_type=\"container\">\n\t\t\t\t<div class=\"elementor-element elementor-element-68665dbf elementor-widget elementor-widget-heading\" data-id=\"68665dbf\" data-element_type=\"widget\" data-widget_type=\"heading.default\">\n\t\t\t\t\t<h2 class=\"elementor-heading-title elementor-size-default\">Entdecken Sie unsere Kompetenzbereiche<\/h2>\t\t\t\t<\/div>\n\t\t\t\t<\/div>\n\t\t<div class=\"elementor-element elementor-element-7dcadf34 e-con-full e-flex e-con e-child\" data-id=\"7dcadf34\" data-element_type=\"container\">\n\t\t<div class=\"elementor-element elementor-element-2789daa6 e-con-full e-flex e-con e-child\" data-id=\"2789daa6\" data-element_type=\"container\">\n\t\t\t\t<div class=\"elementor-element elementor-element-3f10c1cd elementor-position-top elementor-widget elementor-widget-image-box\" data-id=\"3f10c1cd\" data-element_type=\"widget\" data-widget_type=\"image-box.default\">\n\t\t\t\t\t<div class=\"elementor-image-box-wrapper\"><figure class=\"elementor-image-box-img\"><img fetchpriority=\"high\" decoding=\"async\" width=\"272\" height=\"310\" src=\"https:\/\/www.kanzlei-ferreira.de\/wp-content\/uploads\/2025\/12\/Vertragsrecht.jpg\" class=\"elementor-animation-float attachment-full size-full wp-image-442\" alt=\"\" srcset=\"https:\/\/www.kanzlei-ferreira.de\/wp-content\/uploads\/2025\/12\/Vertragsrecht.jpg 272w, https:\/\/www.kanzlei-ferreira.de\/wp-content\/uploads\/2025\/12\/Vertragsrecht-263x300.jpg 263w\" sizes=\"(max-width: 272px) 100vw, 272px\" \/><\/figure><div class=\"elementor-image-box-content\"><h3 class=\"elementor-image-box-title\">Vertragsrecht<\/h3><p class=\"elementor-image-box-description\">Das Vertragsrecht bildet die Grundlage nahezu aller gesch\u00e4ftlichen und privaten Rechtsbeziehungen. <\/p><\/div><\/div>\t\t\t\t<\/div>\n\t\t\t\t<div class=\"elementor-element elementor-element-2856dd5b elementor-mobile-align-center elementor-widget elementor-widget-button\" data-id=\"2856dd5b\" data-element_type=\"widget\" data-widget_type=\"button.default\">\n\t\t\t\t\t\t\t\t\t\t<a class=\"elementor-button elementor-button-link elementor-size-sm\" href=\"https:\/\/www.kanzlei-ferreira.de\/vertragsrecht\/\">\n\t\t\t\t\t\t<span class=\"elementor-button-content-wrapper\">\n\t\t\t\t\t\t\t\t\t<span class=\"elementor-button-text\">Weiter lesen<\/span>\n\t\t\t\t\t<\/span>\n\t\t\t\t\t<\/a>\n\t\t\t\t\t\t\t\t<\/div>\n\t\t\t\t<\/div>\n\t\t<div class=\"elementor-element elementor-element-3aa7a58b e-con-full e-flex e-con e-child\" data-id=\"3aa7a58b\" data-element_type=\"container\">\n\t\t\t\t<div class=\"elementor-element elementor-element-5cd96068 elementor-position-top elementor-widget elementor-widget-image-box\" data-id=\"5cd96068\" data-element_type=\"widget\" data-widget_type=\"image-box.default\">\n\t\t\t\t\t<div class=\"elementor-image-box-wrapper\"><figure class=\"elementor-image-box-img\"><a href=\"https:\/\/www.kanzlei-ferreira.de\/familienrecht\/\" tabindex=\"-1\"><img decoding=\"async\" width=\"272\" height=\"310\" src=\"https:\/\/www.kanzlei-ferreira.de\/wp-content\/uploads\/2025\/12\/Familienrecht2.jpg\" class=\"elementor-animation-float attachment-full size-full wp-image-431\" alt=\"\" srcset=\"https:\/\/www.kanzlei-ferreira.de\/wp-content\/uploads\/2025\/12\/Familienrecht2.jpg 272w, https:\/\/www.kanzlei-ferreira.de\/wp-content\/uploads\/2025\/12\/Familienrecht2-263x300.jpg 263w\" sizes=\"(max-width: 272px) 100vw, 272px\" \/><\/a><\/figure><div class=\"elementor-image-box-content\"><h3 class=\"elementor-image-box-title\"><a href=\"https:\/\/www.kanzlei-ferreira.de\/familienrecht\/\">Familienrecht<\/a><\/h3><p class=\"elementor-image-box-description\">Das Familienrecht regelt alle rechtlichen Beziehungen innerhalb der Familie \u2013 von der Ehe und Scheidung bis zur elterlichen Sorge, Unterhaltsfragen und dem Schutz von Minderj\u00e4hrigen. <\/p><\/div><\/div>\t\t\t\t<\/div>\n\t\t\t\t<div class=\"elementor-element elementor-element-89079c2 elementor-mobile-align-center elementor-widget elementor-widget-button\" data-id=\"89079c2\" data-element_type=\"widget\" data-widget_type=\"button.default\">\n\t\t\t\t\t\t\t\t\t\t<a class=\"elementor-button elementor-button-link elementor-size-sm\" href=\"https:\/\/www.kanzlei-ferreira.de\/es\/kompetenzen\/\">\n\t\t\t\t\t\t<span class=\"elementor-button-content-wrapper\">\n\t\t\t\t\t\t\t\t\t<span class=\"elementor-button-text\">Weiter lesen<\/span>\n\t\t\t\t\t<\/span>\n\t\t\t\t\t<\/a>\n\t\t\t\t\t\t\t\t<\/div>\n\t\t\t\t<\/div>\n\t\t<div class=\"elementor-element elementor-element-5742fe08 e-con-full e-flex e-con e-child\" data-id=\"5742fe08\" data-element_type=\"container\">\n\t\t\t\t<div class=\"elementor-element elementor-element-2c2fae50 elementor-position-top elementor-widget elementor-widget-image-box\" data-id=\"2c2fae50\" data-element_type=\"widget\" data-widget_type=\"image-box.default\">\n\t\t\t\t\t<div class=\"elementor-image-box-wrapper\"><figure class=\"elementor-image-box-img\"><img decoding=\"async\" width=\"272\" height=\"310\" src=\"https:\/\/www.kanzlei-ferreira.de\/wp-content\/uploads\/2025\/12\/Verkehrsrecht.jpg\" class=\"elementor-animation-float attachment-full size-full wp-image-438\" alt=\"\" srcset=\"https:\/\/www.kanzlei-ferreira.de\/wp-content\/uploads\/2025\/12\/Verkehrsrecht.jpg 272w, https:\/\/www.kanzlei-ferreira.de\/wp-content\/uploads\/2025\/12\/Verkehrsrecht-263x300.jpg 263w\" sizes=\"(max-width: 272px) 100vw, 272px\" \/><\/figure><div class=\"elementor-image-box-content\"><h3 class=\"elementor-image-box-title\">Verkehrsrecht<\/h3><p class=\"elementor-image-box-description\">Das Verkehrsrecht ist ein zentraler Bereich des Rechts, der den Stra\u00dfenverkehr, die Rechte und Pflichten von Fahrzeugf\u00fchrern sowie s\u00e4mtliche Verst\u00f6\u00dfe gegen die Stra\u00dfenverkehrsordnung regelt. <\/p><\/div><\/div>\t\t\t\t<\/div>\n\t\t\t\t<div class=\"elementor-element elementor-element-7c2cde99 elementor-mobile-align-center elementor-widget elementor-widget-button\" data-id=\"7c2cde99\" data-element_type=\"widget\" data-widget_type=\"button.default\">\n\t\t\t\t\t\t\t\t\t\t<a class=\"elementor-button elementor-button-link elementor-size-sm\" href=\"https:\/\/www.kanzlei-ferreira.de\/es\/kompetenzen\/\">\n\t\t\t\t\t\t<span class=\"elementor-button-content-wrapper\">\n\t\t\t\t\t\t\t\t\t<span class=\"elementor-button-text\">Weiter lesen<\/span>\n\t\t\t\t\t<\/span>\n\t\t\t\t\t<\/a>\n\t\t\t\t\t\t\t\t<\/div>\n\t\t\t\t<\/div>\n\t\t\t\t<\/div>\n\t\t\t\t\t<\/div>\n\t\t\t\t<\/div>\n\t\t<div class=\"elementor-element elementor-element-21f07246 e-flex e-con-boxed e-con e-parent\" data-id=\"21f07246\" data-element_type=\"container\">\n\t\t\t\t\t<div class=\"e-con-inner\">\n\t\t<div class=\"elementor-element elementor-element-4aef7419 e-con-full e-flex e-con e-child\" data-id=\"4aef7419\" data-element_type=\"container\">\n\t\t\t\t<div class=\"elementor-element elementor-element-7d90ca40 elementor-widget elementor-widget-heading\" data-id=\"7d90ca40\" data-element_type=\"widget\" data-widget_type=\"heading.default\">\n\t\t\t\t\t<h2 class=\"elementor-heading-title elementor-size-default\">Wir werden Sie auf jedem Schritt Ihres Weges begleiten.<\/h2>\t\t\t\t<\/div>\n\t\t\t\t<div class=\"elementor-element elementor-element-7c7b3566 elementor-widget elementor-widget-text-editor\" data-id=\"7c7b3566\" data-element_type=\"widget\" data-widget_type=\"text-editor.default\">\n\t\t\t\t\t\t\t\t\t<p>Unsere Mandantenstruktur ist vielf\u00e4ltig und anspruchsvoll \u2013 von Privatpersonen \u00fcber Selbstst\u00e4ndige bis hin zu mittelst\u00e4ndischen Unternehmen und Versicherern. Im Mittelpunkt steht f\u00fcr uns stets der direkte, vertrauensvolle Dialog, der die Entwicklung praktikabler und rechtssicherer L\u00f6sungen erm\u00f6glicht.<\/p><p data-start=\"599\" data-end=\"986\">Unsere Kanzlei arbeitet grenz\u00fcberschreitend. Durch enge Kooperationen mit erfahrenen Partnerkanzleien in Porto, Lissabon und Leiria erm\u00f6glichen wir unseren Mandanten direkten Zugang zu qualifizierter Rechtsberatung in ganz Portugal. Ob Unternehmen mit internationalen Verflechtungen, Investoren oder Privatpersonen mit Interessen im Ausland \u2013 wir begleiten Sie zuverl\u00e4ssig und kompetent.<\/p><p data-start=\"988\" data-end=\"1288\">Die eingebundenen Kolleginnen und Kollegen sind ausgewiesene Spezialisten, die in ihren jeweiligen Rechtsgebieten sowohl national als auch international \u00fcber umfassende Expertise verf\u00fcgen. Dank dieser Zusammenarbeit k\u00f6nnen wir die Interessen unserer Mandanten auch in Portugal wirkungsvoll vertreten.<\/p><p data-start=\"1290\" data-end=\"1662\">Besonders hervorzuheben ist unsere Mitgliedschaft in der LegalNetlink Alliance \u2013 einem exklusiven, weltweit vertretenen Netzwerk von rund 1.550 ausgew\u00e4hlten Anw\u00e4ltinnen und Anw\u00e4lten. Die Allianz verbindet mittelgro\u00dfe, unabh\u00e4ngige Kanzleien auf allen Kontinenten und verfolgt einen gemeinsamen Anspruch: h\u00f6chste Qualit\u00e4t, pers\u00f6nlicher Service und internationaler Weitblick.<\/p><p data-start=\"1664\" data-end=\"1818\">Durch diese starken Partnerschaften bieten wir unseren Mandanten ma\u00dfgeschneiderte L\u00f6sungen auf internationalem Niveau \u2013 schnell, effizient und pers\u00f6nlich.<\/p>\t\t\t\t\t\t\t\t<\/div>\n\t\t\t\t<div class=\"elementor-element elementor-element-18f93d86 elementor-mobile-align-center elementor-invisible elementor-widget elementor-widget-button\" data-id=\"18f93d86\" data-element_type=\"widget\" data-settings=\"{&quot;_animation&quot;:&quot;fadeInDown&quot;}\" data-widget_type=\"button.default\">\n\t\t\t\t\t\t\t\t\t\t<a class=\"elementor-button elementor-button-link elementor-size-md\" href=\"https:\/\/www.kanzlei-ferreira.de\/kompetenzen\/\">\n\t\t\t\t\t\t<span class=\"elementor-button-content-wrapper\">\n\t\t\t\t\t\t\t\t\t<span class=\"elementor-button-text\">Zu den Kompetenzen \u27f6<\/span>\n\t\t\t\t\t<\/span>\n\t\t\t\t\t<\/a>\n\t\t\t\t\t\t\t\t<\/div>\n\t\t\t\t<\/div>\n\t\t<div class=\"elementor-element elementor-element-2a2390d2 e-con-full e-flex e-con e-child\" data-id=\"2a2390d2\" data-element_type=\"container\">\n\t\t\t\t<div class=\"elementor-element elementor-element-e733a04 elementor-widget elementor-widget-image\" data-id=\"e733a04\" data-element_type=\"widget\" data-widget_type=\"image.default\">\n\t\t\t\t\t\t\t\t\t\t\t\t\t\t\t<img loading=\"lazy\" decoding=\"async\" width=\"525\" height=\"417\" src=\"https:\/\/www.kanzlei-ferreira.de\/wp-content\/uploads\/2025\/12\/HomePage-Practice_Areas-5.jpg\" class=\"attachment-full size-full wp-image-40\" alt=\"\" srcset=\"https:\/\/www.kanzlei-ferreira.de\/wp-content\/uploads\/2025\/12\/HomePage-Practice_Areas-5.jpg 525w, https:\/\/www.kanzlei-ferreira.de\/wp-content\/uploads\/2025\/12\/HomePage-Practice_Areas-5-300x238.jpg 300w\" sizes=\"(max-width: 525px) 100vw, 525px\" \/>\t\t\t\t\t\t\t\t\t\t\t\t\t\t\t<\/div>\n\t\t\t\t<\/div>\n\t\t\t\t\t<\/div>\n\t\t\t\t<\/div>\n\t\t<div class=\"elementor-element elementor-element-199d0d89 e-flex e-con-boxed e-con e-parent\" data-id=\"199d0d89\" data-element_type=\"container\">\n\t\t\t\t\t<div class=\"e-con-inner\">\n\t\t<div class=\"elementor-element elementor-element-153e7975 e-flex e-con-boxed e-con e-child\" data-id=\"153e7975\" data-element_type=\"container\">\n\t\t\t\t\t<div class=\"e-con-inner\">\n\t\t\t\t<div class=\"elementor-element elementor-element-57282057 elementor-invisible elementor-widget elementor-widget-heading\" data-id=\"57282057\" data-element_type=\"widget\" data-settings=\"{&quot;_animation&quot;:&quot;fadeInUp&quot;}\" data-widget_type=\"heading.default\">\n\t\t\t\t\t<h3 class=\"elementor-heading-title elementor-size-default\">Unser Team<\/h3>\t\t\t\t<\/div>\n\t\t\t\t<div class=\"elementor-element elementor-element-1ab11ce3 elementor-widget__width-inherit elementor-widget elementor-widget-heading\" data-id=\"1ab11ce3\" data-element_type=\"widget\" data-widget_type=\"heading.default\">\n\t\t\t\t\t<h3 class=\"elementor-heading-title elementor-size-default\">Lernen Sie unser Team kennen.<\/h3>\t\t\t\t<\/div>\n\t\t\t\t\t<\/div>\n\t\t\t\t<\/div>\n\t\t<div class=\"elementor-element elementor-element-44ed938c e-con-full e-flex e-con e-child\" data-id=\"44ed938c\" data-element_type=\"container\">\n\t\t\t\t<div class=\"elementor-element elementor-element-7b9bc6e0 elementor-widget-tablet__width-initial elementor-widget-mobile__width-inherit elementor-position-top elementor-widget elementor-widget-image-box\" data-id=\"7b9bc6e0\" data-element_type=\"widget\" data-widget_type=\"image-box.default\">\n\t\t\t\t\t<div class=\"elementor-image-box-wrapper\"><figure class=\"elementor-image-box-img\"><img decoding=\"async\" src=\"https:\/\/www.kanzlei-ferreira.de\/wp-content\/uploads\/elementor\/thumbs\/michaela-ferreira-dos-santos-266-rfl4865l8056m1gkl1omy5jquvgae6g15fncrkg5pg.jpg\" title=\"michaela-ferreira-dos-santos-266\" alt=\"michaela-ferreira-dos-santos-266\" class=\"elementor-animation-shrink\" loading=\"lazy\" \/><\/figure><div class=\"elementor-image-box-content\"><h3 class=\"elementor-image-box-title\">Michaela Ferreira<\/h3><p class=\"elementor-image-box-description\">Gr\u00fcnderin<\/p><\/div><\/div>\t\t\t\t<\/div>\n\t\t\t\t<\/div>\n\t\t\t\t\t<\/div>\n\t\t\t\t<\/div>\n\t\t<div class=\"elementor-element elementor-element-58c8316a e-con-full e-flex e-con e-parent\" data-id=\"58c8316a\" data-element_type=\"container\">\n\t\t<div class=\"elementor-element elementor-element-5c76d2cc e-con-full e-flex e-con e-child\" data-id=\"5c76d2cc\" data-element_type=\"container\" data-settings=\"{&quot;background_background&quot;:&quot;classic&quot;}\">\n\t\t\t\t<\/div>\n\t\t<div class=\"elementor-element elementor-element-700147a e-flex e-con-boxed e-con e-child\" data-id=\"700147a\" data-element_type=\"container\" data-settings=\"{&quot;background_background&quot;:&quot;classic&quot;}\">\n\t\t\t\t\t<div class=\"e-con-inner\">\n\t\t\t\t<div class=\"elementor-element elementor-element-c979e6e elementor-widget elementor-widget-heading\" data-id=\"c979e6e\" data-element_type=\"widget\" data-widget_type=\"heading.default\">\n\t\t\t\t\t<h2 class=\"elementor-heading-title elementor-size-default\">Fragen Sie uns. Jederzeit.<\/h2>\t\t\t\t<\/div>\n\t\t\t\t<div class=\"elementor-element elementor-element-2dcb187f elementor-widget elementor-widget-heading\" data-id=\"2dcb187f\" data-element_type=\"widget\" data-widget_type=\"heading.default\">\n\t\t\t\t\t<p class=\"elementor-heading-title elementor-size-default\">Haben Sie rechtliche Fragen, ben\u00f6tigen eine juristische Einsch\u00e4tzung oder anwaltliche Unterst\u00fctzung bei der Durchsetzung Ihrer Anspr\u00fcche? Dann kontaktieren Sie uns gerne! \u00dcbermitteln Sie uns Ihre Kontaktdaten, und wir setzen uns umgehend mit Ihnen in Verbindung.<\/p>\t\t\t\t<\/div>\n\t\t\t\t<div class=\"elementor-element elementor-element-d0bb689 elementor-widget elementor-widget-heading\" data-id=\"d0bb689\" data-element_type=\"widget\" data-widget_type=\"heading.default\">\n\t\t\t\t\t<p class=\"elementor-heading-title elementor-size-default\">Hinweis: Das Ausf\u00fcllen des Formulars stellt lediglich eine unverbindliche Anfrage dar und f\u00fchrt noch nicht zu einem Mandatsverh\u00e4ltnis. Ihre Daten und Angaben werden selbstverst\u00e4ndlich streng vertraulich behandelt und keinesfalls an Dritte weitergegeben.<\/p>\t\t\t\t<\/div>\n\t\t\t\t<div class=\"elementor-element elementor-element-939aed7 elementor-widget elementor-widget-heading\" data-id=\"939aed7\" data-element_type=\"widget\" data-widget_type=\"heading.default\">\n\t\t\t\t\t<p class=\"elementor-heading-title elementor-size-default\">Ich erkl\u00e4re mich damit einverstanden, dass die von mir im Kontakt- bzw. Terminformular \u00fcbermittelten Daten gem\u00e4\u00df der Datenschutzerkl\u00e4rung der Kanzlei Ferreira gespeichert und verarbeitet werden. <\/p>\t\t\t\t<\/div>\n\t\t\t\t<div class=\"elementor-element elementor-element-199a3416 elementor-button-align-end elementor-widget elementor-widget-form\" data-id=\"199a3416\" data-element_type=\"widget\" data-settings=\"{&quot;step_next_label&quot;:&quot;Next&quot;,&quot;step_previous_label&quot;:&quot;Previous&quot;,&quot;button_width&quot;:&quot;100&quot;,&quot;step_type&quot;:&quot;number_text&quot;,&quot;step_icon_shape&quot;:&quot;circle&quot;}\" data-widget_type=\"form.default\">\n\t\t\t\t\t\t\t<form class=\"elementor-form\" method=\"post\" name=\"Contact Form\" aria-label=\"Contact Form\">\n\t\t\t<input type=\"hidden\" name=\"post_id\" value=\"69\"\/>\n\t\t\t<input type=\"hidden\" name=\"form_id\" value=\"199a3416\"\/>\n\t\t\t<input type=\"hidden\" name=\"referer_title\" value=\"\" \/>\n\n\t\t\t\t\t\t\t<input type=\"hidden\" name=\"queried_id\" value=\"69\"\/>\n\t\t\t\n\t\t\t<div class=\"elementor-form-fields-wrapper elementor-labels-\">\n\t\t\t\t\t\t\t\t<div class=\"elementor-field-type-text elementor-field-group elementor-column elementor-field-group-name elementor-col-50\">\n\t\t\t\t\t\t\t\t\t\t\t\t<label for=\"form-field-name\" class=\"elementor-field-label elementor-screen-only\">\n\t\t\t\t\t\t\t\tName\t\t\t\t\t\t\t<\/label>\n\t\t\t\t\t\t\t\t\t\t\t\t\t\t<input size=\"1\" type=\"text\" name=\"form_fields[name]\" id=\"form-field-name\" class=\"elementor-field elementor-size-md  elementor-field-textual\" placeholder=\"Name\">\n\t\t\t\t\t\t\t\t\t\t\t<\/div>\n\t\t\t\t\t\t\t\t<div class=\"elementor-field-type-email elementor-field-group elementor-column elementor-field-group-email elementor-col-50 elementor-field-required\">\n\t\t\t\t\t\t\t\t\t\t\t\t<label for=\"form-field-email\" class=\"elementor-field-label elementor-screen-only\">\n\t\t\t\t\t\t\t\tE-Mail\t\t\t\t\t\t\t<\/label>\n\t\t\t\t\t\t\t\t\t\t\t\t\t\t<input size=\"1\" type=\"email\" name=\"form_fields[email]\" id=\"form-field-email\" class=\"elementor-field elementor-size-md  elementor-field-textual\" placeholder=\"E-Mail\" required=\"required\">\n\t\t\t\t\t\t\t\t\t\t\t<\/div>\n\t\t\t\t\t\t\t\t<div class=\"elementor-field-type-tel elementor-field-group elementor-column elementor-field-group-field_d4c28c7 elementor-col-50\">\n\t\t\t\t\t\t\t\t\t\t\t\t<label for=\"form-field-field_d4c28c7\" class=\"elementor-field-label elementor-screen-only\">\n\t\t\t\t\t\t\t\tTelefon\t\t\t\t\t\t\t<\/label>\n\t\t\t\t\t\t\t\t<input size=\"1\" type=\"tel\" name=\"form_fields[field_d4c28c7]\" id=\"form-field-field_d4c28c7\" class=\"elementor-field elementor-size-md  elementor-field-textual\" placeholder=\"Telefon\" pattern=\"[0-9()#&amp;+*-=.]+\" title=\"Nur Nummern oder Telefon-Zeichen (#, -, *, etc) werden akzeptiert.\">\n\n\t\t\t\t\t\t<\/div>\n\t\t\t\t\t\t\t\t<div class=\"elementor-field-type-text elementor-field-group elementor-column elementor-field-group-field_2a73769 elementor-col-50\">\n\t\t\t\t\t\t\t\t\t\t\t\t<label for=\"form-field-field_2a73769\" class=\"elementor-field-label elementor-screen-only\">\n\t\t\t\t\t\t\t\tBetreff\t\t\t\t\t\t\t<\/label>\n\t\t\t\t\t\t\t\t\t\t\t\t\t\t<input size=\"1\" type=\"text\" name=\"form_fields[field_2a73769]\" id=\"form-field-field_2a73769\" class=\"elementor-field elementor-size-md  elementor-field-textual\" placeholder=\"Betreff\">\n\t\t\t\t\t\t\t\t\t\t\t<\/div>\n\t\t\t\t\t\t\t\t<div class=\"elementor-field-type-textarea elementor-field-group elementor-column elementor-field-group-message elementor-col-100\">\n\t\t\t\t\t\t\t\t\t\t\t\t<label for=\"form-field-message\" class=\"elementor-field-label elementor-screen-only\">\n\t\t\t\t\t\t\t\tIhre Nachricht\t\t\t\t\t\t\t<\/label>\n\t\t\t\t\t\t<textarea class=\"elementor-field-textual elementor-field  elementor-size-md\" name=\"form_fields[message]\" id=\"form-field-message\" rows=\"4\" placeholder=\"Ihre Nachricht\"><\/textarea>\t\t\t\t<\/div>\n\t\t\t\t\t\t\t\t<div class=\"elementor-field-group elementor-column elementor-field-type-submit elementor-col-100 e-form__buttons\">\n\t\t\t\t\t<button class=\"elementor-button elementor-size-md\" type=\"submit\">\n\t\t\t\t\t\t<span class=\"elementor-button-content-wrapper\">\n\t\t\t\t\t\t\t\t\t\t\t\t\t\t\t\t\t\t\t\t\t\t<span class=\"elementor-button-text\">Senden \u27f6<\/span>\n\t\t\t\t\t\t\t\t\t\t\t\t\t<\/span>\n\t\t\t\t\t<\/button>\n\t\t\t\t<\/div>\n\t\t\t<\/div>\n\t\t<\/form>\n\t\t\t\t\t\t<\/div>\n\t\t\t\t\t<\/div>\n\t\t\t\t<\/div>\n\t\t\t\t<\/div>\n\t\t\t\t<\/div>\n\t\t","protected":false},"excerpt":{"rendered":"<p>Entdecken Sie unsere Kernkompetenzen Bei welchem Thema ben\u00f6tigen Sie unsere Hilfe? Weitere Infos \u27f6 Entdecken Sie unsere Kompetenzbereiche Vertragsrecht Das Vertragsrecht bildet die Grundlage nahezu aller gesch\u00e4ftlichen und privaten Rechtsbeziehungen. Weiter lesen Familienrecht Das Familienrecht regelt alle rechtlichen Beziehungen innerhalb der Familie \u2013 von der Ehe und Scheidung bis zur elterlichen Sorge, Unterhaltsfragen und dem [&hellip;]<\/p>\n","protected":false},"author":1,"featured_media":83,"parent":0,"menu_order":0,"comment_status":"closed","ping_status":"closed","template":"elementor_header_footer","meta":{"footnotes":""},"class_list":["post-69","page","type-page","status-publish","has-post-thumbnail","hentry"],"_links":{"self":[{"href":"https:\/\/www.kanzlei-ferreira.de\/es\/wp-json\/wp\/v2\/pages\/69","targetHints":{"allow":["GET"]}}],"collection":[{"href":"https:\/\/www.kanzlei-ferreira.de\/es\/wp-json\/wp\/v2\/pages"}],"about":[{"href":"https:\/\/www.kanzlei-ferreira.de\/es\/wp-json\/wp\/v2\/types\/page"}],"author":[{"embeddable":true,"href":"https:\/\/www.kanzlei-ferreira.de\/es\/wp-json\/wp\/v2\/users\/1"}],"replies":[{"embeddable":true,"href":"https:\/\/www.kanzlei-ferreira.de\/es\/wp-json\/wp\/v2\/comments?post=69"}],"version-history":[{"count":10,"href":"https:\/\/www.kanzlei-ferreira.de\/es\/wp-json\/wp\/v2\/pages\/69\/revisions"}],"predecessor-version":[{"id":631,"href":"https:\/\/www.kanzlei-ferreira.de\/es\/wp-json\/wp\/v2\/pages\/69\/revisions\/631"}],"wp:featuredmedia":[{"embeddable":true,"href":"https:\/\/www.kanzlei-ferreira.de\/es\/wp-json\/wp\/v2\/media\/83"}],"wp:attachment":[{"href":"https:\/\/www.kanzlei-ferreira.de\/es\/wp-json\/wp\/v2\/media?parent=69"}],"curies":[{"name":"wp","href":"https:\/\/api.w.org\/{rel}","templated":true}]}}