{"id":176,"date":"2025-12-02T15:03:09","date_gmt":"2025-12-02T14:03:09","guid":{"rendered":"https:\/\/advogada-portuguesa.de\/?page_id=176"},"modified":"2025-12-02T16:12:41","modified_gmt":"2025-12-02T15:12:41","slug":"direito-da-familia","status":"publish","type":"page","link":"https:\/\/www.kanzlei-ferreira.de\/pt\/familienrecht\/","title":{"rendered":"Direito da fam\u00edlia"},"content":{"rendered":"<div data-elementor-type=\"wp-page\" data-elementor-id=\"176\" class=\"elementor elementor-176\" data-elementor-post-type=\"page\">\n\t\t\t\t<div class=\"elementor-element elementor-element-4c51de2e e-flex e-con-boxed e-con e-parent\" data-id=\"4c51de2e\" data-element_type=\"container\">\n\t\t\t\t\t<div class=\"e-con-inner\">\n\t\t\t\t<div class=\"elementor-element elementor-element-f67babb elementor-widget elementor-widget-text-editor\" data-id=\"f67babb\" data-element_type=\"widget\" data-widget_type=\"text-editor.default\">\n\t\t\t\t\t\t\t\t\t<p data-start=\"176\" data-end=\"463\"><img decoding=\"async\" class=\"alignnone size-full wp-image-166\" src=\"https:\/\/www.kanzlei-ferreira.de\/wp-content\/uploads\/2025\/12\/familienrecht-icon.png\" alt=\"\" width=\"131\" height=\"131\" \/><\/p><p data-start=\"176\" data-end=\"463\">O direito da fam\u00edlia rege todas as rela\u00e7\u00f5es jur\u00eddicas no seio da fam\u00edlia - desde o casamento e o div\u00f3rcio at\u00e9 \u00e0 cust\u00f3dia parental, quest\u00f5es de manuten\u00e7\u00e3o e prote\u00e7\u00e3o de menores. O nosso escrit\u00f3rio de advogados orient\u00e1-lo-\u00e1 de forma sens\u00edvel e competente em situa\u00e7\u00f5es frequentemente emocionais e complexas.<\/p><h3 data-start=\"465\" data-end=\"504\">Os nossos servi\u00e7os em direito da fam\u00edlia:<\/h3><ul data-start=\"505\" data-end=\"894\"><li data-start=\"505\" data-end=\"557\"><p data-start=\"507\" data-end=\"557\">Aconselhamento e representa\u00e7\u00e3o durante a separa\u00e7\u00e3o e o div\u00f3rcio<\/p><\/li><li data-start=\"558\" data-end=\"597\"><p data-start=\"560\" data-end=\"597\">Regulamenta\u00e7\u00e3o dos direitos de guarda e de acesso<\/p><\/li><li data-start=\"598\" data-end=\"662\"><p data-start=\"600\" data-end=\"662\">Pens\u00f5es de alimentos (alimentos para filhos, c\u00f4njuges ou pais)<\/p><\/li><li data-start=\"663\" data-end=\"725\"><p data-start=\"665\" data-end=\"725\">Lit\u00edgios patrimoniais e partilha de bens<\/p><\/li><li data-start=\"726\" data-end=\"766\"><p data-start=\"728\" data-end=\"766\">Contratos de casamento e conven\u00e7\u00f5es de parceria<\/p><\/li><li data-start=\"767\" data-end=\"834\"><p data-start=\"769\" data-end=\"834\">Apoio jur\u00eddico em mat\u00e9ria de ado\u00e7\u00e3o e reconhecimento de paternidade<\/p><\/li><li data-start=\"835\" data-end=\"894\"><p data-start=\"837\" data-end=\"894\">Prote\u00e7\u00e3o em casos de viol\u00eancia dom\u00e9stica e ordens de restri\u00e7\u00e3o<\/p><\/li><\/ul><p data-start=\"896\" data-end=\"1149\">Sabemos que as quest\u00f5es de direito da fam\u00edlia est\u00e3o frequentemente associadas a encargos pessoais. \u00c9 por isso que nos concentramos num apoio individualizado, com especial \u00eanfase na confidencialidade, empatia e solu\u00e7\u00f5es eficazes - tamb\u00e9m no interesse das crian\u00e7as em causa.<\/p>\t\t\t\t\t\t\t\t<\/div>\n\t\t\t\t\t<\/div>\n\t\t\t\t<\/div>\n\t\t\t\t<\/div>","protected":false},"excerpt":{"rendered":"<p>Das Familienrecht regelt alle rechtlichen Beziehungen innerhalb der Familie \u2013 von der Ehe und Scheidung bis zur elterlichen Sorge, Unterhaltsfragen und dem Schutz von Minderj\u00e4hrigen. Unsere Kanzlei begleitet Sie einf\u00fchlsam und kompetent durch oftmals emotionale und komplexe Situationen. Unsere Leistungen im Familienrecht: Beratung und Vertretung bei Trennung und Scheidung Regelung des Sorge- und Umgangsrechts Unterhaltsanspr\u00fcche [&hellip;]<\/p>\n","protected":false},"author":1,"featured_media":0,"parent":0,"menu_order":0,"comment_status":"closed","ping_status":"open","template":"","meta":{"footnotes":""},"class_list":["post-176","page","type-page","status-publish","hentry"],"_links":{"self":[{"href":"https:\/\/www.kanzlei-ferreira.de\/pt\/wp-json\/wp\/v2\/pages\/176","targetHints":{"allow":["GET"]}}],"collection":[{"href":"https:\/\/www.kanzlei-ferreira.de\/pt\/wp-json\/wp\/v2\/pages"}],"about":[{"href":"https:\/\/www.kanzlei-ferreira.de\/pt\/wp-json\/wp\/v2\/types\/page"}],"author":[{"embeddable":true,"href":"https:\/\/www.kanzlei-ferreira.de\/pt\/wp-json\/wp\/v2\/users\/1"}],"replies":[{"embeddable":true,"href":"https:\/\/www.kanzlei-ferreira.de\/pt\/wp-json\/wp\/v2\/comments?post=176"}],"version-history":[{"count":7,"href":"https:\/\/www.kanzlei-ferreira.de\/pt\/wp-json\/wp\/v2\/pages\/176\/revisions"}],"predecessor-version":[{"id":205,"href":"https:\/\/www.kanzlei-ferreira.de\/pt\/wp-json\/wp\/v2\/pages\/176\/revisions\/205"}],"wp:attachment":[{"href":"https:\/\/www.kanzlei-ferreira.de\/pt\/wp-json\/wp\/v2\/media?parent=176"}],"curies":[{"name":"wp","href":"https:\/\/api.w.org\/{rel}","templated":true}]}}