{"id":178,"date":"2025-12-02T15:04:25","date_gmt":"2025-12-02T14:04:25","guid":{"rendered":"https:\/\/advogada-portuguesa.de\/?page_id=178"},"modified":"2025-12-02T16:14:06","modified_gmt":"2025-12-02T15:14:06","slug":"direito-do-trabalho","status":"publish","type":"page","link":"https:\/\/www.kanzlei-ferreira.de\/pt\/arbeitsrecht\/","title":{"rendered":"Direito do trabalho"},"content":{"rendered":"<div data-elementor-type=\"wp-page\" data-elementor-id=\"178\" class=\"elementor elementor-178\" data-elementor-post-type=\"page\">\n\t\t\t\t<div class=\"elementor-element elementor-element-4c51de2e e-flex e-con-boxed e-con e-parent\" data-id=\"4c51de2e\" data-element_type=\"container\">\n\t\t\t\t\t<div class=\"e-con-inner\">\n\t\t\t\t<div class=\"elementor-element elementor-element-f67babb elementor-widget elementor-widget-text-editor\" data-id=\"f67babb\" data-element_type=\"widget\" data-widget_type=\"text-editor.default\">\n\t\t\t\t\t\t\t\t\t<h2 data-start=\"152\" data-end=\"168\"><img decoding=\"async\" class=\"alignnone size-full wp-image-163\" src=\"https:\/\/www.kanzlei-ferreira.de\/wp-content\/uploads\/2025\/12\/arbeitsrecht-icon.png\" alt=\"\" width=\"101\" height=\"93\" \/><\/h2><p data-start=\"169\" data-end=\"478\">O direito do trabalho \u00e9 um dom\u00ednio din\u00e2mico e complexo que regula os direitos e as obriga\u00e7\u00f5es dos trabalhadores e das entidades patronais. Oferecemos aconselhamento jur\u00eddico abrangente e representa\u00e7\u00e3o tanto para trabalhadores como para empresas - sempre com o objetivo de encontrar solu\u00e7\u00f5es justas e legalmente seguras.<\/p><h3 data-start=\"480\" data-end=\"518\">Os nossos servi\u00e7os em mat\u00e9ria de direito do trabalho:<\/h3><ul data-start=\"519\" data-end=\"868\"><li data-start=\"519\" data-end=\"564\"><p data-start=\"521\" data-end=\"564\">Revis\u00e3o e reda\u00e7\u00e3o de contratos de trabalho<\/p><\/li><li data-start=\"565\" data-end=\"603\"><p data-start=\"567\" data-end=\"603\">Aconselhamento sobre despedimento e indemniza\u00e7\u00e3o por despedimento<\/p><\/li><li data-start=\"604\" data-end=\"642\"><p data-start=\"606\" data-end=\"642\">Representa\u00e7\u00e3o em ac\u00e7\u00f5es por despedimento sem justa causa<\/p><\/li><li data-start=\"643\" data-end=\"709\"><p data-start=\"645\" data-end=\"709\">Apoio em caso de ass\u00e9dio moral, discrimina\u00e7\u00e3o e lit\u00edgios laborais<\/p><\/li><li data-start=\"710\" data-end=\"756\"><p data-start=\"712\" data-end=\"756\">Execu\u00e7\u00e3o dos cr\u00e9ditos salariais<\/p><\/li><li data-start=\"757\" data-end=\"823\"><p data-start=\"759\" data-end=\"823\">Conselhos sobre hor\u00e1rios de trabalho, f\u00e9rias, licen\u00e7a parental e baixa por doen\u00e7a<\/p><\/li><li data-start=\"824\" data-end=\"868\"><p data-start=\"826\" data-end=\"868\">Direito constitucional das obras e co-determina\u00e7\u00e3o<\/p><\/li><\/ul><p data-start=\"870\" data-end=\"1108\">Defendemos os seus interesses com determina\u00e7\u00e3o - fora dos tribunais ou perante os tribunais de trabalho. Quer se trate de resolu\u00e7\u00e3o de conflitos, de reda\u00e7\u00e3o de contratos ou de preven\u00e7\u00e3o: o nosso escrit\u00f3rio est\u00e1 ao seu lado com compet\u00eancia, discri\u00e7\u00e3o e empenho.<\/p>\t\t\t\t\t\t\t\t<\/div>\n\t\t\t\t\t<\/div>\n\t\t\t\t<\/div>\n\t\t\t\t<\/div>","protected":false},"excerpt":{"rendered":"<p>Das Arbeitsrecht ist ein dynamischer und vielschichtiger Bereich, der die Rechte und Pflichten von Arbeitnehmern und Arbeitgebern regelt. Wir bieten umfassende rechtliche Beratung und Vertretung sowohl f\u00fcr Besch\u00e4ftigte als auch f\u00fcr Unternehmen \u2013 stets mit dem Ziel, faire und rechtssichere L\u00f6sungen zu finden. Unsere Leistungen im Arbeitsrecht: Pr\u00fcfung und Erstellung von Arbeitsvertr\u00e4gen Beratung bei K\u00fcndigung [&hellip;]<\/p>\n","protected":false},"author":1,"featured_media":0,"parent":0,"menu_order":0,"comment_status":"closed","ping_status":"open","template":"","meta":{"footnotes":""},"class_list":["post-178","page","type-page","status-publish","hentry"],"_links":{"self":[{"href":"https:\/\/www.kanzlei-ferreira.de\/pt\/wp-json\/wp\/v2\/pages\/178","targetHints":{"allow":["GET"]}}],"collection":[{"href":"https:\/\/www.kanzlei-ferreira.de\/pt\/wp-json\/wp\/v2\/pages"}],"about":[{"href":"https:\/\/www.kanzlei-ferreira.de\/pt\/wp-json\/wp\/v2\/types\/page"}],"author":[{"embeddable":true,"href":"https:\/\/www.kanzlei-ferreira.de\/pt\/wp-json\/wp\/v2\/users\/1"}],"replies":[{"embeddable":true,"href":"https:\/\/www.kanzlei-ferreira.de\/pt\/wp-json\/wp\/v2\/comments?post=178"}],"version-history":[{"count":4,"href":"https:\/\/www.kanzlei-ferreira.de\/pt\/wp-json\/wp\/v2\/pages\/178\/revisions"}],"predecessor-version":[{"id":208,"href":"https:\/\/www.kanzlei-ferreira.de\/pt\/wp-json\/wp\/v2\/pages\/178\/revisions\/208"}],"wp:attachment":[{"href":"https:\/\/www.kanzlei-ferreira.de\/pt\/wp-json\/wp\/v2\/media?parent=178"}],"curies":[{"name":"wp","href":"https:\/\/api.w.org\/{rel}","templated":true}]}}