{"id":182,"date":"2025-12-02T15:07:48","date_gmt":"2025-12-02T14:07:48","guid":{"rendered":"https:\/\/advogada-portuguesa.de\/?page_id=182"},"modified":"2025-12-02T16:17:39","modified_gmt":"2025-12-02T15:17:39","slug":"direito-dos-seguros","status":"publish","type":"page","link":"https:\/\/www.kanzlei-ferreira.de\/pt\/versicherungsrecht\/","title":{"rendered":"Direito dos seguros"},"content":{"rendered":"<div data-elementor-type=\"wp-page\" data-elementor-id=\"182\" class=\"elementor elementor-182\" data-elementor-post-type=\"page\">\n\t\t\t\t<div class=\"elementor-element elementor-element-4c51de2e e-flex e-con-boxed e-con e-parent\" data-id=\"4c51de2e\" data-element_type=\"container\">\n\t\t\t\t\t<div class=\"e-con-inner\">\n\t\t\t\t<div class=\"elementor-element elementor-element-f67babb elementor-widget elementor-widget-text-editor\" data-id=\"f67babb\" data-element_type=\"widget\" data-widget_type=\"text-editor.default\">\n\t\t\t\t\t\t\t\t\t<h2 data-start=\"152\" data-end=\"168\"><img decoding=\"async\" class=\"alignnone size-full wp-image-171\" src=\"https:\/\/www.kanzlei-ferreira.de\/wp-content\/uploads\/2025\/12\/Versicherungsrecht-icon.png\" alt=\"\" width=\"124\" height=\"118\" \/>\u00a0<\/h2><p data-start=\"186\" data-end=\"515\">O direito dos seguros abrange as rela\u00e7\u00f5es jur\u00eddicas entre os tomadores de seguros e as companhias de seguros - desde a celebra\u00e7\u00e3o do contrato at\u00e9 \u00e0 regulariza\u00e7\u00e3o dos sinistros e aos lit\u00edgios relativos \u00e0s presta\u00e7\u00f5es. O nosso escrit\u00f3rio de advogados oferece um apoio jur\u00eddico s\u00f3lido em todos os dom\u00ednios do direito dos seguros privados e comerciais.<\/p><h3 data-start=\"517\" data-end=\"561\">Os nossos servi\u00e7os em direito dos seguros:<\/h3><ul data-start=\"562\" data-end=\"977\"><li data-start=\"562\" data-end=\"613\"><p data-start=\"564\" data-end=\"613\">Revis\u00e3o e reda\u00e7\u00e3o de contratos de seguro<\/p><\/li><li data-start=\"614\" data-end=\"672\"><p data-start=\"616\" data-end=\"672\">Aconselhamento em caso de rejei\u00e7\u00e3o das presta\u00e7\u00f5es pela companhia de seguros<\/p><\/li><li data-start=\"673\" data-end=\"736\"><p data-start=\"675\" data-end=\"736\">Representa\u00e7\u00e3o em lit\u00edgios sobre o montante ou a causa dos danos<\/p><\/li><li data-start=\"737\" data-end=\"809\"><p data-start=\"739\" data-end=\"809\">Apoio ao seguro de invalidez profissional, de vida ou de acidentes<\/p><\/li><li data-start=\"810\" data-end=\"892\"><p data-start=\"812\" data-end=\"892\">Apoio jur\u00eddico no seguro autom\u00f3vel, do recheio da casa, do edif\u00edcio e de responsabilidade civil<\/p><\/li><li data-start=\"893\" data-end=\"942\"><p data-start=\"895\" data-end=\"942\">Apresenta\u00e7\u00e3o e defesa de pedidos de indemniza\u00e7\u00e3o<\/p><\/li><li data-start=\"943\" data-end=\"977\"><p data-start=\"945\" data-end=\"977\">Lit\u00edgios contra seguradoras<\/p><\/li><\/ul><p data-start=\"979\" data-end=\"1207\">Estamos determinados a defender as suas reivindica\u00e7\u00f5es - com conhecimentos jur\u00eddicos, capacidade de negocia\u00e7\u00e3o estrat\u00e9gica e comunica\u00e7\u00e3o clara. O nosso objetivo \u00e9 sempre encontrar uma solu\u00e7\u00e3o r\u00e1pida, justa e sustent\u00e1vel no interesse dos nossos clientes.<\/p>\t\t\t\t\t\t\t\t<\/div>\n\t\t\t\t\t<\/div>\n\t\t\t\t<\/div>\n\t\t\t\t<\/div>","protected":false},"excerpt":{"rendered":"<p>\u00a0 Das Versicherungsrecht umfasst die rechtlichen Beziehungen zwischen Versicherungsnehmern und Versicherungsunternehmen \u2013 von Vertragsabschluss \u00fcber Schadensregulierung bis hin zu Leistungsstreitigkeiten. Unsere Kanzlei bietet fundierte rechtliche Unterst\u00fctzung in allen Bereichen des privaten und gewerblichen Versicherungsrechts. Unsere Leistungen im Versicherungsrecht: Pr\u00fcfung und Gestaltung von Versicherungsvertr\u00e4gen Beratung bei Leistungsablehnungen durch die Versicherung Vertretung bei Streitigkeiten \u00fcber Schadensh\u00f6he oder [&hellip;]<\/p>\n","protected":false},"author":1,"featured_media":0,"parent":0,"menu_order":0,"comment_status":"closed","ping_status":"open","template":"","meta":{"footnotes":""},"class_list":["post-182","page","type-page","status-publish","hentry"],"_links":{"self":[{"href":"https:\/\/www.kanzlei-ferreira.de\/pt\/wp-json\/wp\/v2\/pages\/182","targetHints":{"allow":["GET"]}}],"collection":[{"href":"https:\/\/www.kanzlei-ferreira.de\/pt\/wp-json\/wp\/v2\/pages"}],"about":[{"href":"https:\/\/www.kanzlei-ferreira.de\/pt\/wp-json\/wp\/v2\/types\/page"}],"author":[{"embeddable":true,"href":"https:\/\/www.kanzlei-ferreira.de\/pt\/wp-json\/wp\/v2\/users\/1"}],"replies":[{"embeddable":true,"href":"https:\/\/www.kanzlei-ferreira.de\/pt\/wp-json\/wp\/v2\/comments?post=182"}],"version-history":[{"count":4,"href":"https:\/\/www.kanzlei-ferreira.de\/pt\/wp-json\/wp\/v2\/pages\/182\/revisions"}],"predecessor-version":[{"id":211,"href":"https:\/\/www.kanzlei-ferreira.de\/pt\/wp-json\/wp\/v2\/pages\/182\/revisions\/211"}],"wp:attachment":[{"href":"https:\/\/www.kanzlei-ferreira.de\/pt\/wp-json\/wp\/v2\/media?parent=182"}],"curies":[{"name":"wp","href":"https:\/\/api.w.org\/{rel}","templated":true}]}}