{"id":184,"date":"2025-12-02T15:08:27","date_gmt":"2025-12-02T14:08:27","guid":{"rendered":"https:\/\/advogada-portuguesa.de\/?page_id=184"},"modified":"2025-12-02T16:21:59","modified_gmt":"2025-12-02T15:21:59","slug":"direito-dos-contratos","status":"publish","type":"page","link":"https:\/\/www.kanzlei-ferreira.de\/pt\/vertragsrecht\/","title":{"rendered":"Direito dos contratos"},"content":{"rendered":"<div data-elementor-type=\"wp-page\" data-elementor-id=\"184\" class=\"elementor elementor-184\" data-elementor-post-type=\"page\">\n\t\t\t\t<div class=\"elementor-element elementor-element-4c51de2e e-flex e-con-boxed e-con e-parent\" data-id=\"4c51de2e\" data-element_type=\"container\">\n\t\t\t\t\t<div class=\"e-con-inner\">\n\t\t\t\t<div class=\"elementor-element elementor-element-f67babb elementor-widget elementor-widget-text-editor\" data-id=\"f67babb\" data-element_type=\"widget\" data-widget_type=\"text-editor.default\">\n\t\t\t\t\t\t\t\t\t<h2 data-start=\"152\" data-end=\"168\"><img decoding=\"async\" class=\"alignnone size-full wp-image-164\" src=\"https:\/\/www.kanzlei-ferreira.de\/wp-content\/uploads\/2025\/12\/Vertragsrecht-icon.png\" alt=\"\" width=\"96\" height=\"92\" \/>\u00a0<\/h2><p data-start=\"193\" data-end=\"537\">O direito dos contratos constitui a base de quase todas as rela\u00e7\u00f5es jur\u00eddicas comerciais e privadas. Quer se trate de um contrato de compra, aluguer, presta\u00e7\u00e3o de servi\u00e7os ou de trabalho - um contrato claramente formulado e juridicamente seguro protege contra conflitos e cria confian\u00e7a. O nosso escrit\u00f3rio de advogados apoia-o na elabora\u00e7\u00e3o, revis\u00e3o e execu\u00e7\u00e3o de reivindica\u00e7\u00f5es contratuais.<\/p><h3 data-start=\"539\" data-end=\"578\">Os nossos servi\u00e7os em mat\u00e9ria de direito dos contratos:<\/h3><ul data-start=\"579\" data-end=\"976\"><li data-start=\"579\" data-end=\"638\"><p data-start=\"581\" data-end=\"638\">Reda\u00e7\u00e3o e revis\u00e3o jur\u00eddica de contratos de todos os tipos<\/p><\/li><li data-start=\"639\" data-end=\"688\"><p data-start=\"641\" data-end=\"688\">Negocia\u00e7\u00f5es de contratos e apoio jur\u00eddico<\/p><\/li><li data-start=\"689\" data-end=\"769\"><p data-start=\"691\" data-end=\"769\">Execu\u00e7\u00e3o de cr\u00e9ditos contratuais (por exemplo, pagamento, entrega, execu\u00e7\u00e3o)<\/p><\/li><li data-start=\"770\" data-end=\"805\"><p data-start=\"772\" data-end=\"805\">Defesa contra pedidos injustificados<\/p><\/li><li data-start=\"806\" data-end=\"863\"><p data-start=\"808\" data-end=\"863\">Aconselhamento em mat\u00e9ria de incumprimento do contrato e de direitos de rescis\u00e3o<\/p><\/li><li data-start=\"864\" data-end=\"918\"><p data-start=\"866\" data-end=\"918\">Reda\u00e7\u00e3o de condi\u00e7\u00f5es gerais<\/p><\/li><li data-start=\"919\" data-end=\"976\"><p data-start=\"921\" data-end=\"976\">Apoio nas rela\u00e7\u00f5es contratuais internacionais<\/p><\/li><\/ul><p data-start=\"978\" data-end=\"1122\">Prestamos aten\u00e7\u00e3o \u00e0 clareza jur\u00eddica, \u00e0 viabilidade econ\u00f3mica e \u00e0 personaliza\u00e7\u00e3o - para que os seus contratos cumpram o que prometem.<\/p>\t\t\t\t\t\t\t\t<\/div>\n\t\t\t\t\t<\/div>\n\t\t\t\t<\/div>\n\t\t\t\t<\/div>","protected":false},"excerpt":{"rendered":"<p>\u00a0 Das Vertragsrecht bildet die Grundlage nahezu aller gesch\u00e4ftlichen und privaten Rechtsbeziehungen. Ob Kauf, Miete, Dienstleistung oder Werkvertrag \u2013 ein klar formulierter und rechtssicherer Vertrag sch\u00fctzt vor Konflikten und schafft Vertrauen. Unsere Kanzlei unterst\u00fctzt Sie bei der Gestaltung, Pr\u00fcfung und Durchsetzung vertraglicher Anspr\u00fcche. Unsere Leistungen im Vertragsrecht: Erstellung und rechtliche Pr\u00fcfung von Vertr\u00e4gen aller Art [&hellip;]<\/p>\n","protected":false},"author":1,"featured_media":0,"parent":0,"menu_order":0,"comment_status":"closed","ping_status":"open","template":"","meta":{"footnotes":""},"class_list":["post-184","page","type-page","status-publish","hentry"],"_links":{"self":[{"href":"https:\/\/www.kanzlei-ferreira.de\/pt\/wp-json\/wp\/v2\/pages\/184","targetHints":{"allow":["GET"]}}],"collection":[{"href":"https:\/\/www.kanzlei-ferreira.de\/pt\/wp-json\/wp\/v2\/pages"}],"about":[{"href":"https:\/\/www.kanzlei-ferreira.de\/pt\/wp-json\/wp\/v2\/types\/page"}],"author":[{"embeddable":true,"href":"https:\/\/www.kanzlei-ferreira.de\/pt\/wp-json\/wp\/v2\/users\/1"}],"replies":[{"embeddable":true,"href":"https:\/\/www.kanzlei-ferreira.de\/pt\/wp-json\/wp\/v2\/comments?post=184"}],"version-history":[{"count":4,"href":"https:\/\/www.kanzlei-ferreira.de\/pt\/wp-json\/wp\/v2\/pages\/184\/revisions"}],"predecessor-version":[{"id":214,"href":"https:\/\/www.kanzlei-ferreira.de\/pt\/wp-json\/wp\/v2\/pages\/184\/revisions\/214"}],"wp:attachment":[{"href":"https:\/\/www.kanzlei-ferreira.de\/pt\/wp-json\/wp\/v2\/media?parent=184"}],"curies":[{"name":"wp","href":"https:\/\/api.w.org\/{rel}","templated":true}]}}