{"id":186,"date":"2025-12-02T15:08:54","date_gmt":"2025-12-02T14:08:54","guid":{"rendered":"https:\/\/advogada-portuguesa.de\/?page_id=186"},"modified":"2025-12-02T16:24:01","modified_gmt":"2025-12-02T15:24:01","slug":"lei-do-arrendamento","status":"publish","type":"page","link":"https:\/\/www.kanzlei-ferreira.de\/pt\/mietrecht\/","title":{"rendered":"Direito do arrendamento"},"content":{"rendered":"<div data-elementor-type=\"wp-page\" data-elementor-id=\"186\" class=\"elementor elementor-186\" data-elementor-post-type=\"page\">\n\t\t\t\t<div class=\"elementor-element elementor-element-4c51de2e e-flex e-con-boxed e-con e-parent\" data-id=\"4c51de2e\" data-element_type=\"container\">\n\t\t\t\t\t<div class=\"e-con-inner\">\n\t\t\t\t<div class=\"elementor-element elementor-element-f67babb elementor-widget elementor-widget-text-editor\" data-id=\"f67babb\" data-element_type=\"widget\" data-widget_type=\"text-editor.default\">\n\t\t\t\t\t\t\t\t\t<h2 data-start=\"152\" data-end=\"168\"><img decoding=\"async\" class=\"alignnone size-full wp-image-168\" src=\"https:\/\/www.kanzlei-ferreira.de\/wp-content\/uploads\/2025\/12\/Mietrecht-icon.png\" alt=\"\" width=\"99\" height=\"94\" \/><\/h2><p data-start=\"167\" data-end=\"452\">A lei do arrendamento afecta quase todas as pessoas, quer sejam inquilinos ou senhorios. Regula os direitos e obriga\u00e7\u00f5es de ambas as partes e \u00e9 frequentemente objeto de lit\u00edgios. O nosso escrit\u00f3rio de advogados aconselha-o e representa-o com compet\u00eancia em todas as quest\u00f5es relacionadas com os arrendamentos residenciais e comerciais.<\/p><h3 data-start=\"454\" data-end=\"489\">Os nossos servi\u00e7os em mat\u00e9ria de direito do arrendamento:<\/h3><ul data-start=\"490\" data-end=\"874\"><li data-start=\"490\" data-end=\"532\"><p data-start=\"492\" data-end=\"532\">An\u00e1lise e reda\u00e7\u00e3o de contratos de arrendamento<\/p><\/li><li data-start=\"533\" data-end=\"587\"><p data-start=\"535\" data-end=\"587\">Aconselhamento sobre aumentos de renda, taxas de servi\u00e7o e dep\u00f3sitos<\/p><\/li><li data-start=\"588\" data-end=\"629\"><p data-start=\"590\" data-end=\"629\">Execu\u00e7\u00e3o e defesa contra despedimentos<\/p><\/li><li data-start=\"630\" data-end=\"684\"><p data-start=\"632\" data-end=\"684\">Apoio nos processos de despejo e nas rendas em atraso<\/p><\/li><li data-start=\"685\" data-end=\"740\"><p data-start=\"687\" data-end=\"740\">Representa\u00e7\u00e3o em caso de defeitos e lit\u00edgios de manuten\u00e7\u00e3o<\/p><\/li><li data-start=\"741\" data-end=\"801\"><p data-start=\"743\" data-end=\"801\">Assist\u00eancia com protocolos de transfer\u00eancia e cancelamentos de contratos<\/p><\/li><li data-start=\"802\" data-end=\"874\"><p data-start=\"804\" data-end=\"874\">Aconselhamento jur\u00eddico sobre a lei do arrendamento em Portugal para expatriados e investidores<\/p><\/li><\/ul><p data-start=\"876\" data-end=\"1104\">Com um conhecimento profundo da situa\u00e7\u00e3o jur\u00eddica atual, representamos os seus interesses de forma orientada - tanto fora como dentro do tribunal. Quer necessite de resolu\u00e7\u00e3o de conflitos ou de aconselhamento contratual, estamos ao seu lado com experi\u00eancia e empenho.<\/p>\t\t\t\t\t\t\t\t<\/div>\n\t\t\t\t\t<\/div>\n\t\t\t\t<\/div>\n\t\t\t\t<\/div>","protected":false},"excerpt":{"rendered":"<p>Das Mietrecht betrifft nahezu jeden \u2013 ob als Mieter oder Vermieter. Es regelt die Rechte und Pflichten beider Parteien und ist h\u00e4ufig Gegenstand rechtlicher Auseinandersetzungen. Unsere Kanzlei ber\u00e4t und vertritt Sie kompetent in allen Fragen rund um Wohn- und Gewerbemietverh\u00e4ltnisse. Unsere Leistungen im Mietrecht: Pr\u00fcfung und Gestaltung von Mietvertr\u00e4gen Beratung bei Mieterh\u00f6hungen, Nebenkosten und Kaution [&hellip;]<\/p>\n","protected":false},"author":1,"featured_media":0,"parent":0,"menu_order":0,"comment_status":"closed","ping_status":"open","template":"","meta":{"footnotes":""},"class_list":["post-186","page","type-page","status-publish","hentry"],"_links":{"self":[{"href":"https:\/\/www.kanzlei-ferreira.de\/pt\/wp-json\/wp\/v2\/pages\/186","targetHints":{"allow":["GET"]}}],"collection":[{"href":"https:\/\/www.kanzlei-ferreira.de\/pt\/wp-json\/wp\/v2\/pages"}],"about":[{"href":"https:\/\/www.kanzlei-ferreira.de\/pt\/wp-json\/wp\/v2\/types\/page"}],"author":[{"embeddable":true,"href":"https:\/\/www.kanzlei-ferreira.de\/pt\/wp-json\/wp\/v2\/users\/1"}],"replies":[{"embeddable":true,"href":"https:\/\/www.kanzlei-ferreira.de\/pt\/wp-json\/wp\/v2\/comments?post=186"}],"version-history":[{"count":4,"href":"https:\/\/www.kanzlei-ferreira.de\/pt\/wp-json\/wp\/v2\/pages\/186\/revisions"}],"predecessor-version":[{"id":217,"href":"https:\/\/www.kanzlei-ferreira.de\/pt\/wp-json\/wp\/v2\/pages\/186\/revisions\/217"}],"wp:attachment":[{"href":"https:\/\/www.kanzlei-ferreira.de\/pt\/wp-json\/wp\/v2\/media?parent=186"}],"curies":[{"name":"wp","href":"https:\/\/api.w.org\/{rel}","templated":true}]}}