{"id":188,"date":"2025-12-02T15:09:36","date_gmt":"2025-12-02T14:09:36","guid":{"rendered":"https:\/\/advogada-portuguesa.de\/?page_id=188"},"modified":"2025-12-02T16:25:33","modified_gmt":"2025-12-02T15:25:33","slug":"direito-hereditario","status":"publish","type":"page","link":"https:\/\/www.kanzlei-ferreira.de\/pt\/erbrecht\/","title":{"rendered":"Direito sucess\u00f3rio"},"content":{"rendered":"<div data-elementor-type=\"wp-page\" data-elementor-id=\"188\" class=\"elementor elementor-188\" data-elementor-post-type=\"page\">\n\t\t\t\t<div class=\"elementor-element elementor-element-4c51de2e e-flex e-con-boxed e-con e-parent\" data-id=\"4c51de2e\" data-element_type=\"container\">\n\t\t\t\t\t<div class=\"e-con-inner\">\n\t\t\t\t<div class=\"elementor-element elementor-element-f67babb elementor-widget elementor-widget-text-editor\" data-id=\"f67babb\" data-element_type=\"widget\" data-widget_type=\"text-editor.default\">\n\t\t\t\t\t\t\t\t\t<h2 data-start=\"152\" data-end=\"168\"><img decoding=\"async\" class=\"alignnone size-full wp-image-165\" src=\"https:\/\/www.kanzlei-ferreira.de\/wp-content\/uploads\/2025\/12\/erbrecht-icon.png\" alt=\"\" width=\"128\" height=\"119\" \/><\/h2><p data-start=\"164\" data-end=\"475\">O direito sucess\u00f3rio regula a sucess\u00e3o de bens ap\u00f3s a morte de uma pessoa - um tema sens\u00edvel e muitas vezes complexo que aborda aspectos legais e emocionais. O nosso escrit\u00f3rio de advogados oferece-lhe um aconselhamento fi\u00e1vel e competente em todas as quest\u00f5es de direito sucess\u00f3rio - tanto a n\u00edvel nacional como internacional.<\/p><h3 data-start=\"477\" data-end=\"511\">Os nossos servi\u00e7os em mat\u00e9ria de direito sucess\u00f3rio:<\/h3><ul data-start=\"512\" data-end=\"932\"><li data-start=\"512\" data-end=\"570\"><p data-start=\"514\" data-end=\"570\">Aconselhamento em mat\u00e9ria de sucess\u00e3o legal e testament\u00e1ria<\/p><\/li><li data-start=\"571\" data-end=\"628\"><p data-start=\"573\" data-end=\"628\">Prepara\u00e7\u00e3o e revis\u00e3o de testamentos e contratos de heran\u00e7a<\/p><\/li><li data-start=\"629\" data-end=\"681\"><p data-start=\"631\" data-end=\"681\">Execu\u00e7\u00e3o e defesa de cr\u00e9ditos de parcelas obrigat\u00f3rias<\/p><\/li><li data-start=\"682\" data-end=\"737\"><p data-start=\"684\" data-end=\"737\">Planeamento do patrim\u00f3nio e transfer\u00eancia de bens durante a sua vida<\/p><\/li><li data-start=\"738\" data-end=\"800\"><p data-start=\"740\" data-end=\"800\">Apoio no processo de certifica\u00e7\u00e3o da heran\u00e7a e de liquida\u00e7\u00e3o da heran\u00e7a<\/p><\/li><li data-start=\"801\" data-end=\"848\"><p data-start=\"803\" data-end=\"848\">Representa\u00e7\u00e3o em lit\u00edgios sucess\u00f3rios e media\u00e7\u00e3o<\/p><\/li><li data-start=\"849\" data-end=\"932\"><p data-start=\"851\" data-end=\"932\">Aconselhamento especializado em processos sucess\u00f3rios relacionados com o direito sucess\u00f3rio portugu\u00eas e alem\u00e3o<\/p><\/li><\/ul><p data-start=\"934\" data-end=\"1165\">Prestamos-lhe um apoio discreto e fi\u00e1vel, quer se trate de planeamento patrimonial, de elabora\u00e7\u00e3o de testamentos ou de lit\u00edgios em mat\u00e9ria de direito sucess\u00f3rio. O nosso objetivo \u00e9 sempre encontrar uma solu\u00e7\u00e3o justa, conforme com a lei e personalizada.<\/p>\t\t\t\t\t\t\t\t<\/div>\n\t\t\t\t\t<\/div>\n\t\t\t\t<\/div>\n\t\t\t\t<\/div>","protected":false},"excerpt":{"rendered":"<p>Das Erbrecht regelt die Verm\u00f6gensnachfolge nach dem Tod einer Person \u2013 ein sensibles und oft komplexes Thema, das sowohl rechtliche als auch emotionale Aspekte ber\u00fchrt. Unsere Kanzlei bietet Ihnen eine vertrauensvolle und kompetente Beratung in allen erbrechtlichen Angelegenheiten \u2013 national und international. Unsere Leistungen im Erbrecht: Beratung zur gesetzlichen und testamentarischen Erbfolge Erstellung und Pr\u00fcfung [&hellip;]<\/p>\n","protected":false},"author":1,"featured_media":0,"parent":0,"menu_order":0,"comment_status":"closed","ping_status":"open","template":"","meta":{"footnotes":""},"class_list":["post-188","page","type-page","status-publish","hentry"],"_links":{"self":[{"href":"https:\/\/www.kanzlei-ferreira.de\/pt\/wp-json\/wp\/v2\/pages\/188","targetHints":{"allow":["GET"]}}],"collection":[{"href":"https:\/\/www.kanzlei-ferreira.de\/pt\/wp-json\/wp\/v2\/pages"}],"about":[{"href":"https:\/\/www.kanzlei-ferreira.de\/pt\/wp-json\/wp\/v2\/types\/page"}],"author":[{"embeddable":true,"href":"https:\/\/www.kanzlei-ferreira.de\/pt\/wp-json\/wp\/v2\/users\/1"}],"replies":[{"embeddable":true,"href":"https:\/\/www.kanzlei-ferreira.de\/pt\/wp-json\/wp\/v2\/comments?post=188"}],"version-history":[{"count":4,"href":"https:\/\/www.kanzlei-ferreira.de\/pt\/wp-json\/wp\/v2\/pages\/188\/revisions"}],"predecessor-version":[{"id":220,"href":"https:\/\/www.kanzlei-ferreira.de\/pt\/wp-json\/wp\/v2\/pages\/188\/revisions\/220"}],"wp:attachment":[{"href":"https:\/\/www.kanzlei-ferreira.de\/pt\/wp-json\/wp\/v2\/media?parent=188"}],"curies":[{"name":"wp","href":"https:\/\/api.w.org\/{rel}","templated":true}]}}