{"id":190,"date":"2025-12-02T15:10:10","date_gmt":"2025-12-02T14:10:10","guid":{"rendered":"https:\/\/advogada-portuguesa.de\/?page_id=190"},"modified":"2025-12-02T16:27:45","modified_gmt":"2025-12-02T15:27:45","slug":"cobranca-de-dividas","status":"publish","type":"page","link":"https:\/\/www.kanzlei-ferreira.de\/pt\/inkasso\/","title":{"rendered":"Cobran\u00e7a de d\u00edvidas - nacional e internacional"},"content":{"rendered":"<div data-elementor-type=\"wp-page\" data-elementor-id=\"190\" class=\"elementor elementor-190\" data-elementor-post-type=\"page\">\n\t\t\t\t<div class=\"elementor-element elementor-element-4c51de2e e-flex e-con-boxed e-con e-parent\" data-id=\"4c51de2e\" data-element_type=\"container\">\n\t\t\t\t\t<div class=\"e-con-inner\">\n\t\t\t\t<div class=\"elementor-element elementor-element-f67babb elementor-widget elementor-widget-text-editor\" data-id=\"f67babb\" data-element_type=\"widget\" data-widget_type=\"text-editor.default\">\n\t\t\t\t\t\t\t\t\t<h2 data-start=\"152\" data-end=\"168\"><img decoding=\"async\" class=\"alignnone size-full wp-image-167\" src=\"https:\/\/www.kanzlei-ferreira.de\/wp-content\/uploads\/2025\/12\/Inkasso-icon.png\" alt=\"\" width=\"137\" height=\"127\" \/><\/h2><p data-start=\"223\" data-end=\"525\">Os atrasos de pagamento s\u00e3o um problema generalizado - tanto em transac\u00e7\u00f5es comerciais nacionais como transfronteiri\u00e7as. A nossa sociedade de advogados apoia-o de forma eficiente e com seguran\u00e7a jur\u00eddica na execu\u00e7\u00e3o de cr\u00e9ditos pendentes - dentro e fora dos tribunais, em Portugal, na Alemanha e a n\u00edvel internacional.<\/p><h3 data-start=\"527\" data-end=\"557\">Os nossos servi\u00e7os de cobran\u00e7a de d\u00edvidas:<\/h3><ul data-start=\"558\" data-end=\"975\"><li data-start=\"558\" data-end=\"639\"><p data-start=\"560\" data-end=\"639\">Gest\u00e3o extrajudicial dos cr\u00e9ditos (avisos, acordos de pagamento)<\/p><\/li><li data-start=\"640\" data-end=\"687\"><p data-start=\"642\" data-end=\"687\">Afirma\u00e7\u00e3o e execu\u00e7\u00e3o judiciais<\/p><\/li><li data-start=\"688\" data-end=\"774\"><p data-start=\"690\" data-end=\"774\">Reconhecimento e execu\u00e7\u00e3o dos t\u00edtulos nos pa\u00edses da UE (T\u00edtulo Executivo Europeu)<\/p><\/li><li data-start=\"775\" data-end=\"856\"><p data-start=\"777\" data-end=\"856\">Execu\u00e7\u00e3o de cr\u00e9ditos relativos a entregas, servi\u00e7os ou arrendamentos<\/p><\/li><li data-start=\"857\" data-end=\"890\"><p data-start=\"859\" data-end=\"890\">Cobran\u00e7a de d\u00edvidas nos sectores B2B e B2C<\/p><\/li><li data-start=\"891\" data-end=\"932\"><p data-start=\"893\" data-end=\"932\">Controlo de cr\u00e9dito e investiga\u00e7\u00e3o do devedor<\/p><\/li><li data-start=\"933\" data-end=\"975\"><p data-start=\"935\" data-end=\"975\">Controlo a longo prazo das contas a receber<\/p><\/li><\/ul><p data-start=\"977\" data-end=\"1266\">Gra\u00e7as \u00e0 nossa experi\u00eancia em direito internacional e \u00e0 nossa rede de escrit\u00f3rios de advogados parceiros, oferecemos solu\u00e7\u00f5es transfronteiri\u00e7as - com especial incid\u00eancia nas rela\u00e7\u00f5es comerciais entre a Alemanha e Portugal. Actuamos de forma r\u00e1pida, transparente e orientada para a solu\u00e7\u00e3o para garantir a sua liquidez.<\/p>\t\t\t\t\t\t\t\t<\/div>\n\t\t\t\t\t<\/div>\n\t\t\t\t<\/div>\n\t\t\t\t<\/div>","protected":false},"excerpt":{"rendered":"<p>Zahlungsverzug ist ein weit verbreitetes Problem \u2013 sowohl im nationalen als auch im grenz\u00fcberschreitenden Gesch\u00e4ftsverkehr. Unsere Kanzlei unterst\u00fctzt Sie effizient und rechtssicher bei der Durchsetzung offener Forderungen \u2013 au\u00dfergerichtlich und gerichtlich, in Portugal, Deutschland und international. Unsere Inkasso-Leistungen: Au\u00dfergerichtliches Forderungsmanagement (Mahnschreiben, Zahlungsvereinbarungen) Gerichtliche Geltendmachung und Vollstreckung Titelanerkennung und -vollstreckung in EU-Staaten (Europ\u00e4ischer Vollstreckungstitel) Durchsetzung von [&hellip;]<\/p>\n","protected":false},"author":1,"featured_media":0,"parent":0,"menu_order":0,"comment_status":"closed","ping_status":"open","template":"","meta":{"footnotes":""},"class_list":["post-190","page","type-page","status-publish","hentry"],"_links":{"self":[{"href":"https:\/\/www.kanzlei-ferreira.de\/pt\/wp-json\/wp\/v2\/pages\/190","targetHints":{"allow":["GET"]}}],"collection":[{"href":"https:\/\/www.kanzlei-ferreira.de\/pt\/wp-json\/wp\/v2\/pages"}],"about":[{"href":"https:\/\/www.kanzlei-ferreira.de\/pt\/wp-json\/wp\/v2\/types\/page"}],"author":[{"embeddable":true,"href":"https:\/\/www.kanzlei-ferreira.de\/pt\/wp-json\/wp\/v2\/users\/1"}],"replies":[{"embeddable":true,"href":"https:\/\/www.kanzlei-ferreira.de\/pt\/wp-json\/wp\/v2\/comments?post=190"}],"version-history":[{"count":6,"href":"https:\/\/www.kanzlei-ferreira.de\/pt\/wp-json\/wp\/v2\/pages\/190\/revisions"}],"predecessor-version":[{"id":460,"href":"https:\/\/www.kanzlei-ferreira.de\/pt\/wp-json\/wp\/v2\/pages\/190\/revisions\/460"}],"wp:attachment":[{"href":"https:\/\/www.kanzlei-ferreira.de\/pt\/wp-json\/wp\/v2\/media?parent=190"}],"curies":[{"name":"wp","href":"https:\/\/api.w.org\/{rel}","templated":true}]}}