{"id":192,"date":"2025-12-02T15:10:47","date_gmt":"2025-12-02T14:10:47","guid":{"rendered":"https:\/\/advogada-portuguesa.de\/?page_id=192"},"modified":"2025-12-02T16:29:16","modified_gmt":"2025-12-02T15:29:16","slug":"direito-social","status":"publish","type":"page","link":"https:\/\/www.kanzlei-ferreira.de\/pt\/sozialrecht\/","title":{"rendered":"Direito social"},"content":{"rendered":"<div data-elementor-type=\"wp-page\" data-elementor-id=\"192\" class=\"elementor elementor-192\" data-elementor-post-type=\"page\">\n\t\t\t\t<div class=\"elementor-element elementor-element-4c51de2e e-flex e-con-boxed e-con e-parent\" data-id=\"4c51de2e\" data-element_type=\"container\">\n\t\t\t\t\t<div class=\"e-con-inner\">\n\t\t\t\t<div class=\"elementor-element elementor-element-f67babb elementor-widget elementor-widget-text-editor\" data-id=\"f67babb\" data-element_type=\"widget\" data-widget_type=\"text-editor.default\">\n\t\t\t\t\t\t\t\t\t<h2 data-start=\"152\" data-end=\"168\"><img decoding=\"async\" class=\"alignnone size-full wp-image-169\" src=\"https:\/\/www.kanzlei-ferreira.de\/wp-content\/uploads\/2025\/12\/Sozialrecht-icon.png\" alt=\"\" width=\"133\" height=\"113\" \/><\/h2><p data-start=\"193\" data-end=\"539\">O direito social afecta \u00e1reas fundamentais da vida, como a sa\u00fade, as pens\u00f5es, a assist\u00eancia, o desemprego e a seguran\u00e7a social. Protege os direitos dos cidad\u00e3os em situa\u00e7\u00f5es de emerg\u00eancia social - mas os procedimentos s\u00e3o frequentemente complexos e burocr\u00e1ticos. O nosso escrit\u00f3rio de advogados aconselha-o e representa-o de forma competente perante as autoridades e as institui\u00e7\u00f5es de seguran\u00e7a social.<\/p><h3 data-start=\"541\" data-end=\"578\">Os nossos servi\u00e7os no dom\u00ednio do direito social:<\/h3><ul data-start=\"579\" data-end=\"1025\"><li data-start=\"579\" data-end=\"662\"><p data-start=\"581\" data-end=\"662\">Aconselhamento e representa\u00e7\u00e3o em mat\u00e9ria de pens\u00f5es (pens\u00e3o de velhice, capacidade de ganho reduzida)<\/p><\/li><li data-start=\"663\" data-end=\"720\"><p data-start=\"665\" data-end=\"720\">Apoio na apresenta\u00e7\u00e3o de candidaturas e recursos de diplomas de cuidados de sa\u00fade<\/p><\/li><li data-start=\"721\" data-end=\"793\"><p data-start=\"723\" data-end=\"793\">Subs\u00eddio de desemprego I e II (ALG I e II), assist\u00eancia social e apoio ao rendimento de base<\/p><\/li><li data-start=\"794\" data-end=\"847\"><p data-start=\"796\" data-end=\"847\">Legisla\u00e7\u00e3o sobre defici\u00eancia e procedimentos em mat\u00e9ria de igualdade de oportunidades<\/p><\/li><li data-start=\"848\" data-end=\"894\"><p data-start=\"850\" data-end=\"894\">Seguro de doen\u00e7a e de acidentes, subs\u00eddio de doen\u00e7a<\/p><\/li><li data-start=\"895\" data-end=\"963\"><p data-start=\"897\" data-end=\"963\">Assist\u00eancia jur\u00eddica em caso de indeferimento de presta\u00e7\u00f5es ou de pedidos de indemniza\u00e7\u00e3o<\/p><\/li><li data-start=\"964\" data-end=\"1025\"><p data-start=\"966\" data-end=\"1025\">Representa\u00e7\u00e3o em processos de oposi\u00e7\u00e3o e perante os tribunais sociais<\/p><\/li><\/ul><p data-start=\"1027\" data-end=\"1303\">Comprometemo-nos a defender os seus direitos sociais - de forma humana, orientada para a solu\u00e7\u00e3o e com conhecimentos jur\u00eddicos. Especialmente para estrangeiros em Portugal, oferecemos aconselhamento personalizado na interface entre o direito social alem\u00e3o e portugu\u00eas.<\/p>\t\t\t\t\t\t\t\t<\/div>\n\t\t\t\t\t<\/div>\n\t\t\t\t<\/div>\n\t\t\t\t<\/div>","protected":false},"excerpt":{"rendered":"<p>Das Sozialrecht betrifft zentrale Lebensbereiche wie Gesundheit, Rente, Pflege, Arbeitslosigkeit und soziale Absicherung. Es sch\u00fctzt die Rechte der B\u00fcrgerinnen und B\u00fcrger in sozialen Notlagen \u2013 doch die Verfahren sind oft komplex und b\u00fcrokratisch. Unsere Kanzlei ber\u00e4t und vertritt Sie kompetent gegen\u00fcber Beh\u00f6rden und Sozialversicherungstr\u00e4gern. Unsere Leistungen im Sozialrecht: Beratung und Vertretung bei Rentenangelegenheiten (Altersrente, Erwerbsminderung) [&hellip;]<\/p>\n","protected":false},"author":1,"featured_media":0,"parent":0,"menu_order":0,"comment_status":"closed","ping_status":"open","template":"","meta":{"footnotes":""},"class_list":["post-192","page","type-page","status-publish","hentry"],"_links":{"self":[{"href":"https:\/\/www.kanzlei-ferreira.de\/pt\/wp-json\/wp\/v2\/pages\/192","targetHints":{"allow":["GET"]}}],"collection":[{"href":"https:\/\/www.kanzlei-ferreira.de\/pt\/wp-json\/wp\/v2\/pages"}],"about":[{"href":"https:\/\/www.kanzlei-ferreira.de\/pt\/wp-json\/wp\/v2\/types\/page"}],"author":[{"embeddable":true,"href":"https:\/\/www.kanzlei-ferreira.de\/pt\/wp-json\/wp\/v2\/users\/1"}],"replies":[{"embeddable":true,"href":"https:\/\/www.kanzlei-ferreira.de\/pt\/wp-json\/wp\/v2\/comments?post=192"}],"version-history":[{"count":4,"href":"https:\/\/www.kanzlei-ferreira.de\/pt\/wp-json\/wp\/v2\/pages\/192\/revisions"}],"predecessor-version":[{"id":227,"href":"https:\/\/www.kanzlei-ferreira.de\/pt\/wp-json\/wp\/v2\/pages\/192\/revisions\/227"}],"wp:attachment":[{"href":"https:\/\/www.kanzlei-ferreira.de\/pt\/wp-json\/wp\/v2\/media?parent=192"}],"curies":[{"name":"wp","href":"https:\/\/api.w.org\/{rel}","templated":true}]}}