{"id":3,"date":"2025-12-02T10:52:38","date_gmt":"2025-12-02T10:52:38","guid":{"rendered":"http:\/\/advogada-portuguesa.de\/?page_id=3"},"modified":"2025-12-24T08:07:39","modified_gmt":"2025-12-24T07:07:39","slug":"protecao-de-dados","status":"publish","type":"page","link":"https:\/\/www.kanzlei-ferreira.de\/pt\/datenschutz\/","title":{"rendered":"Pol\u00edtica de privacidade"},"content":{"rendered":"<div data-elementor-type=\"wp-page\" data-elementor-id=\"3\" class=\"elementor elementor-3\" data-elementor-post-type=\"page\">\n\t\t\t\t<div class=\"elementor-element elementor-element-c38d61f e-flex e-con-boxed e-con e-parent\" data-id=\"c38d61f\" data-element_type=\"container\">\n\t\t\t\t\t<div class=\"e-con-inner\">\n\t\t\t\t<div class=\"elementor-element elementor-element-d002011 elementor-widget elementor-widget-heading\" data-id=\"d002011\" data-element_type=\"widget\" data-widget_type=\"heading.default\">\n\t\t\t\t\t<h2 class=\"elementor-heading-title elementor-size-default\">Impress\u00e3o<\/h2>\t\t\t\t<\/div>\n\t\t\t\t<div class=\"elementor-element elementor-element-4cedbcd1 elementor-widget elementor-widget-text-editor\" data-id=\"4cedbcd1\" data-element_type=\"widget\" data-widget_type=\"text-editor.default\">\n\t\t\t\t\t\t\t\t\t\n<h2 class=\"wp-block-heading\" data-start=\"360\" data-end=\"386\"><strong data-start=\"363\" data-end=\"386\">1. pessoa respons\u00e1vel<\/strong><\/h2>\n<p data-start=\"387\" data-end=\"507\">Escrit\u00f3rio de advogados Ferreira<br data-start=\"405\" data-end=\"408\" \/>Michaela Ferreira dos Santos<br data-start=\"439\" data-end=\"442\" \/><span class=\"elementor-icon-list-text\">Wilhelmstr. 22 | 53111 Bonn<\/span><br data-start=\"453\" data-end=\"456\" \/>Telefone: <span class=\"elementor-icon-list-text\">+49 (0) 228 \u2013 94 747<\/span><span class=\"elementor-icon-list-text\"> 180<\/span><br data-start=\"480\" data-end=\"483\" \/>E-Mail: <a href=\"mailto:office@legit.com\"><span class=\"elementor-icon-list-text\">info@kanzlei-ferreira.de<\/span><\/a><\/p>\n<h2 data-start=\"509\" data-end=\"568\"><strong data-start=\"512\" data-end=\"568\">2. objectivos e bases jur\u00eddicas do tratamento de dados<\/strong><\/h2>\n<p data-start=\"569\" data-end=\"772\">Processamos dados pessoais de acordo com o Regulamento Geral de Prote\u00e7\u00e3o de Dados (RGPD) e a Lei Federal Alem\u00e3 de Prote\u00e7\u00e3o de Dados (BDSG).<br data-start=\"693\" data-end=\"696\" \/>Os dados pessoais s\u00e3o tratados, nomeadamente, para as seguintes finalidades<\/p>\n<ul data-start=\"774\" data-end=\"1443\">\n<li data-start=\"774\" data-end=\"1034\">\n<p data-start=\"776\" data-end=\"1034\"><strong data-start=\"776\" data-end=\"811\">Aceita\u00e7\u00e3o e processamento de mandatos<\/strong><br data-start=\"811\" data-end=\"814\" \/><em data-start=\"816\" data-end=\"834\">Base jur\u00eddica:<\/em> Art. 6, n.\u00ba 1, al\u00ednea b) do RGPD (cumprimento do contrato), Art. 6, n.\u00ba 1, al\u00ednea c) do RGPD (obriga\u00e7\u00f5es legais), Art. 9, n.\u00ba 2, al\u00ednea f) do RGPD (declara\u00e7\u00e3o, exerc\u00edcio ou defesa de ac\u00e7\u00f5es judiciais).<\/p>\n<\/li>\n<li data-start=\"1036\" data-end=\"1172\">\n<p data-start=\"1038\" data-end=\"1172\"><strong data-start=\"1038\" data-end=\"1102\">Comunica\u00e7\u00e3o com clientes, tribunais, autoridades e terceiros<\/strong><br data-start=\"1102\" data-end=\"1105\" \/><em data-start=\"1107\" data-end=\"1125\">Base jur\u00eddica:<\/em> Art. 6, n.\u00ba 1, al\u00edneas b), c) e f) do RGPD.<\/p>\n<\/li>\n<li data-start=\"1174\" data-end=\"1257\">\n<p data-start=\"1176\" data-end=\"1257\"><strong data-start=\"1176\" data-end=\"1206\">Contabilidade e fatura\u00e7\u00e3o<\/strong><br data-start=\"1206\" data-end=\"1209\" \/><em data-start=\"1211\" data-end=\"1229\">Base jur\u00eddica:<\/em> Art. 6.\u00ba, n.\u00ba 1, al\u00ednea c), do RGPD.<\/p>\n<\/li>\n<li data-start=\"1259\" data-end=\"1443\">\n<p data-start=\"1261\" data-end=\"1443\"><strong data-start=\"1261\" data-end=\"1298\">Utiliza\u00e7\u00e3o do s\u00edtio Web (se dispon\u00edvel)<\/strong><br data-start=\"1298\" data-end=\"1301\" \/><em data-start=\"1303\" data-end=\"1321\">Base jur\u00eddica:<\/em> Art. 6, n.\u00ba 1 lit. f do RGPD (interesse leg\u00edtimo), se aplic\u00e1vel Art. 6, n.\u00ba 1 lit. a do RGPD (consentimento para cookies\/rastreamento).<\/p>\n<\/li>\n<\/ul>\n<h2 data-start=\"1445\" data-end=\"1489\"><strong data-start=\"1448\" data-end=\"1489\">3. categorias de dados pessoais<\/strong><\/h2>\n<p data-start=\"1490\" data-end=\"1534\">Tratamos, nomeadamente, os seguintes dados:<\/p>\n<ul data-start=\"1536\" data-end=\"1828\">\n<li data-start=\"1536\" data-end=\"1593\">\n<p data-start=\"1538\" data-end=\"1593\">Dados de contacto (nome, endere\u00e7o, n\u00famero de telefone, e-mail)<\/p>\n<\/li>\n<li data-start=\"1594\" data-end=\"1674\">\n<p data-start=\"1596\" data-end=\"1674\">Dados relativos aos clientes (informa\u00e7\u00f5es factuais, documentos, correspond\u00eancia)<\/p>\n<\/li>\n<li data-start=\"1675\" data-end=\"1709\">\n<p data-start=\"1677\" data-end=\"1709\">Dados contratuais e de fatura\u00e7\u00e3o<\/p>\n<\/li>\n<li data-start=\"1710\" data-end=\"1759\">\n<p data-start=\"1712\" data-end=\"1759\">Dados de comunica\u00e7\u00e3o (correio eletr\u00f3nico, chamadas telef\u00f3nicas)<\/p>\n<\/li>\n<li data-start=\"1760\" data-end=\"1828\">\n<p data-start=\"1762\" data-end=\"1828\">Dados inform\u00e1ticos e de acesso ao visitar o s\u00edtio Web (endere\u00e7o IP, dados do navegador)<\/p>\n<\/li>\n<\/ul>\n<h2 data-start=\"1830\" data-end=\"1860\"><strong data-start=\"1833\" data-end=\"1860\">4. divulga\u00e7\u00e3o de dados<\/strong><\/h2>\n<p data-start=\"1861\" data-end=\"2022\">Os dados pessoais s\u00f3 ser\u00e3o transmitidos se tal for necess\u00e1rio para o processamento do mandato ou devido a requisitos legais. Os destinat\u00e1rios podem ser<\/p>\n<ul data-start=\"2024\" data-end=\"2265\">\n<li data-start=\"2024\" data-end=\"2070\">\n<p data-start=\"2026\" data-end=\"2070\">Tribunais, autoridades e organismos p\u00fablicos<\/p>\n<\/li>\n<li data-start=\"2071\" data-end=\"2115\">\n<p data-start=\"2073\" data-end=\"2115\">Partidos de oposi\u00e7\u00e3o e seus representantes<\/p>\n<\/li>\n<li data-start=\"2116\" data-end=\"2241\">\n<p data-start=\"2118\" data-end=\"2241\">Prestadores de servi\u00e7os (por exemplo, fornecedores de servi\u00e7os inform\u00e1ticos, destrui\u00e7\u00e3o de documentos, consultores fiscais) com os quais existem contratos de processamento de encomendas<\/p>\n<\/li>\n<li data-start=\"2242\" data-end=\"2265\">\n<p data-start=\"2244\" data-end=\"2265\">Prestador de servi\u00e7os de pagamento<\/p>\n<\/li>\n<\/ul>\n<p data-start=\"2267\" data-end=\"2378\">Uma transfer\u00eancia para pa\u00edses terceiros s\u00f3 tem lugar se os requisitos do Art. 44 e seguintes do do RGPD forem cumpridos.<\/p>\n<h2 data-start=\"2380\" data-end=\"2416\"><strong data-start=\"2383\" data-end=\"2416\">5. dura\u00e7\u00e3o do armazenamento de dados<\/strong><\/h2>\n<p data-start=\"2417\" data-end=\"2459\">Os dados pessoais s\u00e3o armazenados:<\/p>\n<ul data-start=\"2461\" data-end=\"2679\">\n<li data-start=\"2461\" data-end=\"2517\">\n<p data-start=\"2463\" data-end=\"2517\">desde que tal seja necess\u00e1rio para o processamento do mandato<\/p>\n<\/li>\n<li data-start=\"2518\" data-end=\"2612\">\n<p data-start=\"2520\" data-end=\"2612\">de acordo com os per\u00edodos de conserva\u00e7\u00e3o legais (por exemplo, 6 ou 10 anos de acordo com BRAO, HGB, AO)<\/p>\n<\/li>\n<li data-start=\"2613\" data-end=\"2679\">\n<p data-start=\"2615\" data-end=\"2679\">at\u00e9 que todas as obriga\u00e7\u00f5es de armazenamento e documenta\u00e7\u00e3o deixem de ser aplic\u00e1veis<\/p>\n<\/li>\n<\/ul>\n<h2 data-start=\"2681\" data-end=\"2724\"><strong data-start=\"2684\" data-end=\"2724\">6. os seus direitos enquanto titular dos dados<\/strong><\/h2>\n<p data-start=\"2725\" data-end=\"2763\">O utilizador tem os seguintes direitos ao abrigo do RGPD:<\/p>\n<ul data-start=\"2765\" data-end=\"3019\">\n<li data-start=\"2765\" data-end=\"2800\">\n<p data-start=\"2767\" data-end=\"2800\"><strong data-start=\"2767\" data-end=\"2779\">Informa\u00e7\u00f5es<\/strong> de acordo com o art. 15\u00ba do RGPD<\/p>\n<\/li>\n<li data-start=\"2801\" data-end=\"2840\">\n<p data-start=\"2803\" data-end=\"2840\"><strong data-start=\"2803\" data-end=\"2819\">Corre\u00e7\u00e3o<\/strong> de acordo com o art. 16\u00ba do RGPD<\/p>\n<\/li>\n<li data-start=\"2841\" data-end=\"2876\">\n<p data-start=\"2843\" data-end=\"2876\"><strong data-start=\"2843\" data-end=\"2855\">Cancelamento<\/strong> de acordo com o art. 17\u00ba do RGPD<\/p>\n<\/li>\n<li data-start=\"2877\" data-end=\"2934\">\n<p data-start=\"2879\" data-end=\"2934\"><strong data-start=\"2879\" data-end=\"2913\">Restri\u00e7\u00e3o do tratamento<\/strong> de acordo com o art. 18\u00ba do RGPD<\/p>\n<\/li>\n<li data-start=\"2935\" data-end=\"2982\">\n<p data-start=\"2937\" data-end=\"2982\"><strong data-start=\"2937\" data-end=\"2961\">Portabilidade dos dados<\/strong> de acordo com o Art. 20 do RGPD<\/p>\n<\/li>\n<li data-start=\"2983\" data-end=\"3019\">\n<p data-start=\"2985\" data-end=\"3019\"><strong data-start=\"2985\" data-end=\"3000\">Contradi\u00e7\u00e3o<\/strong> de acordo com o art. 21\u00ba do RGPD<\/p>\n<\/li>\n<\/ul>\n<p data-start=\"3021\" data-end=\"3112\">Para exercer os seus direitos, basta enviar uma mensagem informal para os dados de contacto acima indicados.<\/p>\n<h2 data-start=\"3114\" data-end=\"3151\"><strong data-start=\"3117\" data-end=\"3151\">7. revoga\u00e7\u00e3o do consentimento<\/strong><\/h2>\n<p data-start=\"3152\" data-end=\"3261\">O consentimento dado pode ser revogado em qualquer altura com efeitos para o futuro (art. 7.\u00ba, n.\u00ba 3 do RGPD).<\/p>\n<h2 data-start=\"3263\" data-end=\"3309\"><strong data-start=\"3266\" data-end=\"3309\">8. obriga\u00e7\u00e3o de fornecer dados<\/strong><\/h2>\n<p data-start=\"3310\" data-end=\"3518\">Como parte de um mandato, o utilizador \u00e9 obrigado a fornecer os dados necess\u00e1rios para a aceita\u00e7\u00e3o e o processamento do mandato. N\u00e3o \u00e9 poss\u00edvel aceitar um mandato sem fornecer estes dados.<\/p>\n<h2 data-start=\"3520\" data-end=\"3577\"><strong data-start=\"3523\" data-end=\"3577\">9) Tomada de decis\u00f5es automatizada \/ defini\u00e7\u00e3o de perfis<\/strong><\/h2>\n<p data-start=\"3578\" data-end=\"3663\">A tomada de decis\u00f5es automatizada, incluindo a defini\u00e7\u00e3o de perfis, n\u00e3o tem lugar.<\/p>\n<h2 data-start=\"3665\" data-end=\"3691\"><strong data-start=\"3668\" data-end=\"3691\">10. seguran\u00e7a dos dados<\/strong><\/h2>\n<p data-start=\"3692\" data-end=\"3844\">Tomamos medidas t\u00e9cnicas e organizacionais para proteger os dados pessoais contra perda, utiliza\u00e7\u00e3o indevida, acesso n\u00e3o autorizado e divulga\u00e7\u00e3o.<\/p>\n<h2 data-start=\"3846\" data-end=\"3912\"><strong data-start=\"3849\" data-end=\"3912\">11. utiliza\u00e7\u00e3o de cookies e ferramentas do s\u00edtio Web (se dispon\u00edveis)<\/strong><\/h2>\n<p data-start=\"3913\" data-end=\"3954\">Se o seu escrit\u00f3rio de advogados tem um s\u00edtio Web:<\/p>\n<ul data-start=\"3956\" data-end=\"4227\">\n<li data-start=\"3956\" data-end=\"4024\">\n<p data-start=\"3958\" data-end=\"4024\">Cookies necess\u00e1rios: Processamento de acordo com o Art. 6, par\u00e1grafo 1 lit. f do RGPD<\/p>\n<\/li>\n<li data-start=\"4025\" data-end=\"4106\">\n<p data-start=\"4027\" data-end=\"4106\">Cookies de an\u00e1lise\/marketing: apenas com consentimento (Art. 6, n.\u00ba 1, al\u00ednea a) do RGPD)<\/p>\n<\/li>\n<li data-start=\"4107\" data-end=\"4227\">\n<p data-start=\"4109\" data-end=\"4227\">Devem ser acrescentadas aqui informa\u00e7\u00f5es pormenorizadas sobre as ferramentas utilizadas (por exemplo, Google Analytics, Matomo, alojamento).<\/p>\n<\/li>\n<\/ul>\n<h2 data-start=\"4229\" data-end=\"4280\"><strong data-start=\"4232\" data-end=\"4280\">12. direito de recurso \u00e0 autoridade de controlo<\/strong><\/h2>\n<p data-start=\"4281\" data-end=\"4489\">O utilizador tem o direito de apresentar uma queixa junto de uma autoridade de controlo da prote\u00e7\u00e3o de dados, nomeadamente no Estado-Membro da sua resid\u00eancia habitual, do seu local de trabalho ou do local da alegada infra\u00e7\u00e3o.<\/p>\n<p data-start=\"4491\" data-end=\"4636\">Autoridade de controlo competente (exemplo para NRW):<br data-start=\"4538\" data-end=\"4541\" \/>Comiss\u00e1rio estatal para a prote\u00e7\u00e3o de dados e a liberdade de informa\u00e7\u00e3o Ren\u00e2nia do Norte-Vestef\u00e1lia<br data-start=\"4619\" data-end=\"4622\" \/><a class=\"decorated-link cursor-pointer\" target=\"_new\" rel=\"noopener\" data-start=\"4622\" data-end=\"4636\">www.ldi.nrw.de<\/a><\/p>\t\t\t\t\t\t\t\t<\/div>\n\t\t\t\t\t<\/div>\n\t\t\t\t<\/div>\n\t\t\t\t<\/div>","protected":false},"excerpt":{"rendered":"<p>Impressum 1. Verantwortlicher RA Kanzlei FerreiraMichaela Ferreira dos SantosWilhelmstr. 22 | 53111 BonnTelefon: +49 (0) 228 &#8211; 94 747 180E-Mail: info@kanzlei-ferreira.de 2. Zwecke und Rechtsgrundlagen der Datenverarbeitung Wir verarbeiten personenbezogene Daten gem\u00e4\u00df der Datenschutz-Grundverordnung (DSGVO) und dem Bundesdatenschutzgesetz (BDSG).Personenbezogene Daten werden insbesondere zu folgenden Zwecken verarbeitet: Mandatsannahme und -bearbeitungRechtsgrundlage: Art. 6 Abs. 1 lit. b [&hellip;]<\/p>\n","protected":false},"author":1,"featured_media":0,"parent":0,"menu_order":0,"comment_status":"closed","ping_status":"closed","template":"elementor_header_footer","meta":{"footnotes":""},"class_list":["post-3","page","type-page","status-publish","hentry"],"_links":{"self":[{"href":"https:\/\/www.kanzlei-ferreira.de\/pt\/wp-json\/wp\/v2\/pages\/3","targetHints":{"allow":["GET"]}}],"collection":[{"href":"https:\/\/www.kanzlei-ferreira.de\/pt\/wp-json\/wp\/v2\/pages"}],"about":[{"href":"https:\/\/www.kanzlei-ferreira.de\/pt\/wp-json\/wp\/v2\/types\/page"}],"author":[{"embeddable":true,"href":"https:\/\/www.kanzlei-ferreira.de\/pt\/wp-json\/wp\/v2\/users\/1"}],"replies":[{"embeddable":true,"href":"https:\/\/www.kanzlei-ferreira.de\/pt\/wp-json\/wp\/v2\/comments?post=3"}],"version-history":[{"count":10,"href":"https:\/\/www.kanzlei-ferreira.de\/pt\/wp-json\/wp\/v2\/pages\/3\/revisions"}],"predecessor-version":[{"id":628,"href":"https:\/\/www.kanzlei-ferreira.de\/pt\/wp-json\/wp\/v2\/pages\/3\/revisions\/628"}],"wp:attachment":[{"href":"https:\/\/www.kanzlei-ferreira.de\/pt\/wp-json\/wp\/v2\/media?parent=3"}],"curies":[{"name":"wp","href":"https:\/\/api.w.org\/{rel}","templated":true}]}}