{"id":470,"date":"2025-12-09T22:02:23","date_gmt":"2025-12-09T21:02:23","guid":{"rendered":"https:\/\/advogada-portuguesa.de\/?page_id=470"},"modified":"2025-12-09T22:41:48","modified_gmt":"2025-12-09T21:41:48","slug":"internacional","status":"publish","type":"page","link":"https:\/\/www.kanzlei-ferreira.de\/pt\/international\/","title":{"rendered":"Internacional"},"content":{"rendered":"<div data-elementor-type=\"wp-page\" data-elementor-id=\"470\" class=\"elementor elementor-470\" data-elementor-post-type=\"page\">\n\t\t\t\t<div class=\"elementor-element elementor-element-12ecec7f e-flex e-con-boxed e-con e-parent\" data-id=\"12ecec7f\" data-element_type=\"container\">\n\t\t\t\t\t<div class=\"e-con-inner\">\n\t\t<div class=\"elementor-element elementor-element-2b6c4ade e-con-full e-flex e-con e-child\" data-id=\"2b6c4ade\" data-element_type=\"container\">\n\t\t\t\t<div class=\"elementor-element elementor-element-422dd1ba elementor-widget__width-initial elementor-absolute elementor-widget elementor-widget-spacer\" data-id=\"422dd1ba\" data-element_type=\"widget\" data-settings=\"{&quot;_position&quot;:&quot;absolute&quot;}\" data-widget_type=\"spacer.default\">\n\t\t\t\t\t\t\t<div class=\"elementor-spacer\">\n\t\t\t<div class=\"elementor-spacer-inner\"><\/div>\n\t\t<\/div>\n\t\t\t\t\t\t<\/div>\n\t\t\t\t<div class=\"elementor-element elementor-element-322184e5 elementor-invisible elementor-widget elementor-widget-heading\" data-id=\"322184e5\" data-element_type=\"widget\" data-settings=\"{&quot;_animation&quot;:&quot;fadeInUp&quot;}\" data-widget_type=\"heading.default\">\n\t\t\t\t\t<h3 class=\"elementor-heading-title elementor-size-default\">Confian\u00e7a al\u00e9m das fronteiras<\/h3>\t\t\t\t<\/div>\n\t\t\t\t<div class=\"elementor-element elementor-element-6fcec10 elementor-widget elementor-widget-heading\" data-id=\"6fcec10\" data-element_type=\"widget\" data-widget_type=\"heading.default\">\n\t\t\t\t\t<h3 class=\"elementor-heading-title elementor-size-default\">coopera\u00e7\u00f5es<\/h3>\t\t\t\t<\/div>\n\t\t\t\t<div class=\"elementor-element elementor-element-50d15f58 elementor-widget elementor-widget-text-editor\" data-id=\"50d15f58\" data-element_type=\"widget\" data-widget_type=\"text-editor.default\">\n\t\t\t\t\t\t\t\t\t<p>\u201eConectado globalmente \u2013 enraizado localmente. O seu escrit\u00f3rio de advocacia para parcerias s\u00f3lidas em Portugal e em todo o mundo.\u201c<\/p>\t\t\t\t\t\t\t\t<\/div>\n\t\t\t\t<\/div>\n\t\t<div class=\"elementor-element elementor-element-7a97840a e-con-full e-flex e-con e-child\" data-id=\"7a97840a\" data-element_type=\"container\" data-settings=\"{&quot;background_background&quot;:&quot;classic&quot;}\">\n\t\t\t\t<\/div>\n\t\t\t\t\t<\/div>\n\t\t\t\t<\/div>\n\t\t<div class=\"elementor-element elementor-element-3a09d88 e-flex e-con-boxed e-con e-parent\" data-id=\"3a09d88\" data-element_type=\"container\">\n\t\t\t\t\t<div class=\"e-con-inner\">\n\t\t<div class=\"elementor-element elementor-element-79a1c613 e-con-full e-flex e-con e-child\" data-id=\"79a1c613\" data-element_type=\"container\">\n\t\t\t\t<div class=\"elementor-element elementor-element-e145a72 elementor-widget elementor-widget-image\" data-id=\"e145a72\" data-element_type=\"widget\" data-widget_type=\"image.default\">\n\t\t\t\t\t\t\t\t\t\t\t\t\t\t\t<img fetchpriority=\"high\" decoding=\"async\" width=\"415\" height=\"473\" src=\"https:\/\/www.kanzlei-ferreira.de\/wp-content\/uploads\/2025\/12\/AboutPage-Img_2.jpg\" class=\"attachment-full size-full wp-image-36\" alt=\"\" srcset=\"https:\/\/www.kanzlei-ferreira.de\/wp-content\/uploads\/2025\/12\/AboutPage-Img_2.jpg 415w, https:\/\/www.kanzlei-ferreira.de\/wp-content\/uploads\/2025\/12\/AboutPage-Img_2-263x300.jpg 263w\" sizes=\"(max-width: 415px) 100vw, 415px\" \/>\t\t\t\t\t\t\t\t\t\t\t\t\t\t\t<\/div>\n\t\t\t\t<\/div>\n\t\t<div class=\"elementor-element elementor-element-370c896d e-con-full e-flex e-con e-child\" data-id=\"370c896d\" data-element_type=\"container\">\n\t\t\t\t<div class=\"elementor-element elementor-element-90c7cce elementor-widget elementor-widget-text-editor\" data-id=\"90c7cce\" data-element_type=\"widget\" data-widget_type=\"text-editor.default\">\n\t\t\t\t\t\t\t\t\t<p data-start=\"245\" data-end=\"293\"><strong><br \/>Internacional \u2013 em rede para o seu sucesso<\/strong><\/p><p data-start=\"295\" data-end=\"682\">O nosso escrit\u00f3rio pensa al\u00e9m-fronteiras: atrav\u00e9s de estreitas coopera\u00e7\u00f5es com escrit\u00f3rios de advogados experientes em <strong data-start=\"397\" data-end=\"427\">Porto, Lisboa e Leiria<\/strong> Oferecemos aos nossos clientes acesso direto a consultoria jur\u00eddica qualificada em todo o territ\u00f3rio portugu\u00eas. Seja para empresas com liga\u00e7\u00f5es internacionais, investidores ou particulares com interesses no estrangeiro, acompanhamos os nossos clientes com fiabilidade e compet\u00eancia.<\/p><p data-start=\"684\" data-end=\"1054\">Estamos particularmente orgulhosos da nossa filia\u00e7\u00e3o na <strong>Alian\u00e7a LegalNetlink<\/strong>, uma rede exclusiva de apenas cerca de 1.550 advogados selecionados em todo o mundo. Esta alian\u00e7a re\u00fane escrit\u00f3rios de advocacia independentes de m\u00e9dio porte em todos os continentes, com um objetivo comum: a mais alta qualidade, atendimento personalizado e vis\u00e3o internacional.<\/p><p data-start=\"1056\" data-end=\"1224\">Gra\u00e7as a estas parcerias s\u00f3lidas, podemos oferecer aos nossos clientes solu\u00e7\u00f5es personalizadas a n\u00edvel internacional \u2013 de forma r\u00e1pida, eficiente e personalizada.<\/p><p data-start=\"1226\" data-end=\"1343\"><strong data-start=\"1226\" data-end=\"1343\">Confie numa rede que pensa al\u00e9m das fronteiras \u2013 e que permanece sempre pr\u00f3xima das suas necessidades.<\/strong><\/p>\t\t\t\t\t\t\t\t<\/div>\n\t\t\t\t<\/div>\n\t\t\t\t\t<\/div>\n\t\t\t\t<\/div>\n\t\t\t\t<\/div>","protected":false},"excerpt":{"rendered":"<p>Vertrauen \u00fcber Grenzen hinweg Kooperationen \u201eGlobal verbunden \u2013 lokal verankert. Ihre Kanzlei f\u00fcr starke Partnerschaften in Portugal und weltweit.\u201c International \u2013 vernetzt f\u00fcr Ihren Erfolg Unsere Kanzlei denkt grenz\u00fcberschreitend: Durch enge Kooperationen mit erfahrenen Anwaltskanzleien in Porto, Lissabon und Leiria bieten wir unseren Mandanten direkten Zugang zu qualifizierter Rechtsberatung in ganz Portugal. Ob f\u00fcr Unternehmen [&hellip;]<\/p>\n","protected":false},"author":1,"featured_media":44,"parent":0,"menu_order":0,"comment_status":"closed","ping_status":"closed","template":"elementor_header_footer","meta":{"footnotes":""},"class_list":["post-470","page","type-page","status-publish","has-post-thumbnail","hentry"],"_links":{"self":[{"href":"https:\/\/www.kanzlei-ferreira.de\/pt\/wp-json\/wp\/v2\/pages\/470","targetHints":{"allow":["GET"]}}],"collection":[{"href":"https:\/\/www.kanzlei-ferreira.de\/pt\/wp-json\/wp\/v2\/pages"}],"about":[{"href":"https:\/\/www.kanzlei-ferreira.de\/pt\/wp-json\/wp\/v2\/types\/page"}],"author":[{"embeddable":true,"href":"https:\/\/www.kanzlei-ferreira.de\/pt\/wp-json\/wp\/v2\/users\/1"}],"replies":[{"embeddable":true,"href":"https:\/\/www.kanzlei-ferreira.de\/pt\/wp-json\/wp\/v2\/comments?post=470"}],"version-history":[{"count":10,"href":"https:\/\/www.kanzlei-ferreira.de\/pt\/wp-json\/wp\/v2\/pages\/470\/revisions"}],"predecessor-version":[{"id":495,"href":"https:\/\/www.kanzlei-ferreira.de\/pt\/wp-json\/wp\/v2\/pages\/470\/revisions\/495"}],"wp:featuredmedia":[{"embeddable":true,"href":"https:\/\/www.kanzlei-ferreira.de\/pt\/wp-json\/wp\/v2\/media\/44"}],"wp:attachment":[{"href":"https:\/\/www.kanzlei-ferreira.de\/pt\/wp-json\/wp\/v2\/media?parent=470"}],"curies":[{"name":"wp","href":"https:\/\/api.w.org\/{rel}","templated":true}]}}