{"id":498,"date":"2025-12-09T22:47:41","date_gmt":"2025-12-09T21:47:41","guid":{"rendered":"https:\/\/advogada-portuguesa.de\/?page_id=498"},"modified":"2025-12-11T08:55:41","modified_gmt":"2025-12-11T07:55:41","slug":"legalnetlinkalliance","status":"publish","type":"page","link":"https:\/\/www.kanzlei-ferreira.de\/pt\/legalnetlinkalliance\/","title":{"rendered":""},"content":{"rendered":"<div data-elementor-type=\"wp-page\" data-elementor-id=\"498\" class=\"elementor elementor-498\" data-elementor-post-type=\"page\">\n\t\t\t\t<div class=\"elementor-element elementor-element-12ecec7f e-flex e-con-boxed e-con e-parent\" data-id=\"12ecec7f\" data-element_type=\"container\">\n\t\t\t\t\t<div class=\"e-con-inner\">\n\t\t<div class=\"elementor-element elementor-element-2b6c4ade e-con-full e-flex e-con e-child\" data-id=\"2b6c4ade\" data-element_type=\"container\">\n\t\t\t\t<div class=\"elementor-element elementor-element-422dd1ba elementor-widget__width-initial elementor-absolute elementor-widget elementor-widget-spacer\" data-id=\"422dd1ba\" data-element_type=\"widget\" data-settings=\"{&quot;_position&quot;:&quot;absolute&quot;}\" data-widget_type=\"spacer.default\">\n\t\t\t\t\t\t\t<div class=\"elementor-spacer\">\n\t\t\t<div class=\"elementor-spacer-inner\"><\/div>\n\t\t<\/div>\n\t\t\t\t\t\t<\/div>\n\t\t\t\t<div class=\"elementor-element elementor-element-322184e5 elementor-invisible elementor-widget elementor-widget-heading\" data-id=\"322184e5\" data-element_type=\"widget\" data-settings=\"{&quot;_animation&quot;:&quot;fadeInUp&quot;}\" data-widget_type=\"heading.default\">\n\t\t\t\t\t<h3 class=\"elementor-heading-title elementor-size-default\">Confian\u00e7a al\u00e9m das fronteiras<\/h3>\t\t\t\t<\/div>\n\t\t\t\t<div class=\"elementor-element elementor-element-6fcec10 elementor-widget elementor-widget-heading\" data-id=\"6fcec10\" data-element_type=\"widget\" data-widget_type=\"heading.default\">\n\t\t\t\t\t<h3 class=\"elementor-heading-title elementor-size-default\">Alian\u00e7a Legal Netlink<\/h3>\t\t\t\t<\/div>\n\t\t\t\t<div class=\"elementor-element elementor-element-50d15f58 elementor-widget elementor-widget-text-editor\" data-id=\"50d15f58\" data-element_type=\"widget\" data-widget_type=\"text-editor.default\">\n\t\t\t\t\t\t\t\t\t<p>\u201eConectado globalmente \u2013 enraizado localmente. O seu escrit\u00f3rio de advocacia para parcerias s\u00f3lidas em Portugal e em todo o mundo.\u201c<\/p>\t\t\t\t\t\t\t\t<\/div>\n\t\t\t\t<\/div>\n\t\t<div class=\"elementor-element elementor-element-7a97840a e-con-full e-flex e-con e-child\" data-id=\"7a97840a\" data-element_type=\"container\" data-settings=\"{&quot;background_background&quot;:&quot;classic&quot;}\">\n\t\t\t\t<\/div>\n\t\t\t\t\t<\/div>\n\t\t\t\t<\/div>\n\t\t<div class=\"elementor-element elementor-element-3a09d88 e-flex e-con-boxed e-con e-parent\" data-id=\"3a09d88\" data-element_type=\"container\">\n\t\t\t\t\t<div class=\"e-con-inner\">\n\t\t<div class=\"elementor-element elementor-element-370c896d e-con-full e-flex e-con e-child\" data-id=\"370c896d\" data-element_type=\"container\">\n\t\t\t\t<div class=\"elementor-element elementor-element-90c7cce elementor-widget elementor-widget-text-editor\" data-id=\"90c7cce\" data-element_type=\"widget\" data-widget_type=\"text-editor.default\">\n\t\t\t\t\t\t\t\t\t<p data-start=\"124\" data-end=\"356\">\u00a0<\/p><p data-start=\"124\" data-end=\"356\"><strong data-start=\"124\" data-end=\"155\">Sobre a Legal Netlink Alliance<\/strong><br data-start=\"155\" data-end=\"158\" \/>H\u00e1 mais de trinta anos, a Legal Netlink Alliance permite aos seus membros alargar o alcance dos seus servi\u00e7os para satisfazer as necessidades dos seus clientes em todo o mundo.<\/p><p data-start=\"358\" data-end=\"938\"><strong data-start=\"358\" data-end=\"382\">Valores que unem<\/strong><br data-start=\"382\" data-end=\"385\" \/>A Legal Netlink Alliance (LNA) \u00e9 uma rede global de escrit\u00f3rios de advocacia independentes, de pequeno e m\u00e9dio porte. Ela oferece aos membros e seus clientes acesso a consultoria jur\u00eddica de alta qualidade em n\u00edvel internacional. O que torna a LNA especial s\u00e3o as rela\u00e7\u00f5es profissionais de confian\u00e7a e a estreita coopera\u00e7\u00e3o que se desenvolvem entre os membros. Muitas dessas parcerias de longa data come\u00e7aram nas reuni\u00f5es trimestrais da LNA, nas quais advogados de todo o mundo trocam ideias e aprendem uns com os outros.<\/p><p data-start=\"940\" data-end=\"1056\"><strong data-start=\"940\" data-end=\"967\">Vantagens para membros<\/strong><br data-start=\"967\" data-end=\"970\" \/>Os membros da LNA beneficiam de v\u00e1rias formas com a sua participa\u00e7\u00e3o na rede:<\/p><ul data-start=\"1058\" data-end=\"1422\"><li data-start=\"1058\" data-end=\"1179\"><p data-start=\"1060\" data-end=\"1179\">Acesso a uma rede internacional de escrit\u00f3rios de advocacia que partilham elevados padr\u00f5es de qualidade e orienta\u00e7\u00e3o para o cliente.<\/p><\/li><li data-start=\"1180\" data-end=\"1319\"><p data-start=\"1182\" data-end=\"1319\">Reuni\u00f5es trimestrais que permitem conhecer pessoalmente os colegas e oferecem programas de forma\u00e7\u00e3o cont\u00ednua e gest\u00e3o de escrit\u00f3rios.<\/p><\/li><li data-start=\"1320\" data-end=\"1422\"><p data-start=\"1322\" data-end=\"1422\">Rela\u00e7\u00f5es pessoais duradouras que promovem novos contactos com clientes e oportunidades de neg\u00f3cio.<\/p><\/li><\/ul><p data-start=\"1424\" data-end=\"1703\">A ades\u00e3o \u00e0 LNA pode servir ao seu escrit\u00f3rio tanto como um instrumento para o desenvolvimento de neg\u00f3cios quanto como um recurso valioso para o desenvolvimento profissional. Aqui voc\u00ea encontra um guia completo sobre como tirar o m\u00e1ximo proveito da sua ades\u00e3o.<\/p><p data-start=\"1705\" data-end=\"1790\"><strong data-start=\"1705\" data-end=\"1731\">Vantagens para os clientes<\/strong><br data-start=\"1731\" data-end=\"1734\" \/>Os clientes que utilizam a rede LNA beneficiam de:<\/p><ul data-start=\"1792\" data-end=\"2275\"><li data-start=\"1792\" data-end=\"2024\"><p data-start=\"1794\" data-end=\"2024\">Acesso f\u00e1cil a consultores jur\u00eddicos qualificados em praticamente todos os pa\u00edses do mundo. Todos os escrit\u00f3rios membros s\u00e3o cuidadosamente avaliados e s\u00e3o sin\u00f3nimo de excelente compet\u00eancia profissional, elevados padr\u00f5es \u00e9ticos e orienta\u00e7\u00e3o para o cliente.<\/p><\/li><li data-start=\"2025\" data-end=\"2161\"><p data-start=\"2027\" data-end=\"2161\">Acordos de honor\u00e1rios flex\u00edveis e preven\u00e7\u00e3o de inefici\u00eancias, como as que ocorrem frequentemente em grandes escrit\u00f3rios de advocacia internacionais.<\/p><\/li><li data-start=\"2162\" data-end=\"2275\"><p data-start=\"2164\" data-end=\"2275\">Conhecimento profundo do sistema jur\u00eddico nacional em quest\u00e3o \u2013 por advogados que atuam diariamente no local.<\/p><\/li><\/ul><p data-start=\"2277\" data-end=\"2647\"><strong data-start=\"2277\" data-end=\"2308\">Total independ\u00eancia<\/strong><br data-start=\"2308\" data-end=\"2311\" \/>Embora a maioria dos mandatos seja intermediada dentro da rede, os membros da LNA n\u00e3o s\u00e3o obrigados a trabalhar exclusivamente dentro da associa\u00e7\u00e3o \u2013 eles podem contratar outros escrit\u00f3rios de advocacia a qualquer momento.<br data-start=\"2529\" data-end=\"2532\" \/><br \/><\/p>\t\t\t\t\t\t\t\t<\/div>\n\t\t\t\t<\/div>\n\t\t\t\t\t<\/div>\n\t\t\t\t<\/div>\n\t\t\t\t<\/div>","protected":false},"excerpt":{"rendered":"<p>Vertrauen \u00fcber Grenzen hinweg Legal Netlink Alliance \u201eGlobal verbunden \u2013 lokal verankert. Ihre Kanzlei f\u00fcr starke Partnerschaften in Portugal und weltweit.\u201c \u00a0 \u00dcber Legal Netlink AllianceSeit \u00fcber drei\u00dfig Jahren erm\u00f6glicht die Legal Netlink Alliance ihren Mitgliedern, die Reichweite ihrer Dienstleistungen zu erweitern, um den Anforderungen ihrer Mandanten weltweit gerecht zu werden. Werte, die verbindenLegal Netlink [&hellip;]<\/p>\n","protected":false},"author":1,"featured_media":44,"parent":0,"menu_order":0,"comment_status":"closed","ping_status":"closed","template":"","meta":{"footnotes":""},"class_list":["post-498","page","type-page","status-publish","has-post-thumbnail","hentry"],"_links":{"self":[{"href":"https:\/\/www.kanzlei-ferreira.de\/pt\/wp-json\/wp\/v2\/pages\/498","targetHints":{"allow":["GET"]}}],"collection":[{"href":"https:\/\/www.kanzlei-ferreira.de\/pt\/wp-json\/wp\/v2\/pages"}],"about":[{"href":"https:\/\/www.kanzlei-ferreira.de\/pt\/wp-json\/wp\/v2\/types\/page"}],"author":[{"embeddable":true,"href":"https:\/\/www.kanzlei-ferreira.de\/pt\/wp-json\/wp\/v2\/users\/1"}],"replies":[{"embeddable":true,"href":"https:\/\/www.kanzlei-ferreira.de\/pt\/wp-json\/wp\/v2\/comments?post=498"}],"version-history":[{"count":10,"href":"https:\/\/www.kanzlei-ferreira.de\/pt\/wp-json\/wp\/v2\/pages\/498\/revisions"}],"predecessor-version":[{"id":584,"href":"https:\/\/www.kanzlei-ferreira.de\/pt\/wp-json\/wp\/v2\/pages\/498\/revisions\/584"}],"wp:featuredmedia":[{"embeddable":true,"href":"https:\/\/www.kanzlei-ferreira.de\/pt\/wp-json\/wp\/v2\/media\/44"}],"wp:attachment":[{"href":"https:\/\/www.kanzlei-ferreira.de\/pt\/wp-json\/wp\/v2\/media?parent=498"}],"curies":[{"name":"wp","href":"https:\/\/api.w.org\/{rel}","templated":true}]}}