{"id":659,"date":"2026-02-08T11:33:14","date_gmt":"2026-02-08T10:33:14","guid":{"rendered":"https:\/\/www.kanzlei-ferreira.de\/?page_id=659"},"modified":"2026-02-16T23:58:23","modified_gmt":"2026-02-16T22:58:23","slug":"inspecao-de-ficheiros","status":"publish","type":"page","link":"https:\/\/www.kanzlei-ferreira.de\/pt\/akteneinsicht\/","title":{"rendered":"Inspe\u00e7\u00e3o dos processos"},"content":{"rendered":"\t\t<div data-elementor-type=\"wp-page\" data-elementor-id=\"659\" class=\"elementor elementor-659\" data-elementor-post-type=\"page\">\n\t\t\t\t<div class=\"elementor-element elementor-element-12ecec7f e-flex e-con-boxed e-con e-parent\" data-id=\"12ecec7f\" data-element_type=\"container\">\n\t\t\t\t\t<div class=\"e-con-inner\">\n\t\t<div class=\"elementor-element elementor-element-2b6c4ade e-con-full e-flex e-con e-child\" data-id=\"2b6c4ade\" data-element_type=\"container\">\n\t\t\t\t<div class=\"elementor-element elementor-element-422dd1ba elementor-widget__width-initial elementor-absolute elementor-widget elementor-widget-spacer\" data-id=\"422dd1ba\" data-element_type=\"widget\" data-settings=\"{&quot;_position&quot;:&quot;absolute&quot;}\" data-widget_type=\"spacer.default\">\n\t\t\t\t\t\t\t<div class=\"elementor-spacer\">\n\t\t\t<div class=\"elementor-spacer-inner\"><\/div>\n\t\t<\/div>\n\t\t\t\t\t\t<\/div>\n\t\t\t\t<div class=\"elementor-element elementor-element-322184e5 elementor-invisible elementor-widget elementor-widget-heading\" data-id=\"322184e5\" data-element_type=\"widget\" data-settings=\"{&quot;_animation&quot;:&quot;fadeInUp&quot;}\" data-widget_type=\"heading.default\">\n\t\t\t\t\t<h3 class=\"elementor-heading-title elementor-size-default\">Wir ersparen Ihnen Zeit<\/h3>\t\t\t\t<\/div>\n\t\t\t\t<div class=\"elementor-element elementor-element-6fcec10 elementor-widget elementor-widget-heading\" data-id=\"6fcec10\" data-element_type=\"widget\" data-widget_type=\"heading.default\">\n\t\t\t\t\t<h3 class=\"elementor-heading-title elementor-size-default\">Digitale Akte<\/h3>\t\t\t\t<\/div>\n\t\t\t\t<div class=\"elementor-element elementor-element-50d15f58 elementor-widget elementor-widget-text-editor\" data-id=\"50d15f58\" data-element_type=\"widget\" data-widget_type=\"text-editor.default\">\n\t\t\t\t\t\t\t\t\t<p>\u201eAkteneinsicht. Schnell. Sicher. Rechtssicher\u201c<\/p>\t\t\t\t\t\t\t\t<\/div>\n\t\t\t\t<\/div>\n\t\t<div class=\"elementor-element elementor-element-7a97840a e-con-full e-flex e-con e-child\" data-id=\"7a97840a\" data-element_type=\"container\" data-settings=\"{&quot;background_background&quot;:&quot;classic&quot;}\">\n\t\t\t\t<\/div>\n\t\t\t\t\t<\/div>\n\t\t\t\t<\/div>\n\t\t<div class=\"elementor-element elementor-element-3a09d88 e-flex e-con-boxed e-con e-parent\" data-id=\"3a09d88\" data-element_type=\"container\">\n\t\t\t\t\t<div class=\"e-con-inner\">\n\t\t<div class=\"elementor-element elementor-element-79a1c613 e-con-full e-flex e-con e-child\" data-id=\"79a1c613\" data-element_type=\"container\">\n\t\t\t\t<div class=\"elementor-element elementor-element-e145a72 elementor-widget elementor-widget-image\" data-id=\"e145a72\" data-element_type=\"widget\" data-widget_type=\"image.default\">\n\t\t\t\t\t\t\t\t\t\t\t\t\t\t\t<img fetchpriority=\"high\" decoding=\"async\" width=\"440\" height=\"115\" src=\"https:\/\/www.kanzlei-ferreira.de\/wp-content\/uploads\/2026\/02\/webakte.png\" class=\"attachment-full size-full wp-image-739\" alt=\"\" srcset=\"https:\/\/www.kanzlei-ferreira.de\/wp-content\/uploads\/2026\/02\/webakte.png 440w, https:\/\/www.kanzlei-ferreira.de\/wp-content\/uploads\/2026\/02\/webakte-300x78.png 300w, https:\/\/www.kanzlei-ferreira.de\/wp-content\/uploads\/2026\/02\/webakte-18x5.png 18w\" sizes=\"(max-width: 440px) 100vw, 440px\" \/>\t\t\t\t\t\t\t\t\t\t\t\t\t\t\t<\/div>\n\t\t\t\t<\/div>\n\t\t<div class=\"elementor-element elementor-element-370c896d e-con-full e-flex e-con e-child\" data-id=\"370c896d\" data-element_type=\"container\">\n\t\t\t\t<div class=\"elementor-element elementor-element-90c7cce elementor-widget elementor-widget-text-editor\" data-id=\"90c7cce\" data-element_type=\"widget\" data-widget_type=\"text-editor.default\">\n\t\t\t\t\t\t\t\t\t<p data-start=\"150\" data-end=\"203\"><br \/><strong data-start=\"150\" data-end=\"203\">Aktenausz\u00fcge f\u00fcr Versicherungen und Rechtsanw\u00e4lte<\/strong><\/p><p data-start=\"205\" data-end=\"456\">Die Rechtsanwaltskanzlei Michaela Ferreira ist auf die Erstellung von Aktenausz\u00fcgen in Bu\u00dfgeld- und Strafverfahren spezialisiert. Unser Leistungsangebot richtet sich gezielt nach den Anforderungen von Versicherungen.<\/p><p>Nach Auftragserteilung stellen wir den Antrag auf Akteneinsicht umgehend. Vorab kl\u00e4ren wir in der Regel den aktuellen Verfahrensstand sowie die zust\u00e4ndige Beh\u00f6rde telefonisch ab, um die Auftragsabwicklung zu beschleunigen.<\/p><p>Wir garantieren eine fachlich kompetente, z\u00fcgige und sichere Bearbeitung Ihres Auftrages.<\/p>\t\t\t\t\t\t\t\t<\/div>\n\t\t\t\t<\/div>\n\t\t\t\t\t<\/div>\n\t\t\t\t<\/div>\n\t\t<div class=\"elementor-element elementor-element-2a232f71 e-flex e-con-boxed e-con e-parent\" data-id=\"2a232f71\" data-element_type=\"container\" data-settings=\"{&quot;background_background&quot;:&quot;classic&quot;}\">\n\t\t\t\t\t<div class=\"e-con-inner\">\n\t\t\t\t<div class=\"elementor-element elementor-element-5bbeb97a elementor-widget-mobile__width-inherit elementor-widget__width-initial elementor-widget elementor-widget-image\" data-id=\"5bbeb97a\" data-element_type=\"widget\" data-settings=\"{&quot;motion_fx_motion_fx_scrolling&quot;:&quot;yes&quot;,&quot;motion_fx_translateY_effect&quot;:&quot;yes&quot;,&quot;motion_fx_translateY_direction&quot;:&quot;negative&quot;,&quot;motion_fx_translateY_affectedRange&quot;:{&quot;unit&quot;:&quot;%&quot;,&quot;size&quot;:&quot;&quot;,&quot;sizes&quot;:{&quot;start&quot;:50,&quot;end&quot;:100}},&quot;motion_fx_devices&quot;:[&quot;desktop&quot;,&quot;tablet&quot;],&quot;motion_fx_translateY_speed&quot;:{&quot;unit&quot;:&quot;px&quot;,&quot;size&quot;:4,&quot;sizes&quot;:[]}}\" data-widget_type=\"image.default\">\n\t\t\t\t\t\t\t\t\t\t\t\t\t\t\t<img decoding=\"async\" width=\"1024\" height=\"1536\" src=\"https:\/\/www.kanzlei-ferreira.de\/wp-content\/uploads\/2026\/02\/8.-Feb.-2026-12_13_04.png\" class=\"attachment-full size-full wp-image-691\" alt=\"\" srcset=\"https:\/\/www.kanzlei-ferreira.de\/wp-content\/uploads\/2026\/02\/8.-Feb.-2026-12_13_04.png 1024w, https:\/\/www.kanzlei-ferreira.de\/wp-content\/uploads\/2026\/02\/8.-Feb.-2026-12_13_04-200x300.png 200w, https:\/\/www.kanzlei-ferreira.de\/wp-content\/uploads\/2026\/02\/8.-Feb.-2026-12_13_04-683x1024.png 683w, https:\/\/www.kanzlei-ferreira.de\/wp-content\/uploads\/2026\/02\/8.-Feb.-2026-12_13_04-768x1152.png 768w, https:\/\/www.kanzlei-ferreira.de\/wp-content\/uploads\/2026\/02\/8.-Feb.-2026-12_13_04-8x12.png 8w\" sizes=\"(max-width: 1024px) 100vw, 1024px\" \/>\t\t\t\t\t\t\t\t\t\t\t\t\t\t\t<\/div>\n\t\t<div class=\"elementor-element elementor-element-1ada8da e-con-full e-flex e-con e-child\" data-id=\"1ada8da\" data-element_type=\"container\">\n\t\t\t\t<div class=\"elementor-element elementor-element-14a5fe34 elementor-widget elementor-widget-heading\" data-id=\"14a5fe34\" data-element_type=\"widget\" data-widget_type=\"heading.default\">\n\t\t\t\t\t<h3 class=\"elementor-heading-title elementor-size-default\">Akteneinsicht<\/h3>\t\t\t\t<\/div>\n\t\t\t\t<div class=\"elementor-element elementor-element-586ec18f elementor-widget__width-auto e-transform elementor-widget-divider--view-line elementor-invisible elementor-widget elementor-widget-divider\" data-id=\"586ec18f\" data-element_type=\"widget\" data-settings=\"{&quot;_transform_rotateZ_effect&quot;:{&quot;unit&quot;:&quot;px&quot;,&quot;size&quot;:90,&quot;sizes&quot;:[]},&quot;_animation&quot;:&quot;fadeInUp&quot;,&quot;_transform_rotateZ_effect_tablet&quot;:{&quot;unit&quot;:&quot;deg&quot;,&quot;size&quot;:&quot;&quot;,&quot;sizes&quot;:[]},&quot;_transform_rotateZ_effect_mobile&quot;:{&quot;unit&quot;:&quot;deg&quot;,&quot;size&quot;:&quot;&quot;,&quot;sizes&quot;:[]}}\" data-widget_type=\"divider.default\">\n\t\t\t\t\t\t\t<div class=\"elementor-divider\">\n\t\t\t<span class=\"elementor-divider-separator\">\n\t\t\t\t\t\t<\/span>\n\t\t<\/div>\n\t\t\t\t\t\t<\/div>\n\t\t\t\t<div class=\"elementor-element elementor-element-743940e7 elementor-widget elementor-widget-text-editor\" data-id=\"743940e7\" data-element_type=\"widget\" data-widget_type=\"text-editor.default\">\n\t\t\t\t\t\t\t\t\t<p data-start=\"152\" data-end=\"482\">Seit \u00fcber 20 Jahren bin ich, Rechtsanw\u00e4ltin Michaela Ferreira, auf Akteneinsichten in Bu\u00dfgeld- und Strafverfahren spezialisiert.<br \/>In der Kanzlei Ferreira bearbeitet das Team, das mit der Beschaffung von Ermittlungsakten betraut ist, t\u00e4glich \u00fcber 100 Akten unter der Aufsicht der Projektleitung. Dabei verf\u00fcgen wir \u00fcber langj\u00e4hrige, praxisnahe Expertise im Umgang mit Aktenauskunftsgesuchen gegen\u00fcber Polizeibeh\u00f6rden, Gerichten, Staatsanwaltschaften und weiteren Justizbeh\u00f6rden.<\/p><p data-start=\"152\" data-end=\"482\">Dieses Know-how stellen wir insbesondere Versicherungsunternehmen zur Verf\u00fcgung \u2013 auch bei zeitkritischen Einzelf\u00e4llen oder komplexen Sachverhalten mit Auslandsbezug. Zu unseren Auftraggebern z\u00e4hlen namhafte Versicherungsgruppen, Zweigniederlassungen sowie Versicherungsdienstleister im In- und Ausland.<\/p><p data-start=\"152\" data-end=\"482\">Die digitale \u00dcbermittlung der Akten erfolgt sicher und DSGVO-konform \u00fcber die WebAkte von e.Consult.<br \/>Als erfahrener und verl\u00e4sslicher Partner unterst\u00fctzen wir Versicherungen effizient, rechtssicher und termingerecht bei der Beschaffung von Ermittlungsakten<\/p>\t\t\t\t\t\t\t\t<\/div>\n\t\t\t\t<div class=\"elementor-element elementor-element-6bba31cb elementor-widget__width-auto e-transform elementor-widget-divider--view-line elementor-invisible elementor-widget elementor-widget-divider\" data-id=\"6bba31cb\" data-element_type=\"widget\" data-settings=\"{&quot;_transform_rotateZ_effect&quot;:{&quot;unit&quot;:&quot;px&quot;,&quot;size&quot;:90,&quot;sizes&quot;:[]},&quot;_animation&quot;:&quot;fadeInUp&quot;,&quot;_transform_rotateZ_effect_tablet&quot;:{&quot;unit&quot;:&quot;deg&quot;,&quot;size&quot;:&quot;&quot;,&quot;sizes&quot;:[]},&quot;_transform_rotateZ_effect_mobile&quot;:{&quot;unit&quot;:&quot;deg&quot;,&quot;size&quot;:&quot;&quot;,&quot;sizes&quot;:[]}}\" data-widget_type=\"divider.default\">\n\t\t\t\t\t\t\t<div class=\"elementor-divider\">\n\t\t\t<span class=\"elementor-divider-separator\">\n\t\t\t\t\t\t<\/span>\n\t\t<\/div>\n\t\t\t\t\t\t<\/div>\n\t\t\t\t<div class=\"elementor-element elementor-element-21104879 elementor-widget elementor-widget-text-editor\" data-id=\"21104879\" data-element_type=\"widget\" data-widget_type=\"text-editor.default\">\n\t\t\t\t\t\t\t\t\t<p><strong>Zusammenarbeit<\/strong><\/p><ul><li><strong>Versicherer<\/strong> | Axa Versicherung AG u.a.<\/li><li><strong>Rechtsanw\u00e4lte<\/strong> | Beauftragung deutschlandweit<\/li><li><strong>International<\/strong> | Beauftragung im EU-Ausland<\/li><\/ul>\t\t\t\t\t\t\t\t<\/div>\n\t\t\t\t<\/div>\n\t\t\t\t\t<\/div>\n\t\t\t\t<\/div>\n\t\t\t\t<\/div>\n\t\t","protected":false},"excerpt":{"rendered":"<p>Wir ersparen Ihnen Zeit Digitale Akte \u201eAkteneinsicht. Schnell. Sicher. Rechtssicher\u201c Aktenausz\u00fcge f\u00fcr Versicherungen und Rechtsanw\u00e4lte Die Rechtsanwaltskanzlei Michaela Ferreira ist auf die Erstellung von Aktenausz\u00fcgen in Bu\u00dfgeld- und Strafverfahren spezialisiert. Unser Leistungsangebot richtet sich gezielt nach den Anforderungen von Versicherungen. Nach Auftragserteilung stellen wir den Antrag auf Akteneinsicht umgehend. Vorab kl\u00e4ren wir in der Regel [&hellip;]<\/p>\n","protected":false},"author":1,"featured_media":44,"parent":0,"menu_order":0,"comment_status":"closed","ping_status":"closed","template":"elementor_header_footer","meta":{"footnotes":""},"class_list":["post-659","page","type-page","status-publish","has-post-thumbnail","hentry"],"_links":{"self":[{"href":"https:\/\/www.kanzlei-ferreira.de\/pt\/wp-json\/wp\/v2\/pages\/659","targetHints":{"allow":["GET"]}}],"collection":[{"href":"https:\/\/www.kanzlei-ferreira.de\/pt\/wp-json\/wp\/v2\/pages"}],"about":[{"href":"https:\/\/www.kanzlei-ferreira.de\/pt\/wp-json\/wp\/v2\/types\/page"}],"author":[{"embeddable":true,"href":"https:\/\/www.kanzlei-ferreira.de\/pt\/wp-json\/wp\/v2\/users\/1"}],"replies":[{"embeddable":true,"href":"https:\/\/www.kanzlei-ferreira.de\/pt\/wp-json\/wp\/v2\/comments?post=659"}],"version-history":[{"count":10,"href":"https:\/\/www.kanzlei-ferreira.de\/pt\/wp-json\/wp\/v2\/pages\/659\/revisions"}],"predecessor-version":[{"id":749,"href":"https:\/\/www.kanzlei-ferreira.de\/pt\/wp-json\/wp\/v2\/pages\/659\/revisions\/749"}],"wp:featuredmedia":[{"embeddable":true,"href":"https:\/\/www.kanzlei-ferreira.de\/pt\/wp-json\/wp\/v2\/media\/44"}],"wp:attachment":[{"href":"https:\/\/www.kanzlei-ferreira.de\/pt\/wp-json\/wp\/v2\/media?parent=659"}],"curies":[{"name":"wp","href":"https:\/\/api.w.org\/{rel}","templated":true}]}}